{"id":32061,"date":"2023-04-08T16:53:29","date_gmt":"2023-04-08T19:53:29","guid":{"rendered":"https:\/\/fadeu.urantiacos.cl\/lo-contador\/pastoral-care\/"},"modified":"2026-04-10T03:43:33","modified_gmt":"2026-04-10T06:43:33","slug":"pastoral-care","status":"publish","type":"page","link":"https:\/\/fadeu.urantiacos.cl\/en\/lo-contador\/pastoral-care\/","title":{"rendered":"Pastoral Care"},"content":{"rendered":"\n<h2 class=\"wp-block-heading mb-40 h3\">Lo Contador Pastoral<\/h2>\n<div class=\"uc-image-quote image-left mb-80\">\r\n  <div class=\"row align-items-center\">\r\n    <div class=\"col-md-6 order-first\">\r\n      <div class=\"uc-image-quote_image\">\r\n        <img decoding=\"async\" src=\"https:\/\/fadeu.urantiacos.cl\/wp-content\/uploads\/2023\/08\/pastoral-uc_2323.png\" alt=\"\" \/>\r\n      <\/div>\r\n    <\/div>\r\n    <div class=\"col-md-6\">\r\n      <div class=\"uc-card\">\r\n        <div class=\"uc-card_body--lg\">\r\n          <h2 class=\"uc-quote mb-16\">\r\n            Pastoral UC\r\n          <\/h2>\r\n          <p class=\"no-margin\">\r\n            La Pastoral de la Pontificia Universidad Cat\u00f3lica de Chile busca concretar la misi\u00f3n de la Iglesia en la universidad, a trav\u00e9s de diversas actividades, encuentros, proyectos y servicios, dando vida a una iglesia discipular y en salida.  \r\n          <\/p>\r\n        <\/div>\r\n      <\/div>\r\n    <\/div>\r\n  <\/div>\r\n<\/div>\n<p>Its objective is to serve the units and departments of UC, so that its members can develop spiritually and have spaces for prayer, fostering communal and sacramental life, as well as celebrating liturgical seasons and developing projects that engage with culture, generating community and spaces for encounter. In this way, it seeks to accompany members of the community through faith and promote solidarity actions both within and outside UC, thus establishing itself as a central part of the university.<\/p>\n\n<p class=\"mb-40\">UC Pastoral presupposes the leading role of the laity for its development and requires the close accompaniment of consecrated individuals who, in addition to celebrating the sacraments\u2014when they are priests\u2014guide the path of other members of the university community, giving life to a discipleship-oriented and outward-looking church.<\/p>\n\n<h3 class=\"wp-block-heading h4 mb-16\">Lo Contador Pastoral<\/h3>\n\n<p>The Lo Contador Pastoral is made up of a group of people that brings together academics, staff, professionals, and students from both programs on campus into a single body. With excellent teamwork and the goal of bringing Christ to every corner of the Campus, it develops projects and proposes topics for reflection.<\/p>\n\n<p class=\"mb-60\">In recent years, the emphasis of the Lo Contador Pastoral has primarily been placed on three areas: communal life, liturgical life, and its social dimension.<\/p>\n<div class=\"row\">\r\n    <div class=\"col-md-4 mb-32\">\r\n        <div class=\"uc-card card-height--same  card-border--top \">\r\n            <div class=\"uc-card_body\">\r\n                <p style=\"text-align: center;\"><img decoding=\"async\" class=\"alignnone size-full wp-image-851\" src=\"https:\/\/fadeu.urantiacos.cl\/wp-content\/uploads\/2023\/05\/Vida-comunitaria.png\" alt=\"Vida comunitaria\" width=\"73\" height=\"73\" \/><\/p>\n<h4 style=\"text-align: center;\">Vida comunitaria<br \/><strong><br \/><\/strong><\/h4>\n<p style=\"text-align: center;\">Se ha formado una comunidad de estudiantes que encuentran en la Pastoral un hogar con Cristo en el centro, un lugar para vivir la amistad y el encuentro, as\u00ed como para recibir formaci\u00f3n en la fe que les permita enfrentarse a los desaf\u00edos que, como estudiantes y futuros profesionales, deber\u00e1n enfrentar. En esta comunidad se comparten distintos carismas y perspectivas, y entre todos se hacen cardo de llevar a cabo diferentes proyectos e iniciativas apost\u00f3licas que puedan hacer vida el Evangelio en medio del campus.<\/p>\r\n            <\/div>\r\n        <\/div>\r\n    <\/div>\r\n    <div class=\"col-md-4 mb-32\">\r\n        <div class=\"uc-card card-height--same  card-border--top \">\r\n            <div class=\"uc-card_body\">\r\n                <p style=\"text-align: center;\"><img decoding=\"async\" class=\"alignnone size-full wp-image-858\" src=\"https:\/\/fadeu.urantiacos.cl\/wp-content\/uploads\/2023\/05\/Vida-liturgica.png\" alt=\"Vida lit\u00fargica\" width=\"63\" height=\"63\" \/><\/p>\n<h4 style=\"text-align: center;\">Vida lit\u00fargica<br \/><strong><br \/><\/strong><\/h4>\n<p style=\"text-align: center;\">La Eucarist\u00eda es un lugar privilegiado de encuentro y el centro del quehacer de la Pastoral de Lo Contador, ya que gran parte de las actividades comunitarias y de formaci\u00f3n se realizan inmediatamente despu\u00e9s de la eucarist\u00eda de las 13:00 hrs.<\/p>\n<p style=\"text-align: center;\">Tambi\u00e9n se ha generado un espacio promovido por Coros Pastoral, en el que se invita a los estudiantes a poner sus dones al servicio de los dem\u00e1s a trav\u00e9s del canto durante las misas, rosarios, adoraciones cantadas, entre otros.<\/p>\r\n            <\/div>\r\n        <\/div>\r\n    <\/div>\r\n    <div class=\"col-md-4 mb-32\">\r\n        <div class=\"uc-card card-height--same  card-border--top \">\r\n            <div class=\"uc-card_body\">\r\n                <p style=\"text-align: center;\"><img decoding=\"async\" class=\"alignnone size-full wp-image-859\" src=\"https:\/\/fadeu.urantiacos.cl\/wp-content\/uploads\/2023\/05\/san-jose.png\" alt=\"San Jos\u00e9 I 19 marzo\" width=\"70\" height=\"54\" \/><\/p>\n<h4 style=\"text-align: center;\">Dimensi\u00f3n social<br \/><strong><br \/><\/strong><\/h4>\n<p style=\"text-align: center;\">A trav\u00e9s de distintas iniciativas la Pastoral de Lo Contador ha buscado servir en iniciativas sociales en las que puedan aplicar los conocimientos de las carreras de dise\u00f1o y arquitectura, a trav\u00e9s de los Trabajos San Jos\u00e9, operaciones novatas y participando en intervenciones en capillas o lugares necesitados, donde los estudiantes acuden durante un fin de semana a prestar sus servicios y acompa\u00f1ar a las comunidades.<\/p>\r\n            <\/div>\r\n        <\/div>\r\n    <\/div>\r\n<\/div>\n<p><strong>Patron Saint of the Faculty: Saint Joseph | March 19<\/strong><\/p>\n\n<p class=\"mb-40\">A carpenter and husband of Mary, he was declared the patron saint of the universal Church. He lovingly cared for the Virgin and devoted himself with joyful effort to the education of Jesus Christ, whom he served and protected exemplarily.<\/p>\n\n<h3 class=\"wp-block-heading mb-8\">Mass Schedule<\/h3>\n\n<p class=\"mb-32\">Tuesday to Friday at 1:00 PM<\/p>\n\n<h3 class=\"wp-block-heading mb-8\">Confessions<\/h3>\n\n<p>Tuesday and Friday from 12:00 PM to 12:45 PM and after Mass.<\/p>\n\n<h3 class=\"wp-block-heading mb-8\">Location<\/h3>\n\n<p class=\"mb-32\">Lo Contador Campus Mansion, Office 19 (wooden patio)<br\/><\/p>\n\n<h3 class=\"wp-block-heading mb-8\"><strong>Social media:<\/strong><\/h3>\n\n<p class=\"mb-24\">Instagram: @pastoral_lc<\/p>\n\n<p><\/p>\n\n<h3 class=\"wp-block-heading mb-32\">Contact<\/h3>\nNo se encontraron personas para este tipo de Area.","protected":false},"excerpt":{"rendered":"<p>Lo Contador Pastoral Its objective is to serve the units and departments of UC, so that its members can develop spiritually and have spaces for prayer, fostering communal and sacramental life, as well as celebrating liturgical seasons and developing projects that engage with culture, generating community and spaces for encounter. In this way, it seeks [&hellip;]<\/p>\n","protected":false},"author":1,"featured_media":0,"parent":32039,"menu_order":0,"comment_status":"closed","ping_status":"closed","template":"","meta":{"_acf_changed":false,"footnotes":""},"class_list":["post-32061","page","type-page","status-publish","hentry"],"acf":[],"yoast_head":"<!-- This site is optimized with the Yoast SEO plugin v27.1.1 - https:\/\/yoast.com\/product\/yoast-seo-wordpress\/ -->\n<title>Pastoral Care<\/title>\n<meta name=\"description\" content=\"Learn about UC Pastoral, which seeks to fulfill the Church&#039;s mission at the university through various activities.\" \/>\n<meta name=\"robots\" content=\"index, follow, max-snippet:-1, max-image-preview:large, max-video-preview:-1\" \/>\n<link rel=\"canonical\" href=\"https:\/\/fadeu.urantiacos.cl\/en\/lo-contador\/pastoral-care\/\" \/>\n<meta property=\"og:locale\" content=\"en_US\" \/>\n<meta property=\"og:type\" content=\"article\" \/>\n<meta property=\"og:title\" content=\"Pastoral Care\" \/>\n<meta property=\"og:description\" content=\"Learn about UC Pastoral, which seeks to fulfill the Church&#039;s mission at the university through various activities.\" \/>\n<meta property=\"og:url\" content=\"https:\/\/fadeu.urantiacos.cl\/en\/lo-contador\/pastoral-care\/\" \/>\n<meta property=\"og:site_name\" content=\"Facultad de Arquitectura, Dise\u00f1o y Estudios Urbanos\" \/>\n<meta property=\"article:modified_time\" content=\"2026-04-10T06:43:33+00:00\" \/>\n<meta name=\"twitter:card\" content=\"summary_large_image\" \/>\n<meta name=\"twitter:label1\" content=\"Est. reading time\" \/>\n\t<meta name=\"twitter:data1\" content=\"1 minute\" \/>\n<script type=\"application\/ld+json\" class=\"yoast-schema-graph\">{\"@context\":\"https:\/\/schema.org\",\"@graph\":[{\"@type\":\"WebPage\",\"@id\":\"https:\/\/fadeu.urantiacos.cl\/en\/lo-contador\/pastoral-care\/\",\"url\":\"https:\/\/fadeu.urantiacos.cl\/en\/lo-contador\/pastoral-care\/\",\"name\":\"Pastoral Care\",\"isPartOf\":{\"@id\":\"https:\/\/fadeu.urantiacos.cl\/en\/#website\"},\"datePublished\":\"2023-04-08T19:53:29+00:00\",\"dateModified\":\"2026-04-10T06:43:33+00:00\",\"description\":\"Learn about UC Pastoral, which seeks to fulfill the Church's mission at the university through various activities.\",\"breadcrumb\":{\"@id\":\"https:\/\/fadeu.urantiacos.cl\/en\/lo-contador\/pastoral-care\/#breadcrumb\"},\"inLanguage\":\"en-US\",\"potentialAction\":[{\"@type\":\"ReadAction\",\"target\":[\"https:\/\/fadeu.urantiacos.cl\/en\/lo-contador\/pastoral-care\/\"]}]},{\"@type\":\"BreadcrumbList\",\"@id\":\"https:\/\/fadeu.urantiacos.cl\/en\/lo-contador\/pastoral-care\/#breadcrumb\",\"itemListElement\":[{\"@type\":\"ListItem\",\"position\":1,\"name\":\"Portada\",\"item\":\"https:\/\/fadeu.urantiacos.cl\/en\/home\/\"},{\"@type\":\"ListItem\",\"position\":2,\"name\":\"Lo Contador\",\"item\":\"https:\/\/fadeu.urantiacos.cl\/en\/lo-contador\/\"},{\"@type\":\"ListItem\",\"position\":3,\"name\":\"Pastoral Care\"}]},{\"@type\":\"WebSite\",\"@id\":\"https:\/\/fadeu.urantiacos.cl\/en\/#website\",\"url\":\"https:\/\/fadeu.urantiacos.cl\/en\/\",\"name\":\"Facultad de Arquitectura, Dise\u00f1o y Estudios Urbanos\",\"description\":\"Campus Lo Contador\",\"potentialAction\":[{\"@type\":\"SearchAction\",\"target\":{\"@type\":\"EntryPoint\",\"urlTemplate\":\"https:\/\/fadeu.urantiacos.cl\/en\/?s={search_term_string}\"},\"query-input\":{\"@type\":\"PropertyValueSpecification\",\"valueRequired\":true,\"valueName\":\"search_term_string\"}}],\"inLanguage\":\"en-US\"}]}<\/script>\n<!-- \/ Yoast SEO plugin. -->","yoast_head_json":{"title":"Pastoral Care","description":"Learn about UC Pastoral, which seeks to fulfill the Church's mission at the university through various activities.","robots":{"index":"index","follow":"follow","max-snippet":"max-snippet:-1","max-image-preview":"max-image-preview:large","max-video-preview":"max-video-preview:-1"},"canonical":"https:\/\/fadeu.urantiacos.cl\/en\/lo-contador\/pastoral-care\/","og_locale":"en_US","og_type":"article","og_title":"Pastoral Care","og_description":"Learn about UC Pastoral, which seeks to fulfill the Church's mission at the university through various activities.","og_url":"https:\/\/fadeu.urantiacos.cl\/en\/lo-contador\/pastoral-care\/","og_site_name":"Facultad de Arquitectura, Dise\u00f1o y Estudios Urbanos","article_modified_time":"2026-04-10T06:43:33+00:00","twitter_card":"summary_large_image","twitter_misc":{"Est. reading time":"1 minute"},"schema":{"@context":"https:\/\/schema.org","@graph":[{"@type":"WebPage","@id":"https:\/\/fadeu.urantiacos.cl\/en\/lo-contador\/pastoral-care\/","url":"https:\/\/fadeu.urantiacos.cl\/en\/lo-contador\/pastoral-care\/","name":"Pastoral Care","isPartOf":{"@id":"https:\/\/fadeu.urantiacos.cl\/en\/#website"},"datePublished":"2023-04-08T19:53:29+00:00","dateModified":"2026-04-10T06:43:33+00:00","description":"Learn about UC Pastoral, which seeks to fulfill the Church's mission at the university through various activities.","breadcrumb":{"@id":"https:\/\/fadeu.urantiacos.cl\/en\/lo-contador\/pastoral-care\/#breadcrumb"},"inLanguage":"en-US","potentialAction":[{"@type":"ReadAction","target":["https:\/\/fadeu.urantiacos.cl\/en\/lo-contador\/pastoral-care\/"]}]},{"@type":"BreadcrumbList","@id":"https:\/\/fadeu.urantiacos.cl\/en\/lo-contador\/pastoral-care\/#breadcrumb","itemListElement":[{"@type":"ListItem","position":1,"name":"Portada","item":"https:\/\/fadeu.urantiacos.cl\/en\/home\/"},{"@type":"ListItem","position":2,"name":"Lo Contador","item":"https:\/\/fadeu.urantiacos.cl\/en\/lo-contador\/"},{"@type":"ListItem","position":3,"name":"Pastoral Care"}]},{"@type":"WebSite","@id":"https:\/\/fadeu.urantiacos.cl\/en\/#website","url":"https:\/\/fadeu.urantiacos.cl\/en\/","name":"Facultad de Arquitectura, Dise\u00f1o y Estudios Urbanos","description":"Campus Lo Contador","potentialAction":[{"@type":"SearchAction","target":{"@type":"EntryPoint","urlTemplate":"https:\/\/fadeu.urantiacos.cl\/en\/?s={search_term_string}"},"query-input":{"@type":"PropertyValueSpecification","valueRequired":true,"valueName":"search_term_string"}}],"inLanguage":"en-US"}]}},"_links":{"self":[{"href":"https:\/\/fadeu.urantiacos.cl\/en\/wp-json\/wp\/v2\/pages\/32061","targetHints":{"allow":["GET"]}}],"collection":[{"href":"https:\/\/fadeu.urantiacos.cl\/en\/wp-json\/wp\/v2\/pages"}],"about":[{"href":"https:\/\/fadeu.urantiacos.cl\/en\/wp-json\/wp\/v2\/types\/page"}],"author":[{"embeddable":true,"href":"https:\/\/fadeu.urantiacos.cl\/en\/wp-json\/wp\/v2\/users\/1"}],"replies":[{"embeddable":true,"href":"https:\/\/fadeu.urantiacos.cl\/en\/wp-json\/wp\/v2\/comments?post=32061"}],"version-history":[{"count":2,"href":"https:\/\/fadeu.urantiacos.cl\/en\/wp-json\/wp\/v2\/pages\/32061\/revisions"}],"predecessor-version":[{"id":32075,"href":"https:\/\/fadeu.urantiacos.cl\/en\/wp-json\/wp\/v2\/pages\/32061\/revisions\/32075"}],"up":[{"embeddable":true,"href":"https:\/\/fadeu.urantiacos.cl\/en\/wp-json\/wp\/v2\/pages\/32039"}],"wp:attachment":[{"href":"https:\/\/fadeu.urantiacos.cl\/en\/wp-json\/wp\/v2\/media?parent=32061"}],"curies":[{"name":"wp","href":"https:\/\/api.w.org\/{rel}","templated":true}]}}