{"id":32054,"date":"2023-04-08T16:43:23","date_gmt":"2023-04-08T19:43:23","guid":{"rendered":"https:\/\/fadeu.urantiacos.cl\/faculty\/academic-secretariat\/"},"modified":"2026-04-10T03:43:23","modified_gmt":"2026-04-10T06:43:23","slug":"academic-secretariat","status":"publish","type":"page","link":"https:\/\/fadeu.urantiacos.cl\/en\/faculty\/academic-secretariat\/","title":{"rendered":"Academic Secretariat"},"content":{"rendered":"\n<p>The role of the Academic Secretariat is to institutionalize FADEU at the level of the Faculty and its academic units, in accordance with the current Strategic Plan and the University&#8217;s regulatory and legal framework. It is headed by the Academic Secretary, the Faculty&#8217;s sole authority as defined by its Statutes (Rectoral Decree No. 171\/2013). The position must be held by a professor in the Faculty&#8217;s ordinary category, and the appointment is made by the Rector upon the Dean&#8217;s proposal and with the agreement of the Faculty Council.  <\/p>\n\n<p class=\"mb-44\"><\/p>\nNo se encontraron personas para este tipo de Area.\n<h3 class=\"wp-block-heading mb-24\">Functions of the Academic Secretary (Art. 19 of the Faculty Statutes):<\/h3>\n\n<ol class=\"wp-block-list\">\n<li>Act as a Certifying Officer in matters related to the Faculty and its Units, and ensure compliance with the University&#8217;s norms, Statutes, and Regulations within the Faculty;<\/li>\n\n\n\n<li>Maintain the minutes and the Faculty archives;<\/li>\n\n\n\n<li>Act as Secretary of the Faculty Council, with the right to speak but not to vote;<\/li>\n\n\n\n<li>Certify relevant facts in accordance with the regulations issued by the University&#8217;s General Secretariat;<\/li>\n\n\n\n<li>Act as Secretary of the Search Committee for Dean candidates, with the right to speak but not to vote, and as Secretary of the Search Committees for Directors of the Faculty&#8217;s Academic Units, with the right to speak but not to vote;<\/li>\n\n\n\n<li>Supervise all appointments generated within the Faculty; and<\/li>\n\n\n\n<li>Supervise and certify all electoral acts carried out within the Faculty.<\/li>\n<\/ol>\n\n<h2 class=\"wp-block-heading uc-title my-60\">Relevant norms and regulations<\/h2>\n\n<p>Listed below are some general University norms and regulations relevant to the FADEU academic community. Complete information on all internal University regulations can be found on the <a href=\"https:\/\/secretariageneral.uc.cl\/\">General Secretariat<\/a> website. <\/p>\n\r\n\r\n  <a href=\"https:\/\/fadeu.urantiacos.cl\/wp-content\/uploads\/2023\/08\/Declaracion-de-principios-UC.pdf\" target=\"_blank\" class=\"mt-16 uc-btn btn-primary\">\r\n      Declaraci\u00f3n de principios de la Universidad\r\n      <i class=\"uc-icon\">file_download<\/i>\r\n  <\/a>\r\n  <a href=\"https:\/\/fadeu.urantiacos.cl\/wp-content\/uploads\/2023\/08\/Estatutos-Generales-UC.pdf\" target=\"_blank\" class=\"mt-16 uc-btn btn-primary\">\r\n      Estatutos generales de la Universidad (D.R. N\u00b0339\/2021)\r\n      <i class=\"uc-icon\">file_download<\/i>\r\n  <\/a>\r\n  <a href=\"https:\/\/fadeu.urantiacos.cl\/wp-content\/uploads\/2023\/08\/Codigo-de-Honor-UC.pdf\" target=\"_blank\" class=\"mt-16 uc-btn btn-primary\">\r\n      C\u00f3digo de honor de la Universidad (D.R.N\u00b0221\/2018)\r\n      <i class=\"uc-icon\">file_download<\/i>\r\n  <\/a>\r\n  <a href=\"https:\/\/fadeu.urantiacos.cl\/wp-content\/uploads\/2023\/08\/Reglamento-del-Academico-UC.pdf\" target=\"_blank\" class=\"mt-16 uc-btn btn-primary\">\r\n      Reglamento del Acad\u00e9mico (D.R. N\u00b0337\/2021)\r\n      <i class=\"uc-icon\">file_download<\/i>\r\n  <\/a>\r\n  <a href=\"https:\/\/fadeu.urantiacos.cl\/wp-content\/uploads\/2023\/08\/Reglamento-responsabilidad-academica-y-disciplinaria.pdf\" target=\"_blank\" class=\"mt-16 uc-btn btn-primary\">\r\n      Reglamento sobre responsabilidad acad\u00e9mica y disciplinaria (D.R. N\u00b0201\/2021)\r\n      <i class=\"uc-icon\">file_download<\/i>\r\n  <\/a>\r\n  <a href=\"https:\/\/fadeu.urantiacos.cl\/wp-content\/uploads\/2023\/08\/Reglamento-periodos-sabaticos-y-otras-ausencias-academicos.pdf\" target=\"_blank\" class=\"mt-16 uc-btn btn-primary\">\r\n      Reglamento sobre per\u00edodos sab\u00e1ticos y otras ausencias temporales acad\u00e9micos (D.R. N\u00b0273\/2013)\r\n      <i class=\"uc-icon\">file_download<\/i>\r\n  <\/a>\r\n  <a href=\"https:\/\/fadeu.urantiacos.cl\/wp-content\/uploads\/2023\/08\/Reglamento-violencia-sexual-violencia-y-discriminacion-de-genero.pdf\" target=\"_blank\" class=\"mt-16 uc-btn btn-primary\">\r\n      Reglamento sobre violencia sexual, violencia y discriminaci\u00f3n de g\u00e9nero en contexto universitario (D.R. N\u00b0294\/2022)\r\n      <i class=\"uc-icon\">file_download<\/i>\r\n  <\/a>\r\n  <a href=\"https:\/\/fadeu.urantiacos.cl\/wp-content\/uploads\/2023\/08\/Reglamento-propiedad-intelectual.pdf\" target=\"_blank\" class=\"mt-16 uc-btn btn-primary\">\r\n      Reglamento sobre propiedad intelectual de la Universidad (D.R. N\u00b0187\/2020)\r\n      <i class=\"uc-icon\">file_download<\/i>\r\n  <\/a>\r\n\r\n\n<p><\/p>\n\n<p>At the FADEU level, the following are some relevant regulations for the Faculty and its academic units:<\/p>\n\r\n  <a href=\"https:\/\/fadeu.urantiacos.cl\/wp-content\/uploads\/2024\/09\/DR318.2024-Aprueba-nuevas-Normas-Particular-y-Complementarias-al-Reglamento-del-Acadei\u0300mico-de-la-Fac.-de-Arquitectura-DisenTHo-y-EU-1.pdf\" target=\"_blank\" class=\"mt-16 uc-btn btn-primary\">\r\n      Normas complementarias para la selecci\u00f3n, categorizaci\u00f3n y calificaci\u00f3n de los acad\u00e9micos de la FADEU (D.R. N\u00b0318\/2024)\r\n      <i class=\"uc-icon\">file_download<\/i>\r\n  <\/a>\r\n  <a href=\"https:\/\/fadeu.urantiacos.cl\/wp-content\/uploads\/2025\/04\/estatutos-FADEU-DR-171.2013.pdf\" target=\"_blank\" class=\"mt-16 uc-btn btn-primary\">\r\n      Estatutos Facultad de Arquitectura, Dise\u00f1o y Estudios Urbanos\r\n      <i class=\"uc-icon\">file_download<\/i>\r\n  <\/a>\r\n\r\n  <a href=\"https:\/\/fadeu.urantiacos.cl\/wp-content\/uploads\/2025\/09\/DR-26.2019-Reglamento-IEUT-firmado.pdf\" target=\"_blank\" class=\"mt-16 uc-btn btn-primary\">\r\n      Reglamento Instituto de Estudio Urbanos y Territoriales\r\n      <i class=\"uc-icon\">file_download<\/i>\r\n  <\/a>\r\n  <a href=\"https:\/\/fadeu.urantiacos.cl\/wp-content\/uploads\/2025\/09\/DR-56.2021-Reglamento-EARQ-firmado.pdf\" target=\"_blank\" class=\"mt-16 uc-btn btn-primary\">\r\n      Reglamento Escuela de Arquitectura\r\n      <i class=\"uc-icon\">file_download<\/i>\r\n  <\/a>\r\n\n<h2 class=\"wp-block-heading uc-title mb-24 mt-60\">Faculty Council<\/h2>\n\n<p>The Faculty Council is the primary collegiate authority of FADEU. According to Article 33 of the Faculty Statutes, it is composed of: <\/p>\n\n<ol class=\"wp-block-list mb-60\">\n<li>The Dean, who presides over it;<\/li>\n\n\n\n<li>The Academic Secretary, who convenes and moderates, with the right to speak but not to vote;<\/li>\n\n\n\n<li>The Director of the School of Architecture;<\/li>\n\n\n\n<li>The Director of the School of Design;<\/li>\n\n\n\n<li>The Director of the Institute of Urban and Territorial Studies;<\/li>\n\n\n\n<li>Five representatives of the Faculty&#8217;s academics, elected by vote;<\/li>\n\n\n\n<li>Two undergraduate student representatives (one from the School of Architecture and one from the School of Design), plus one graduate student representative from the Faculty. Invited members include a representative of undergraduate students from the Urban Planning professional degree and a representative from the Doctorate in Architecture and Urban Studies. <br\/><br\/>The Faculty Council meets on the first Wednesday of each month at the Lo Contador Campus. Starting from ordinary session No. 143 on June 1, 2022, an executive version of the minutes will be published, publicly reporting on the topics discussed and the agreements reached. These can be downloaded <a href=\"https:\/\/uccl0-my.sharepoint.com\/:f:\/g\/personal\/avillelac_uc_cl\/EuWJ_pKIq0FEvKyJRO3uY0ABWlLjklOWemm3cw4J4R78rQ?e=zRoR28\">HERE<\/a>  <br\/><br\/>The Faculty Council is currently composed of the following individuals:<\/li>\n<\/ol>\n\n<ol class=\"wp-block-list\">\n<li>Magdalena Vicu\u00f1a, Dean;<\/li>\n\n\n\n<li>Andr\u00e9s Villela, Academic Secretary;<\/li>\n\n\n\n<li>Osvaldo Moreno, Director of the School of Architecture;<\/li>\n\n\n\n<li>Patricia Manns, Director of the School of Design;<\/li>\n\n\n\n<li>Arturo Orellana, Director of the Institute of Urban and Territorial Studies;<\/li>\n\n\n\n<li>Sandra Iturriaga, Professor at the School of Architecture, academic representative<\/li>\n\n\n\n<li>Claudio V\u00e1squez, Professor at the School of Architecture, academic representative<\/li>\n\n\n\n<li>Cristi\u00e1n Izquierdo, Professor at the School of Architecture, academic representative<\/li>\n\n\n\n<li>Camila R\u00edos, Professor at the School of Design, academic representative<\/li>\n\n\n\n<li>Jos\u00e9 Manuel Allard, Professor at the School of Design, academic representative<\/li>\n\n\n\n<li>Monserrat Cabrera, student representative for the School of Architecture;<\/li>\n\n\n\n<li>Camila Mart\u00ednez, student representative for the School of Design;<\/li>\n\n\n\n<li>Rosario Bernstein, graduate student representative for the Faculty;<\/li>\n\n\n\n<li>Carolina Jacob, representative for the Doctorate in Architecture and Urban Studies.<\/li>\n<\/ol>\n\n<h2 class=\"wp-block-heading uc-title mt-60 mb-32\">Executive Committee<\/h2>\n\n<p>The Executive Committee is responsible for coordinating the Faculty&#8217;s various activities, primarily the articulation of its three Academic Units, academic staff, interdisciplinary courses, and common outreach agenda. It includes the Gender Equality and Respectful Treatment Unit and the Faculty&#8217;s Economic and Management Directorate. It has the authority to approve new Continuing Education programs conducted within the Faculty.  <\/p>\n\n<p>The Executive Committee is currently composed of the following individuals:<\/p>\n\n<p>1. Magdalena Vicu\u00f1a, Dean;<\/p>\n\n<p>2. Andr\u00e9s Villela, Academic Secretary;<\/p>\n\n<p>3. Osvaldo Moreno, Director of the School of Architecture;<\/p>\n\n<p>4. Patricia Manns, Director of the School of Design;<\/p>\n\n<p>5. Arturo Orellana, Director of the Institute of Urban and Territorial Studies;<\/p>\n\n<p>7. Marcos Parraguez, Economic and Management Director of the Faculty.<\/p>\n\n<p>Other Faculty directorates may join periodically depending on the agenda of topics to be addressed:<\/p>\n\n<ol start=\"1\" class=\"wp-block-list\">\n<li>Gloria Saravia, Director of Gender Equality and Respectful Treatment<\/li>\n\n\n\n<li>Roc\u00edo Hidalgo, Director of Research and Graduate Studies<\/li>\n\n\n\n<li>Francisco D\u00edaz, Director of Internationalization, Communications, and Outreach<\/li>\n\n\n\n<li>Umberto Bonomo, Director of External Services<\/li>\n<\/ol>\n\n<p><\/p>\n\n<h2 class=\"wp-block-heading uc-title mt-60 mb-32\">Unit Academic Councils<\/h2>\n\n<p><\/p>\n\n<p>The Academic Councils of the School of Architecture, the School of Design, and the Institute of Urban and Territorial Studies are the highest collegiate authorities of the Academic Units. These councils are presided over by the Dean when present, or by the Unit Director, and include a defined number of academics from the ordinary and special tracks elected by their peers, as established in each unit&#8217;s regulations. Elected members serve a two-year term, and one among them assumes the role of Secretary for each council, reporting the minutes to the Faculty&#8217;s Academic Secretariat to be made available to the community at the following link: <a href=\"https:\/\/uccl0-my.sharepoint.com\/personal\/avillelac_uc_cl\/_layouts\/15\/onedrive.aspx?id=%2Fpersonal%2Favillelac%5Fuc%5Fcl%2FDocuments%2FSecretar%C3%ADa%20Acad%C3%A9mica%20%28AV%29%2FActas%20Consejos%20Acad%C3%A9micos&amp;ga=1\">Academic Council Minutes.<\/a>  <\/p>\n\n<p><\/p>\n","protected":false},"excerpt":{"rendered":"<p>The role of the Academic Secretariat is to institutionalize FADEU at the level of the Faculty and its academic units, in accordance with the current Strategic Plan and the University&#8217;s regulatory and legal framework. It is headed by the Academic Secretary, the Faculty&#8217;s sole authority as defined by its Statutes (Rectoral Decree No. 171\/2013). The [&hellip;]<\/p>\n","protected":false},"author":1,"featured_media":0,"parent":32035,"menu_order":0,"comment_status":"closed","ping_status":"closed","template":"","meta":{"_acf_changed":false,"footnotes":""},"class_list":["post-32054","page","type-page","status-publish","hentry"],"acf":[],"yoast_head":"<!-- This site is optimized with the Yoast SEO plugin v27.1.1 - https:\/\/yoast.com\/product\/yoast-seo-wordpress\/ -->\n<title>Academic Secretariat<\/title>\n<meta name=\"description\" content=\"Learn about the Academic Secretariat, led by academic Felipe Encinas, whose role is to institutionalize FADEU.\" \/>\n<meta name=\"robots\" content=\"index, follow, max-snippet:-1, max-image-preview:large, max-video-preview:-1\" \/>\n<link rel=\"canonical\" href=\"https:\/\/fadeu.urantiacos.cl\/en\/faculty\/academic-secretariat\/\" \/>\n<meta property=\"og:locale\" content=\"en_US\" \/>\n<meta property=\"og:type\" content=\"article\" \/>\n<meta property=\"og:title\" content=\"Academic Secretariat\" \/>\n<meta property=\"og:description\" content=\"Learn about the Academic Secretariat, led by academic Felipe Encinas, whose role is to institutionalize FADEU.\" \/>\n<meta property=\"og:url\" content=\"https:\/\/fadeu.urantiacos.cl\/en\/faculty\/academic-secretariat\/\" \/>\n<meta property=\"og:site_name\" content=\"Facultad de Arquitectura, Dise\u00f1o y Estudios Urbanos\" \/>\n<meta property=\"article:modified_time\" content=\"2026-04-10T06:43:23+00:00\" \/>\n<meta name=\"twitter:card\" content=\"summary_large_image\" \/>\n<meta name=\"twitter:label1\" content=\"Est. reading time\" \/>\n\t<meta name=\"twitter:data1\" content=\"4 minutes\" \/>\n<script type=\"application\/ld+json\" class=\"yoast-schema-graph\">{\"@context\":\"https:\/\/schema.org\",\"@graph\":[{\"@type\":\"WebPage\",\"@id\":\"https:\/\/fadeu.urantiacos.cl\/en\/faculty\/academic-secretariat\/\",\"url\":\"https:\/\/fadeu.urantiacos.cl\/en\/faculty\/academic-secretariat\/\",\"name\":\"Academic Secretariat\",\"isPartOf\":{\"@id\":\"https:\/\/fadeu.urantiacos.cl\/en\/#website\"},\"datePublished\":\"2023-04-08T19:43:23+00:00\",\"dateModified\":\"2026-04-10T06:43:23+00:00\",\"description\":\"Learn about the Academic Secretariat, led by academic Felipe Encinas, whose role is to institutionalize FADEU.\",\"breadcrumb\":{\"@id\":\"https:\/\/fadeu.urantiacos.cl\/en\/faculty\/academic-secretariat\/#breadcrumb\"},\"inLanguage\":\"en-US\",\"potentialAction\":[{\"@type\":\"ReadAction\",\"target\":[\"https:\/\/fadeu.urantiacos.cl\/en\/faculty\/academic-secretariat\/\"]}]},{\"@type\":\"BreadcrumbList\",\"@id\":\"https:\/\/fadeu.urantiacos.cl\/en\/faculty\/academic-secretariat\/#breadcrumb\",\"itemListElement\":[{\"@type\":\"ListItem\",\"position\":1,\"name\":\"Portada\",\"item\":\"https:\/\/fadeu.urantiacos.cl\/en\/home\/\"},{\"@type\":\"ListItem\",\"position\":2,\"name\":\"Faculty\",\"item\":\"https:\/\/fadeu.urantiacos.cl\/en\/faculty\/\"},{\"@type\":\"ListItem\",\"position\":3,\"name\":\"Academic Secretariat\"}]},{\"@type\":\"WebSite\",\"@id\":\"https:\/\/fadeu.urantiacos.cl\/en\/#website\",\"url\":\"https:\/\/fadeu.urantiacos.cl\/en\/\",\"name\":\"Facultad de Arquitectura, Dise\u00f1o y Estudios Urbanos\",\"description\":\"Campus Lo Contador\",\"potentialAction\":[{\"@type\":\"SearchAction\",\"target\":{\"@type\":\"EntryPoint\",\"urlTemplate\":\"https:\/\/fadeu.urantiacos.cl\/en\/?s={search_term_string}\"},\"query-input\":{\"@type\":\"PropertyValueSpecification\",\"valueRequired\":true,\"valueName\":\"search_term_string\"}}],\"inLanguage\":\"en-US\"}]}<\/script>\n<!-- \/ Yoast SEO plugin. -->","yoast_head_json":{"title":"Academic Secretariat","description":"Learn about the Academic Secretariat, led by academic Felipe Encinas, whose role is to institutionalize FADEU.","robots":{"index":"index","follow":"follow","max-snippet":"max-snippet:-1","max-image-preview":"max-image-preview:large","max-video-preview":"max-video-preview:-1"},"canonical":"https:\/\/fadeu.urantiacos.cl\/en\/faculty\/academic-secretariat\/","og_locale":"en_US","og_type":"article","og_title":"Academic Secretariat","og_description":"Learn about the Academic Secretariat, led by academic Felipe Encinas, whose role is to institutionalize FADEU.","og_url":"https:\/\/fadeu.urantiacos.cl\/en\/faculty\/academic-secretariat\/","og_site_name":"Facultad de Arquitectura, Dise\u00f1o y Estudios Urbanos","article_modified_time":"2026-04-10T06:43:23+00:00","twitter_card":"summary_large_image","twitter_misc":{"Est. reading time":"4 minutes"},"schema":{"@context":"https:\/\/schema.org","@graph":[{"@type":"WebPage","@id":"https:\/\/fadeu.urantiacos.cl\/en\/faculty\/academic-secretariat\/","url":"https:\/\/fadeu.urantiacos.cl\/en\/faculty\/academic-secretariat\/","name":"Academic Secretariat","isPartOf":{"@id":"https:\/\/fadeu.urantiacos.cl\/en\/#website"},"datePublished":"2023-04-08T19:43:23+00:00","dateModified":"2026-04-10T06:43:23+00:00","description":"Learn about the Academic Secretariat, led by academic Felipe Encinas, whose role is to institutionalize FADEU.","breadcrumb":{"@id":"https:\/\/fadeu.urantiacos.cl\/en\/faculty\/academic-secretariat\/#breadcrumb"},"inLanguage":"en-US","potentialAction":[{"@type":"ReadAction","target":["https:\/\/fadeu.urantiacos.cl\/en\/faculty\/academic-secretariat\/"]}]},{"@type":"BreadcrumbList","@id":"https:\/\/fadeu.urantiacos.cl\/en\/faculty\/academic-secretariat\/#breadcrumb","itemListElement":[{"@type":"ListItem","position":1,"name":"Portada","item":"https:\/\/fadeu.urantiacos.cl\/en\/home\/"},{"@type":"ListItem","position":2,"name":"Faculty","item":"https:\/\/fadeu.urantiacos.cl\/en\/faculty\/"},{"@type":"ListItem","position":3,"name":"Academic Secretariat"}]},{"@type":"WebSite","@id":"https:\/\/fadeu.urantiacos.cl\/en\/#website","url":"https:\/\/fadeu.urantiacos.cl\/en\/","name":"Facultad de Arquitectura, Dise\u00f1o y Estudios Urbanos","description":"Campus Lo Contador","potentialAction":[{"@type":"SearchAction","target":{"@type":"EntryPoint","urlTemplate":"https:\/\/fadeu.urantiacos.cl\/en\/?s={search_term_string}"},"query-input":{"@type":"PropertyValueSpecification","valueRequired":true,"valueName":"search_term_string"}}],"inLanguage":"en-US"}]}},"_links":{"self":[{"href":"https:\/\/fadeu.urantiacos.cl\/en\/wp-json\/wp\/v2\/pages\/32054","targetHints":{"allow":["GET"]}}],"collection":[{"href":"https:\/\/fadeu.urantiacos.cl\/en\/wp-json\/wp\/v2\/pages"}],"about":[{"href":"https:\/\/fadeu.urantiacos.cl\/en\/wp-json\/wp\/v2\/types\/page"}],"author":[{"embeddable":true,"href":"https:\/\/fadeu.urantiacos.cl\/en\/wp-json\/wp\/v2\/users\/1"}],"replies":[{"embeddable":true,"href":"https:\/\/fadeu.urantiacos.cl\/en\/wp-json\/wp\/v2\/comments?post=32054"}],"version-history":[{"count":1,"href":"https:\/\/fadeu.urantiacos.cl\/en\/wp-json\/wp\/v2\/pages\/32054\/revisions"}],"predecessor-version":[{"id":32059,"href":"https:\/\/fadeu.urantiacos.cl\/en\/wp-json\/wp\/v2\/pages\/32054\/revisions\/32059"}],"up":[{"embeddable":true,"href":"https:\/\/fadeu.urantiacos.cl\/en\/wp-json\/wp\/v2\/pages\/32035"}],"wp:attachment":[{"href":"https:\/\/fadeu.urantiacos.cl\/en\/wp-json\/wp\/v2\/media?parent=32054"}],"curies":[{"name":"wp","href":"https:\/\/api.w.org\/{rel}","templated":true}]}}