{"id":32042,"date":"2023-04-08T16:53:13","date_gmt":"2023-04-08T19:53:13","guid":{"rendered":"https:\/\/fadeu.urantiacos.cl\/lo-contador\/libraries-archives\/"},"modified":"2026-04-10T03:43:23","modified_gmt":"2026-04-10T06:43:23","slug":"libraries-archives","status":"publish","type":"page","link":"https:\/\/fadeu.urantiacos.cl\/en\/lo-contador\/libraries-archives\/","title":{"rendered":"Libraries \/ Archives"},"content":{"rendered":"<div class=\"uc-image-quote image-left mb-80\">\r\n  <div class=\"row align-items-center\">\r\n    <div class=\"col-md-6 order-first\">\r\n      <div class=\"uc-image-quote_image\">\r\n        <img decoding=\"async\" src=\"https:\/\/fadeu.urantiacos.cl\/wp-content\/uploads\/2023\/05\/Bibliotecas-Archivos.jpg\" alt=\"Bibliotecas - Archivos\" \/>\r\n      <\/div>\r\n    <\/div>\r\n    <div class=\"col-md-6\">\r\n      <div class=\"uc-card\">\r\n        <div class=\"uc-card_body--lg\">\r\n          <h2 class=\"uc-quote mb-16\">\r\n            Biblioteca Lo Contador\r\n          <\/h2>\r\n          <p class=\"no-margin\">\r\n            Biblioteca Lo Contador, contempla una de las colecciones nacionales m\u00e1s completa y actualizada en las \u00e1reas de Arquitectura, Dise\u00f1o, Estudios Urbanos y Territoriales. Actualmente, posee un total aproximado de 87.000 recursos bibliogr\u00e1ficos en formato papel y audiovisual, tales como:  libros, tesis, revistas, planos y mapas. Asimismo, alberga alrededor de 2.300 \u00edtems que son parte de la Colecci\u00f3n Patrimonial, cuya puesta en valor se ha fomentado desde el a\u00f1o 2019, destacan entre ellas, las cartas manuscritas originales entre Joaqu\u00edn Toesca y Manuel de Salas sobre la reconstrucci\u00f3n de los Tajamares del Mapocho a fines del siglo XVIII, y los trabajos originales de una de las pioneras en la arquitectura moderna titulada en las dependencias de la Universidad, Violeta del Campo Moya. Por otra parte, la biblioteca posee un gran n\u00famero en constante crecimiento de revistas electr\u00f3nicas especializadas y bases de datos suscritas.\r\n          <\/p>\r\n          <div class=\"text-right mt-32\">\r\n            <a href=\"https:\/\/bibliotecas.uc.cl\/\" class=\"uc-btn btn-primary\" target=\"_blank\">\r\n              Ir al sitio de Bibliotecas UC\r\n              <i class=\"uc-icon icon-shape--rounded\">\r\n                \r\n                 launch \r\n              <\/i>\r\n            <\/a>\r\n          <\/div>\r\n        <\/div>\r\n      <\/div>\r\n    <\/div>\r\n  <\/div>\r\n<\/div>\n<p>Characterized by a modern infrastructure designed by UC academic Teodoro Fern\u00e1ndez, recipient of the 2014 National Architecture Prize. Located in the &#8220;Sergio Larra\u00edn Garc\u00eda Moreno Information and Documentation Center&#8221; building, it spans 1,300 square meters, including 200 seats for users, a section with light tables, eduroam Wi-Fi network, and computers, including an accessibility point.<\/p>\n\n<p>Its spacious and bright areas encourage on-site reading and the consultation of various types of collections.<\/p>\n\n<h2 class=\"wp-block-heading h3 my-24\">Opening hours:<\/h2>\n\n<p class=\"mb-32\">During the academic period (early March to mid-December), Monday to Friday from 7:45 AM to 8:30 PM, and Saturday from 9:00 AM to 1:00 PM. During summer vacations, Monday to Friday from 9:00 AM to 6:00 PM. The library is closed during February.<\/p>\nNo se encontraron personas para este tipo de Area.\n<h2 class=\"wp-block-heading mb-32 mt-40\">Other Libraries and Archives<\/h2>\nNo se encontraron links para esta Ubicacion.","protected":false},"excerpt":{"rendered":"<p>Characterized by a modern infrastructure designed by UC academic Teodoro Fern\u00e1ndez, recipient of the 2014 National Architecture Prize. Located in the &#8220;Sergio Larra\u00edn Garc\u00eda Moreno Information and Documentation Center&#8221; building, it spans 1,300 square meters, including 200 seats for users, a section with light tables, eduroam Wi-Fi network, and computers, including an accessibility point. Its [&hellip;]<\/p>\n","protected":false},"author":1,"featured_media":0,"parent":32039,"menu_order":0,"comment_status":"closed","ping_status":"closed","template":"","meta":{"_acf_changed":false,"footnotes":""},"class_list":["post-32042","page","type-page","status-publish","hentry"],"acf":[],"yoast_head":"<!-- This site is optimized with the Yoast SEO plugin v27.1.1 - https:\/\/yoast.com\/product\/yoast-seo-wordpress\/ -->\n<title>Libraries \/ Archives<\/title>\n<meta name=\"description\" content=\"Discover our extensive collection of libraries and archives, where you will find valuable resources, books, historical documents, and information sources.\" \/>\n<meta name=\"robots\" content=\"index, follow, max-snippet:-1, max-image-preview:large, max-video-preview:-1\" \/>\n<link rel=\"canonical\" href=\"https:\/\/fadeu.urantiacos.cl\/en\/lo-contador\/libraries-archives\/\" \/>\n<meta property=\"og:locale\" content=\"en_US\" \/>\n<meta property=\"og:type\" content=\"article\" \/>\n<meta property=\"og:title\" content=\"Libraries \/ Archives\" \/>\n<meta property=\"og:description\" content=\"Discover our extensive collection of libraries and archives, where you will find valuable resources, books, historical documents, and information sources.\" \/>\n<meta property=\"og:url\" content=\"https:\/\/fadeu.urantiacos.cl\/en\/lo-contador\/libraries-archives\/\" \/>\n<meta property=\"og:site_name\" content=\"Facultad de Arquitectura, Dise\u00f1o y Estudios Urbanos\" \/>\n<meta property=\"article:modified_time\" content=\"2026-04-10T06:43:23+00:00\" \/>\n<meta name=\"twitter:card\" content=\"summary_large_image\" \/>\n<meta name=\"twitter:label1\" content=\"Est. reading time\" \/>\n\t<meta name=\"twitter:data1\" content=\"1 minute\" \/>\n<script type=\"application\/ld+json\" class=\"yoast-schema-graph\">{\"@context\":\"https:\/\/schema.org\",\"@graph\":[{\"@type\":\"WebPage\",\"@id\":\"https:\/\/fadeu.urantiacos.cl\/en\/lo-contador\/libraries-archives\/\",\"url\":\"https:\/\/fadeu.urantiacos.cl\/en\/lo-contador\/libraries-archives\/\",\"name\":\"Libraries \/ Archives\",\"isPartOf\":{\"@id\":\"https:\/\/fadeu.urantiacos.cl\/en\/#website\"},\"datePublished\":\"2023-04-08T19:53:13+00:00\",\"dateModified\":\"2026-04-10T06:43:23+00:00\",\"description\":\"Discover our extensive collection of libraries and archives, where you will find valuable resources, books, historical documents, and information sources.\",\"breadcrumb\":{\"@id\":\"https:\/\/fadeu.urantiacos.cl\/en\/lo-contador\/libraries-archives\/#breadcrumb\"},\"inLanguage\":\"en-US\",\"potentialAction\":[{\"@type\":\"ReadAction\",\"target\":[\"https:\/\/fadeu.urantiacos.cl\/en\/lo-contador\/libraries-archives\/\"]}]},{\"@type\":\"BreadcrumbList\",\"@id\":\"https:\/\/fadeu.urantiacos.cl\/en\/lo-contador\/libraries-archives\/#breadcrumb\",\"itemListElement\":[{\"@type\":\"ListItem\",\"position\":1,\"name\":\"Portada\",\"item\":\"https:\/\/fadeu.urantiacos.cl\/en\/home\/\"},{\"@type\":\"ListItem\",\"position\":2,\"name\":\"Lo Contador\",\"item\":\"https:\/\/fadeu.urantiacos.cl\/en\/lo-contador\/\"},{\"@type\":\"ListItem\",\"position\":3,\"name\":\"Libraries \/ Archives\"}]},{\"@type\":\"WebSite\",\"@id\":\"https:\/\/fadeu.urantiacos.cl\/en\/#website\",\"url\":\"https:\/\/fadeu.urantiacos.cl\/en\/\",\"name\":\"Facultad de Arquitectura, Dise\u00f1o y Estudios Urbanos\",\"description\":\"Campus Lo Contador\",\"potentialAction\":[{\"@type\":\"SearchAction\",\"target\":{\"@type\":\"EntryPoint\",\"urlTemplate\":\"https:\/\/fadeu.urantiacos.cl\/en\/?s={search_term_string}\"},\"query-input\":{\"@type\":\"PropertyValueSpecification\",\"valueRequired\":true,\"valueName\":\"search_term_string\"}}],\"inLanguage\":\"en-US\"}]}<\/script>\n<!-- \/ Yoast SEO plugin. -->","yoast_head_json":{"title":"Libraries \/ Archives","description":"Discover our extensive collection of libraries and archives, where you will find valuable resources, books, historical documents, and information sources.","robots":{"index":"index","follow":"follow","max-snippet":"max-snippet:-1","max-image-preview":"max-image-preview:large","max-video-preview":"max-video-preview:-1"},"canonical":"https:\/\/fadeu.urantiacos.cl\/en\/lo-contador\/libraries-archives\/","og_locale":"en_US","og_type":"article","og_title":"Libraries \/ Archives","og_description":"Discover our extensive collection of libraries and archives, where you will find valuable resources, books, historical documents, and information sources.","og_url":"https:\/\/fadeu.urantiacos.cl\/en\/lo-contador\/libraries-archives\/","og_site_name":"Facultad de Arquitectura, Dise\u00f1o y Estudios Urbanos","article_modified_time":"2026-04-10T06:43:23+00:00","twitter_card":"summary_large_image","twitter_misc":{"Est. reading time":"1 minute"},"schema":{"@context":"https:\/\/schema.org","@graph":[{"@type":"WebPage","@id":"https:\/\/fadeu.urantiacos.cl\/en\/lo-contador\/libraries-archives\/","url":"https:\/\/fadeu.urantiacos.cl\/en\/lo-contador\/libraries-archives\/","name":"Libraries \/ Archives","isPartOf":{"@id":"https:\/\/fadeu.urantiacos.cl\/en\/#website"},"datePublished":"2023-04-08T19:53:13+00:00","dateModified":"2026-04-10T06:43:23+00:00","description":"Discover our extensive collection of libraries and archives, where you will find valuable resources, books, historical documents, and information sources.","breadcrumb":{"@id":"https:\/\/fadeu.urantiacos.cl\/en\/lo-contador\/libraries-archives\/#breadcrumb"},"inLanguage":"en-US","potentialAction":[{"@type":"ReadAction","target":["https:\/\/fadeu.urantiacos.cl\/en\/lo-contador\/libraries-archives\/"]}]},{"@type":"BreadcrumbList","@id":"https:\/\/fadeu.urantiacos.cl\/en\/lo-contador\/libraries-archives\/#breadcrumb","itemListElement":[{"@type":"ListItem","position":1,"name":"Portada","item":"https:\/\/fadeu.urantiacos.cl\/en\/home\/"},{"@type":"ListItem","position":2,"name":"Lo Contador","item":"https:\/\/fadeu.urantiacos.cl\/en\/lo-contador\/"},{"@type":"ListItem","position":3,"name":"Libraries \/ Archives"}]},{"@type":"WebSite","@id":"https:\/\/fadeu.urantiacos.cl\/en\/#website","url":"https:\/\/fadeu.urantiacos.cl\/en\/","name":"Facultad de Arquitectura, Dise\u00f1o y Estudios Urbanos","description":"Campus Lo Contador","potentialAction":[{"@type":"SearchAction","target":{"@type":"EntryPoint","urlTemplate":"https:\/\/fadeu.urantiacos.cl\/en\/?s={search_term_string}"},"query-input":{"@type":"PropertyValueSpecification","valueRequired":true,"valueName":"search_term_string"}}],"inLanguage":"en-US"}]}},"_links":{"self":[{"href":"https:\/\/fadeu.urantiacos.cl\/en\/wp-json\/wp\/v2\/pages\/32042","targetHints":{"allow":["GET"]}}],"collection":[{"href":"https:\/\/fadeu.urantiacos.cl\/en\/wp-json\/wp\/v2\/pages"}],"about":[{"href":"https:\/\/fadeu.urantiacos.cl\/en\/wp-json\/wp\/v2\/types\/page"}],"author":[{"embeddable":true,"href":"https:\/\/fadeu.urantiacos.cl\/en\/wp-json\/wp\/v2\/users\/1"}],"replies":[{"embeddable":true,"href":"https:\/\/fadeu.urantiacos.cl\/en\/wp-json\/wp\/v2\/comments?post=32042"}],"version-history":[{"count":1,"href":"https:\/\/fadeu.urantiacos.cl\/en\/wp-json\/wp\/v2\/pages\/32042\/revisions"}],"predecessor-version":[{"id":32044,"href":"https:\/\/fadeu.urantiacos.cl\/en\/wp-json\/wp\/v2\/pages\/32042\/revisions\/32044"}],"up":[{"embeddable":true,"href":"https:\/\/fadeu.urantiacos.cl\/en\/wp-json\/wp\/v2\/pages\/32039"}],"wp:attachment":[{"href":"https:\/\/fadeu.urantiacos.cl\/en\/wp-json\/wp\/v2\/media?parent=32042"}],"curies":[{"name":"wp","href":"https:\/\/api.w.org\/{rel}","templated":true}]}}