{"id":32039,"date":"2023-04-08T16:42:06","date_gmt":"2023-04-08T19:42:06","guid":{"rendered":"https:\/\/fadeu.urantiacos.cl\/lo-contador\/"},"modified":"2026-04-10T03:43:11","modified_gmt":"2026-04-10T06:43:11","slug":"lo-contador","status":"publish","type":"page","link":"https:\/\/fadeu.urantiacos.cl\/en\/lo-contador\/","title":{"rendered":"Lo Contador"},"content":{"rendered":"\n<div class=\"wp-block-columns is-layout-flex wp-container-core-columns-is-layout-9d6595d7 wp-block-columns-is-layout-flex\">\n<div class=\"wp-block-column is-layout-flow wp-block-column-is-layout-flow\" style=\"flex-basis:66.66%\">\n<h2 class=\"wp-block-heading mb-32 h3\">Location<\/h2>\n\n\n\n<iframe src=\"https:\/\/www.google.com\/maps\/embed?pb=!1m18!1m12!1m3!1d3330.151986029375!2d-70.62070448798637!3d-33.41928169580714!2m3!1f0!2f0!3f0!3m2!1i1024!2i768!4f13.1!3m3!1m2!1s0x9662cf60830fb2a5%3A0xfa992d9d4fa1716d!2sEl%20Comendador%201916%2C%207520267%20Providencia%2C%20Regi%C3%B3n%20Metropolitana!5e0!3m2!1ses!2scl!4v1685300723295!5m2!1ses!2scl\" width=\"100%\" height=\"450\" style=\"border:0;\" allowfullscreen=\"\" loading=\"lazy\" referrerpolicy=\"no-referrer-when-downgrade\"><\/iframe>\n<\/div>\n\n\n\n<div class=\"wp-block-column is-layout-flow wp-block-column-is-layout-flow\" style=\"flex-basis:33.33%\">\n<h2 class=\"wp-block-heading mb-32 h3\">Campus Administration<\/h2>\n\n\nNo se encontraron personas para este tipo de Area.<\/div>\n<\/div>\n\n<p>Address: El Comendador 1916, Providencia<\/p>\n\n<p class=\"p-color--primary\">Schedules<\/p>\n\n<ul class=\"wp-block-list\">\n<li>El Comendador 1916 Gate: Monday to Friday (except holidays) open from 7:00 AM to 10:00 PM<\/li>\n\n\n\n<li>Los Navegantes 1919 Gate (including parking access): Monday to Friday (except holidays) open from 7:00 AM to 10:00 PM<\/li>\n\n\n\n<li class=\"mb-60\">Carlos Casanueva 0335 Gate: Monday to Friday, open from 7:00 AM to 10:00 PM. Saturdays, Sundays, holidays, and vacation periods (February), open 24 hours <\/li>\n<\/ul>\n\n<h2 class=\"wp-block-heading h3 mb-24\">Campus Map<\/h2>\n\n<div class=\"wp-block-columns is-layout-flex wp-container-core-columns-is-layout-9d6595d7 wp-block-columns-is-layout-flex\">\n<div class=\"wp-block-column is-layout-flow wp-block-column-is-layout-flow\">\n<figure class=\"wp-block-image size-full\"><img decoding=\"async\" width=\"589\" height=\"455\" src=\"https:\/\/fadeu.urantiacos.cl\/wp-content\/uploads\/2023\/05\/campus_01.png\" alt=\"Lo Contador Campus\" class=\"wp-image-599\" srcset=\"https:\/\/fadeu.urantiacos.cl\/wp-content\/uploads\/2023\/05\/campus_01.png 589w, https:\/\/fadeu.urantiacos.cl\/wp-content\/uploads\/2023\/05\/campus_01-300x232.png 300w\" sizes=\"(max-width: 589px) 100vw, 589px\" \/><\/figure>\n<\/div>\n\n\n\n<div class=\"wp-block-column is-layout-flow wp-block-column-is-layout-flow\">\n<figure class=\"wp-block-image size-full\"><img decoding=\"async\" width=\"586\" height=\"376\" src=\"https:\/\/fadeu.urantiacos.cl\/wp-content\/uploads\/2023\/05\/campus_02.png\" alt=\"Lo Contador Campus\" class=\"wp-image-600\" srcset=\"https:\/\/fadeu.urantiacos.cl\/wp-content\/uploads\/2023\/05\/campus_02.png 586w, https:\/\/fadeu.urantiacos.cl\/wp-content\/uploads\/2023\/05\/campus_02-300x192.png 300w\" sizes=\"(max-width: 586px) 100vw, 586px\" \/><\/figure>\n<\/div>\n<\/div>\n\n<div class=\"wp-block-columns is-layout-flex wp-container-core-columns-is-layout-9d6595d7 wp-block-columns-is-layout-flex\">\n<div class=\"wp-block-column is-layout-flow wp-block-column-is-layout-flow\" style=\"flex-basis:50%\">  \r\n  \r\n        <a href=\"#\" class=\"uc-btn btn-featured\" target=\"_self\">\r\n          Ver planimetr\u00eda del campus e informaci\u00f3n de ubicaci\u00f3n de salas aqu\u00ed          <i class=\"uc-icon\">launch<\/i>\r\n      <\/a>\r\n  \r\n  <\/div>\n<\/div>\n\n<h2 class=\"wp-block-heading mb-24\">History<\/h2>\n\n<p><strong>Text by Fernando P\u00e9rez Oyarz\u00fan.<\/strong><\/p>\n\n<p>In the Pedro de Valdivia Norte neighborhood, between San Crist\u00f3bal Hill and the Mapocho River, the presence of a site that has remained almost unchanged over the last century is striking. Even more surprising is the fact that this place houses the Faculty of Architecture, Design, and Urban Studies of the Universidad Cat\u00f3lica, where some of the country&#8217;s most prominent architects were trained, and that its old walls are interwoven with contemporary constructions that are both radical and respectful. <\/p>\n\n<p>When I first crossed the entrance hall of the Lo Contador house, I was struck by how, in the middle of the city, a landscape survived that so powerfully and qualitatively evoked the rural world and colonial culture.<br\/>More than forty years walking through its corridors have not managed to erase the strength of that first impression, the same one that anyone who ventures up the steps of El Comendador Street and enters through that hallway will experience today.<\/p>\n\n<p>The preservation of a site like this is largely due to Sergio Larra\u00edn, who convinced the Universidad Cat\u00f3lica to establish the Faculty of Architecture there, of which he was dean. This occurred in 1959, and since then, the University has cared for this site, now a national monument. It was he who purchased an administrative residence for himself and the land located in the eastern half of the block, where he built homes for his children.<br\/>The history of the house dates back to the 18th century, when Francisco Antonio Avaria purchased a series of small properties between San Crist\u00f3bal Hill and the Mapocho River for his orphaned niece, Mercedes Contador, thus establishing the Lo Contador farm. There he built a house that would form part of her marriage dowry. During the 19th century, Mercedes expanded the property to allow for spiritual exercises: around the current Patio de los Naranjos (Orange Tree Courtyard), she built a chapel, a refectory, and rooms for those practicing the exercises.    <\/p>\n\n<p>The site was adapted to its new university functions. Pavilions designed by Horacio Borgheresi expanded the available space, which were gradually replaced by new constructions.<br\/>In 1996, the new underground library designed by Teodoro Fern\u00e1ndez, Smiljan Radic, and Cecilia Puga was inaugurated, contrasting with the house while simultaneously adapting to it. A wooden deck on its roof, with the permanent presence of the Andes Mountains and San Crist\u00f3bal Hill, constitutes the most common meeting place for students.  <\/p>\n\n<p>The purchase of Sergio Larra\u00edn&#8217;s home, along with several belonging to his daughters, allowed the campus to expand eastward, generating a succession of spaces that, like a labyrinth, provide a variety of garden corners that interconnect the various campus buildings.<br\/>The original richness of the house has been complemented by the contributions of various architects who have built the campus landscape around it. Notable among these are the cafeteria by Jos\u00e9 Cruz; the architecture classrooms and workshops by Renato Parada and Alfredo J\u00fcneman, later remodeled by Alejandro Aravena; the former School of Art by Juan Jos\u00e9 Ugarte, Pilar Garc\u00eda, and Wren Strabucchi; the Postgraduate Center by Sandra Iturriaga and Wren Strabucchi; and the new Design and Urban Studies building by Sebasti\u00e1n Irarr\u00e1zaval. <\/p>\n\n<p>Walking through the campus spaces, as students, professors, and staff do daily, and visitors and neighbors do occasionally, allows one to enjoy an unusual historical and architectural density where past and present go hand in hand.<\/p>\n\n<p>Text source: &#8220;Lo Contador: una casa, un campus&#8221;<\/p>\n\n<p>More information here (Lo Contador: Casa, Barrio, Ciudad. Text by Fernando P\u00e9rez in ARQ n\u00b065)<\/p>\n\n<p>More information about Lo Contador Campus plans and projects here (Prepared by: DESE UC)<\/p>\n\n<p>Image Source<\/p>\n\n<p>01 Aerial photograph circa 1943. Military Geographic Institute<br\/>02 Aerial photograph circa 1954. Military Geographic Institute<br\/>03 Aerial photograph circa 1961. Military Geographic Institute<br\/>04 Photograph of the Lo Contador house. c.1900. Author unknown. Photographic Archive of the National Historical Museum, Santiago, Chile<br\/>05 Photograph circa 1940 of the north facade of the farmhouse. Author unknown. In Amenabar, Larach, Guerrero \u201cLo Contador: Un Nuevo Destino.\u201d Thesis (Arch) PUC. Santiago, Chile, 1975<br\/>06 Photograph circa 1940 of the north corridor of the farmhouse. Author same as above           <\/p>\n","protected":false},"excerpt":{"rendered":"<p>Location Campus Administration Address: El Comendador 1916, Providencia Schedules Campus Map History Text by Fernando P\u00e9rez Oyarz\u00fan. In the Pedro de Valdivia Norte neighborhood, between San Crist\u00f3bal Hill and the Mapocho River, the presence of a site that has remained almost unchanged over the last century is striking. Even more surprising is the fact that [&hellip;]<\/p>\n","protected":false},"author":1,"featured_media":0,"parent":0,"menu_order":0,"comment_status":"closed","ping_status":"closed","template":"","meta":{"_acf_changed":false,"footnotes":""},"class_list":["post-32039","page","type-page","status-publish","hentry"],"acf":[],"yoast_head":"<!-- This site is optimized with the Yoast SEO plugin v27.1.1 - https:\/\/yoast.com\/product\/yoast-seo-wordpress\/ -->\n<title>Lo Contador<\/title>\n<meta name=\"description\" content=\"Explore our university campus, a space where education, creativity, and community merge.\" \/>\n<meta name=\"robots\" content=\"index, follow, max-snippet:-1, max-image-preview:large, max-video-preview:-1\" \/>\n<link rel=\"canonical\" href=\"https:\/\/fadeu.urantiacos.cl\/en\/lo-contador\/\" \/>\n<meta property=\"og:locale\" content=\"en_US\" \/>\n<meta property=\"og:type\" content=\"article\" \/>\n<meta property=\"og:title\" content=\"Lo Contador\" \/>\n<meta property=\"og:description\" content=\"Explore our university campus, a space where education, creativity, and community merge.\" \/>\n<meta property=\"og:url\" content=\"https:\/\/fadeu.urantiacos.cl\/en\/lo-contador\/\" \/>\n<meta property=\"og:site_name\" content=\"Facultad de Arquitectura, Dise\u00f1o y Estudios Urbanos\" \/>\n<meta property=\"article:modified_time\" content=\"2026-04-10T06:43:11+00:00\" \/>\n<meta property=\"og:image\" content=\"https:\/\/fadeu.urantiacos.cl\/wp-content\/uploads\/2023\/05\/campus_01.png\" \/>\n\t<meta property=\"og:image:width\" content=\"589\" \/>\n\t<meta property=\"og:image:height\" content=\"455\" \/>\n\t<meta property=\"og:image:type\" content=\"image\/png\" \/>\n<meta name=\"twitter:card\" content=\"summary_large_image\" \/>\n<meta name=\"twitter:label1\" content=\"Est. reading time\" \/>\n\t<meta name=\"twitter:data1\" content=\"4 minutes\" \/>\n<script type=\"application\/ld+json\" class=\"yoast-schema-graph\">{\"@context\":\"https:\/\/schema.org\",\"@graph\":[{\"@type\":\"WebPage\",\"@id\":\"https:\/\/fadeu.urantiacos.cl\/en\/lo-contador\/\",\"url\":\"https:\/\/fadeu.urantiacos.cl\/en\/lo-contador\/\",\"name\":\"Lo Contador\",\"isPartOf\":{\"@id\":\"https:\/\/fadeu.urantiacos.cl\/en\/#website\"},\"primaryImageOfPage\":{\"@id\":\"https:\/\/fadeu.urantiacos.cl\/en\/lo-contador\/#primaryimage\"},\"image\":{\"@id\":\"https:\/\/fadeu.urantiacos.cl\/en\/lo-contador\/#primaryimage\"},\"thumbnailUrl\":\"https:\/\/fadeu.urantiacos.cl\/wp-content\/uploads\/2023\/05\/campus_01.png\",\"datePublished\":\"2023-04-08T19:42:06+00:00\",\"dateModified\":\"2026-04-10T06:43:11+00:00\",\"description\":\"Explore our university campus, a space where education, creativity, and community merge.\",\"breadcrumb\":{\"@id\":\"https:\/\/fadeu.urantiacos.cl\/en\/lo-contador\/#breadcrumb\"},\"inLanguage\":\"en-US\",\"potentialAction\":[{\"@type\":\"ReadAction\",\"target\":[\"https:\/\/fadeu.urantiacos.cl\/en\/lo-contador\/\"]}]},{\"@type\":\"ImageObject\",\"inLanguage\":\"en-US\",\"@id\":\"https:\/\/fadeu.urantiacos.cl\/en\/lo-contador\/#primaryimage\",\"url\":\"https:\/\/fadeu.urantiacos.cl\/wp-content\/uploads\/2023\/05\/campus_01.png\",\"contentUrl\":\"https:\/\/fadeu.urantiacos.cl\/wp-content\/uploads\/2023\/05\/campus_01.png\"},{\"@type\":\"BreadcrumbList\",\"@id\":\"https:\/\/fadeu.urantiacos.cl\/en\/lo-contador\/#breadcrumb\",\"itemListElement\":[{\"@type\":\"ListItem\",\"position\":1,\"name\":\"Portada\",\"item\":\"https:\/\/fadeu.urantiacos.cl\/en\/home\/\"},{\"@type\":\"ListItem\",\"position\":2,\"name\":\"Lo Contador\"}]},{\"@type\":\"WebSite\",\"@id\":\"https:\/\/fadeu.urantiacos.cl\/en\/#website\",\"url\":\"https:\/\/fadeu.urantiacos.cl\/en\/\",\"name\":\"Facultad de Arquitectura, Dise\u00f1o y Estudios Urbanos\",\"description\":\"Campus Lo Contador\",\"potentialAction\":[{\"@type\":\"SearchAction\",\"target\":{\"@type\":\"EntryPoint\",\"urlTemplate\":\"https:\/\/fadeu.urantiacos.cl\/en\/?s={search_term_string}\"},\"query-input\":{\"@type\":\"PropertyValueSpecification\",\"valueRequired\":true,\"valueName\":\"search_term_string\"}}],\"inLanguage\":\"en-US\"}]}<\/script>\n<!-- \/ Yoast SEO plugin. -->","yoast_head_json":{"title":"Lo Contador","description":"Explore our university campus, a space where education, creativity, and community merge.","robots":{"index":"index","follow":"follow","max-snippet":"max-snippet:-1","max-image-preview":"max-image-preview:large","max-video-preview":"max-video-preview:-1"},"canonical":"https:\/\/fadeu.urantiacos.cl\/en\/lo-contador\/","og_locale":"en_US","og_type":"article","og_title":"Lo Contador","og_description":"Explore our university campus, a space where education, creativity, and community merge.","og_url":"https:\/\/fadeu.urantiacos.cl\/en\/lo-contador\/","og_site_name":"Facultad de Arquitectura, Dise\u00f1o y Estudios Urbanos","article_modified_time":"2026-04-10T06:43:11+00:00","og_image":[{"width":589,"height":455,"url":"https:\/\/fadeu.urantiacos.cl\/wp-content\/uploads\/2023\/05\/campus_01.png","type":"image\/png"}],"twitter_card":"summary_large_image","twitter_misc":{"Est. reading time":"4 minutes"},"schema":{"@context":"https:\/\/schema.org","@graph":[{"@type":"WebPage","@id":"https:\/\/fadeu.urantiacos.cl\/en\/lo-contador\/","url":"https:\/\/fadeu.urantiacos.cl\/en\/lo-contador\/","name":"Lo Contador","isPartOf":{"@id":"https:\/\/fadeu.urantiacos.cl\/en\/#website"},"primaryImageOfPage":{"@id":"https:\/\/fadeu.urantiacos.cl\/en\/lo-contador\/#primaryimage"},"image":{"@id":"https:\/\/fadeu.urantiacos.cl\/en\/lo-contador\/#primaryimage"},"thumbnailUrl":"https:\/\/fadeu.urantiacos.cl\/wp-content\/uploads\/2023\/05\/campus_01.png","datePublished":"2023-04-08T19:42:06+00:00","dateModified":"2026-04-10T06:43:11+00:00","description":"Explore our university campus, a space where education, creativity, and community merge.","breadcrumb":{"@id":"https:\/\/fadeu.urantiacos.cl\/en\/lo-contador\/#breadcrumb"},"inLanguage":"en-US","potentialAction":[{"@type":"ReadAction","target":["https:\/\/fadeu.urantiacos.cl\/en\/lo-contador\/"]}]},{"@type":"ImageObject","inLanguage":"en-US","@id":"https:\/\/fadeu.urantiacos.cl\/en\/lo-contador\/#primaryimage","url":"https:\/\/fadeu.urantiacos.cl\/wp-content\/uploads\/2023\/05\/campus_01.png","contentUrl":"https:\/\/fadeu.urantiacos.cl\/wp-content\/uploads\/2023\/05\/campus_01.png"},{"@type":"BreadcrumbList","@id":"https:\/\/fadeu.urantiacos.cl\/en\/lo-contador\/#breadcrumb","itemListElement":[{"@type":"ListItem","position":1,"name":"Portada","item":"https:\/\/fadeu.urantiacos.cl\/en\/home\/"},{"@type":"ListItem","position":2,"name":"Lo Contador"}]},{"@type":"WebSite","@id":"https:\/\/fadeu.urantiacos.cl\/en\/#website","url":"https:\/\/fadeu.urantiacos.cl\/en\/","name":"Facultad de Arquitectura, Dise\u00f1o y Estudios Urbanos","description":"Campus Lo Contador","potentialAction":[{"@type":"SearchAction","target":{"@type":"EntryPoint","urlTemplate":"https:\/\/fadeu.urantiacos.cl\/en\/?s={search_term_string}"},"query-input":{"@type":"PropertyValueSpecification","valueRequired":true,"valueName":"search_term_string"}}],"inLanguage":"en-US"}]}},"_links":{"self":[{"href":"https:\/\/fadeu.urantiacos.cl\/en\/wp-json\/wp\/v2\/pages\/32039","targetHints":{"allow":["GET"]}}],"collection":[{"href":"https:\/\/fadeu.urantiacos.cl\/en\/wp-json\/wp\/v2\/pages"}],"about":[{"href":"https:\/\/fadeu.urantiacos.cl\/en\/wp-json\/wp\/v2\/types\/page"}],"author":[{"embeddable":true,"href":"https:\/\/fadeu.urantiacos.cl\/en\/wp-json\/wp\/v2\/users\/1"}],"replies":[{"embeddable":true,"href":"https:\/\/fadeu.urantiacos.cl\/en\/wp-json\/wp\/v2\/comments?post=32039"}],"version-history":[{"count":2,"href":"https:\/\/fadeu.urantiacos.cl\/en\/wp-json\/wp\/v2\/pages\/32039\/revisions"}],"predecessor-version":[{"id":32041,"href":"https:\/\/fadeu.urantiacos.cl\/en\/wp-json\/wp\/v2\/pages\/32039\/revisions\/32041"}],"wp:attachment":[{"href":"https:\/\/fadeu.urantiacos.cl\/en\/wp-json\/wp\/v2\/media?parent=32039"}],"curies":[{"name":"wp","href":"https:\/\/api.w.org\/{rel}","templated":true}]}}