{"id":32029,"date":"2023-04-08T16:42:22","date_gmt":"2023-04-08T19:42:22","guid":{"rendered":"https:\/\/fadeu.urantiacos.cl\/research\/"},"modified":"2026-04-10T03:42:56","modified_gmt":"2026-04-10T06:42:56","slug":"research","status":"publish","type":"page","link":"https:\/\/fadeu.urantiacos.cl\/en\/research\/","title":{"rendered":"Research"},"content":{"rendered":"<div class=\"uc-image-quote image-left mb-80\">\r\n  <div class=\"row align-items-center\">\r\n    <div class=\"col-md-6 order-first\">\r\n      <div class=\"uc-image-quote_image\">\r\n        <img decoding=\"async\" src=\"https:\/\/fadeu.urantiacos.cl\/wp-content\/uploads\/2023\/05\/Centros-e-Iniciativas-1.jpg\" alt=\"Centro de Desarrollo Urbano Sustentable CEDEUS\" \/>\r\n      <\/div>\r\n    <\/div>\r\n    <div class=\"col-md-6\">\r\n      <div class=\"uc-card\">\r\n        <div class=\"uc-card_body--lg\">\r\n          <div class=\"mb-8\">\r\n            <img decoding=\"async\" src=\"https:\/\/fadeu.urantiacos.cl\/wp-content\/uploads\/2023\/05\/CEDEUS-logo.png\" alt=\"CEDEUS logo\" \/>\r\n          <\/div>\r\n          <h2 class=\"uc-quote mb-16\">\r\n            Centro de Desarrollo Urbano Sustentable CEDEUS\r\n          <\/h2>\r\n          <p class=\"no-margin\">\r\n            El Centro de Desarrollo Urbano Sustentable (CEDEUS) es un Centro de Investigaci\u00f3n que promueve la discusi\u00f3n sobre las ciudades de nuestro pa\u00eds y sus procesos de desarrollo sustentable. Su objetivo principal es entender las din\u00e1micas urbanas, los instrumentos y los procesos de toma de decisiones que permiten desarrollar mejoras equitativas y sostenidas en la calidad de vida de las personas, a trav\u00e9s del reconocimiento de los l\u00edmites biof\u00edsicos y de las demandas sociales de las ciudades chilenas.\r\n          <\/p>\r\n          <div class=\"text-right mt-32\">\r\n            <a href=\"https:\/\/fadeu.urantiacos.cl\/investigacion\/centro-de-desarrollo-urbano-sustentable-cedeus\/\" class=\"uc-btn btn-primary\" target=\"_self\">\r\n              M\u00e1s informaci\u00f3n\r\n              <i class=\"uc-icon icon-shape--rounded\">\r\n                 navigate_next \r\n                \r\n              <\/i>\r\n            <\/a>\r\n          <\/div>\r\n        <\/div>\r\n      <\/div>\r\n    <\/div>\r\n  <\/div>\r\n<\/div>\n\n<div class=\"uc-image-quote image-right mb-80\">\r\n  <div class=\"row align-items-center\">\r\n    <div class=\"col-md-2 order-last order-md-first\">\r\n      <div class=\"uc-card\">\r\n        <div class=\"uc-card_body--lg\">\r\n          <div class=\"mb-8\">\r\n            <img decoding=\"async\" src=\"https:\/\/fadeu.urantiacos.cl\/wp-content\/uploads\/2023\/05\/Centro-UC-Desierto-de-Atacama.png\" alt=\"Centro UC Desierto de Atacama Logo\" \/>\r\n          <\/div>\r\n          <h2 class=\"uc-quote mb-16\">\r\n            Centro UC Desierto de Atacama\r\n          <\/h2>\r\n          <p class=\"no-margin\">\r\n            El Centro del Desierto de Atacama (CDA) de la Pontificia Universidad Cat\u00f3lica de Chile fue creado en agosto de 2006 con ee por objetivo promover la investigaci\u00f3n en \u00e1mbitos de dise\u00f1o arquitect\u00f3nico, urbano y del paisaje, sometidos a las distintas restricciones que ofrece el contexto \u00e1rido del Desierto de Atacama, desde una aproximaci\u00f3n m\u00faltiple e interdisciplinaria que expande la idea de proyecto hacia \u00e1reas de conocimiento contenidas en la estructura del CDA.\r\n          <\/p>\r\n          <div class=\"text-right mt-32\">\r\n          <a href=\"https:\/\/fadeu.urantiacos.cl\/investigacion\/centro-uc-desierto-de-atacama\/\" class=\"uc-btn btn-primary\" target=\"_self\">\r\n              M\u00e1s informaci\u00f3n\r\n              <i class=\"uc-icon icon-shape--rounded\">\r\n                 navigate_next \r\n                \r\n              <\/i>\r\n            <\/a>\r\n          <\/div>\r\n        <\/div>\r\n      <\/div>\r\n    <\/div>\r\n    <div class=\"uc-image-quote_image col-md-10\">\r\n      <img decoding=\"async\" src=\"https:\/\/fadeu.urantiacos.cl\/wp-content\/uploads\/2023\/05\/Centro-UC-Desierto-de-Atacama.jpg\" alt=\"Centro UC Desierto de Atacama\" draggable=\"false\" \/>\r\n    <\/div>\r\n  <\/div>\r\n<\/div>\r\n<style>\r\n  @media (min-width: 768px) {\r\n    .uc-image-quote.image-right .uc-card {\r\n      width: 320%;\r\n    }\r\n  }\r\n<\/style>\n\n<div class=\"uc-image-quote image-left mb-80\">\r\n  <div class=\"row align-items-center\">\r\n    <div class=\"col-md-6 order-first\">\r\n      <div class=\"uc-image-quote_image\">\r\n        <img decoding=\"async\" src=\"https:\/\/fadeu.urantiacos.cl\/wp-content\/uploads\/2023\/05\/Centro-UC-de-Innovacion-en-la-Madera-CIM-UC.jpg\" alt=\"Centro UC de Innovaci\u00f3n en la Madera CIM UC\" \/>\r\n      <\/div>\r\n    <\/div>\r\n    <div class=\"col-md-6\">\r\n      <div class=\"uc-card\">\r\n        <div class=\"uc-card_body--lg\">\r\n          <div class=\"mb-8\">\r\n            <img decoding=\"async\" src=\"https:\/\/fadeu.urantiacos.cl\/wp-content\/uploads\/2023\/05\/Centro-UC-de-Innovacion-en-la-Madera-CIM-UC-logo.png\" alt=\"Centro UC de Innovaci\u00f3n en la Madera CIM UC logo\" \/>\r\n          <\/div>\r\n          <h2 class=\"uc-quote mb-16\">\r\n            Centro UC de Innovaci\u00f3n en la Madera CIM UC\r\n          <\/h2>\r\n          <p class=\"no-margin\">\r\n            CIM UC CORMA nace como motor de innovaci\u00f3n interdisciplinario en alianza entre la Pontificia Universidad Cat\u00f3lica de Chile y la Corporaci\u00f3n Chilena de la Madera (CORMA), y ha asumido el desaf\u00edo de desarrollar en Chile todo el potencial que presenta ser un pa\u00eds forestal, fortaleciendo las caracter\u00edsticas de la madera por ser un material altamente vers\u00e1til, ecol\u00f3gico, tecnol\u00f3gico, durable y noble. \r\n          <\/p>\r\n          <div class=\"text-right mt-32\">\r\n            <a href=\"https:\/\/fadeu.urantiacos.cl\/investigacion\/centro-uc-de-innovacion-en-la-madera-cim-uc\/\" class=\"uc-btn btn-primary\" target=\"_self\">\r\n              M\u00e1s informaci\u00f3n\r\n              <i class=\"uc-icon icon-shape--rounded\">\r\n                 navigate_next \r\n                \r\n              <\/i>\r\n            <\/a>\r\n          <\/div>\r\n        <\/div>\r\n      <\/div>\r\n    <\/div>\r\n  <\/div>\r\n<\/div>\n\n<div class=\"uc-image-quote image-right mb-80\">\r\n  <div class=\"row align-items-center\">\r\n    <div class=\"col-md-2 order-last order-md-first\">\r\n      <div class=\"uc-card\">\r\n        <div class=\"uc-card_body--lg\">\r\n          <div class=\"mb-8\">\r\n            <img decoding=\"async\" src=\"https:\/\/fadeu.urantiacos.cl\/wp-content\/uploads\/2023\/05\/Centro-de-Politicas-Publicas-logo.png\" alt=\"Centro de Pol\u00edticas P\u00fablicas logo\" \/>\r\n          <\/div>\r\n          <h2 class=\"uc-quote mb-16\">\r\n            Centro de Pol\u00edticas P\u00fablicas\r\n          <\/h2>\r\n          <p class=\"no-margin\">\r\n            La misi\u00f3n del Centro de Pol\u00edticas P\u00fablicas UC es aportar al desarrollo del pa\u00eds vinculando el quehacer acad\u00e9mico de la Universidad Cat\u00f3lica con los principales desaf\u00edos de la sociedad. En nuestro quehacer buscamos contribuir con propuestas y soluciones que son pol\u00edtica, social y econ\u00f3micamente sustentables; trabajamos para incidir en el proceso de formulaci\u00f3n de pol\u00edticas p\u00fablicas a trav\u00e9s de la generaci\u00f3n de opini\u00f3n, evidencia y estudios en temas de inter\u00e9s p\u00fablico y trabajamos colaborativamente articulando distintos actores de la sociedad.\r\n          <\/p>\r\n          <div class=\"text-right mt-32\">\r\n          <a href=\"https:\/\/fadeu.urantiacos.cl\/investigacion\/centro-de-politicas-publicas\/\" class=\"uc-btn btn-primary\" target=\"_self\">\r\n              M\u00e1s informaci\u00f3n\r\n              <i class=\"uc-icon icon-shape--rounded\">\r\n                 navigate_next \r\n                \r\n              <\/i>\r\n            <\/a>\r\n          <\/div>\r\n        <\/div>\r\n      <\/div>\r\n    <\/div>\r\n    <div class=\"uc-image-quote_image col-md-10\">\r\n      <img decoding=\"async\" src=\"https:\/\/fadeu.urantiacos.cl\/wp-content\/uploads\/2023\/05\/Centro-de-Politicas-Publicas.jpg\" alt=\"Centro de Pol\u00edticas P\u00fablicas\" draggable=\"false\" \/>\r\n    <\/div>\r\n  <\/div>\r\n<\/div>\r\n<style>\r\n  @media (min-width: 768px) {\r\n    .uc-image-quote.image-right .uc-card {\r\n      width: 320%;\r\n    }\r\n  }\r\n<\/style>\n\n<div class=\"uc-image-quote image-left mb-80\">\r\n  <div class=\"row align-items-center\">\r\n    <div class=\"col-md-6 order-first\">\r\n      <div class=\"uc-image-quote_image\">\r\n        <img decoding=\"async\" src=\"https:\/\/fadeu.urantiacos.cl\/wp-content\/uploads\/2023\/05\/Observatorio-de-Ciudades-OCUC.jpg\" alt=\"Observatorio de Ciudades (OCUC)\" \/>\r\n      <\/div>\r\n    <\/div>\r\n    <div class=\"col-md-6\">\r\n      <div class=\"uc-card\">\r\n        <div class=\"uc-card_body--lg\">\r\n          <div class=\"mb-8\">\r\n            <img decoding=\"async\" src=\"https:\/\/fadeu.urantiacos.cl\/wp-content\/uploads\/2023\/05\/Observatorio-de-Ciudades-OCUC-logo.png\" alt=\"Observatorio de Ciudades (OCUC) logo\" \/>\r\n          <\/div>\r\n          <h2 class=\"uc-quote mb-16\">\r\n            Observatorio de Ciudades (OCUC)\r\n          <\/h2>\r\n          <p class=\"no-margin\">\r\n            El Observatorio de Ciudades UC (OCUC), tiene como objetivo su consolidaci\u00f3n como Centro de Investigaci\u00f3n Aplicada de estudios urbanos y territoriales, que establece a nivel de la Facultad de Arquitectura, Dise\u00f1o y Estudios urbanos, una plataforma de colaboraci\u00f3n institucional para el desarrollo de proyectos e investigaciones que permitan la generaci\u00f3n e implementaci\u00f3n de pol\u00edticas p\u00fablicas urbanas en el pa\u00eds. \r\n          <\/p>\r\n          <div class=\"text-right mt-32\">\r\n            <a href=\"https:\/\/fadeu.urantiacos.cl\/investigacion\/observatorio-de-ciudades-ocuc\/\" class=\"uc-btn btn-primary\" target=\"_self\">\r\n              M\u00e1s informaci\u00f3n\r\n              <i class=\"uc-icon icon-shape--rounded\">\r\n                 navigate_next \r\n                \r\n              <\/i>\r\n            <\/a>\r\n          <\/div>\r\n        <\/div>\r\n      <\/div>\r\n    <\/div>\r\n  <\/div>\r\n<\/div>\n\n<div class=\"uc-image-quote image-right mb-80\">\r\n  <div class=\"row align-items-center\">\r\n    <div class=\"col-md-2 order-last order-md-first\">\r\n      <div class=\"uc-card\">\r\n        <div class=\"uc-card_body--lg\">\r\n          <div class=\"mb-8\">\r\n            <img decoding=\"async\" src=\"https:\/\/fadeu.urantiacos.cl\/wp-content\/uploads\/2023\/07\/Logo-e1688564883152.jpg\" alt=\"\" \/>\r\n          <\/div>\r\n          <h2 class=\"uc-quote mb-16\">\r\n            Centro del Patrimonio Cultural UC\r\n          <\/h2>\r\n          <p class=\"no-margin\">\r\n            El Centro del Patrimonio Cultural de la Pontificia Universidad Cat\u00f3lica de Chile es un organismo que, con la finalidad de fortalecer la identidad cultural, promueve el conocimiento del Patrimonio a trav\u00e9s de programas y acciones acad\u00e9micas interdisciplinarias.\n\n\r\n          <\/p>\r\n          <div class=\"text-right mt-32\">\r\n          <a href=\"https:\/\/fadeu.urantiacos.cl\/investigacion\/centro-del-patrimonio-cultural-uc\/\" class=\"uc-btn btn-primary\" target=\"_self\">\r\n              M\u00e1s informaci\u00f3n\r\n              <i class=\"uc-icon icon-shape--rounded\">\r\n                 navigate_next \r\n                \r\n              <\/i>\r\n            <\/a>\r\n          <\/div>\r\n        <\/div>\r\n      <\/div>\r\n    <\/div>\r\n    <div class=\"uc-image-quote_image col-md-10\">\r\n      <img decoding=\"async\" src=\"https:\/\/fadeu.urantiacos.cl\/wp-content\/uploads\/2023\/07\/SAN_JOAQUIN-005-scaled.jpg\" alt=\"SAN JOAQUIN\" draggable=\"false\" \/>\r\n    <\/div>\r\n  <\/div>\r\n<\/div>\r\n<style>\r\n  @media (min-width: 768px) {\r\n    .uc-image-quote.image-right .uc-card {\r\n      width: 320%;\r\n    }\r\n  }\r\n<\/style>\n\n<div class=\"uc-image-quote image-left mb-80\">\r\n  <div class=\"row align-items-center\">\r\n    <div class=\"col-md-6 order-first\">\r\n      <div class=\"uc-image-quote_image\">\r\n        <img decoding=\"async\" src=\"https:\/\/fadeu.urantiacos.cl\/wp-content\/uploads\/2023\/07\/desastre-natural.jpg\" alt=\"desastre natural\" \/>\r\n      <\/div>\r\n    <\/div>\r\n    <div class=\"col-md-6\">\r\n      <div class=\"uc-card\">\r\n        <div class=\"uc-card_body--lg\">\r\n          <div class=\"mb-8\">\r\n            <img decoding=\"async\" src=\"https:\/\/fadeu.urantiacos.cl\/wp-content\/uploads\/2023\/07\/CIGIDEN_ESP_hor_trans-e1688562641576.png\" alt=\"CIGIDEN\" \/>\r\n          <\/div>\r\n          <h2 class=\"uc-quote mb-16\">\r\n            Centro Nacional de Investigaci\u00f3n para la Gesti\u00f3n Integrada de Desastres Naturales CIGIDEN\r\n          <\/h2>\r\n          <p class=\"no-margin\">\r\n            Generar conocimiento para evitar que los eventos extremos de la naturaleza se transformen en desastres. CIGIDEN cuenta con un equipo de investigadores de diferentes disciplinas , como las ciencias de la tierra, ingenier\u00edas, ciencias sociales, geograf\u00eda, econom\u00eda, dise\u00f1o, arquitectura, urbanismo y ciencias de la comunicaci\u00f3n.\r\n          <\/p>\r\n          <div class=\"text-right mt-32\">\r\n            <a href=\"https:\/\/fadeu.urantiacos.cl\/investigacion\/centro-nacional-de-investigacion-para-la-gestion-integrada-de-desastres-naturales-cigiden\/\" class=\"uc-btn btn-primary\" target=\"_self\">\r\n              M\u00e1s informaci\u00f3n\r\n              <i class=\"uc-icon icon-shape--rounded\">\r\n                 navigate_next \r\n                \r\n              <\/i>\r\n            <\/a>\r\n          <\/div>\r\n        <\/div>\r\n      <\/div>\r\n    <\/div>\r\n  <\/div>\r\n<\/div>\n\n<div class=\"uc-image-quote image-right mb-80\">\r\n  <div class=\"row align-items-center\">\r\n    <div class=\"col-md-2 order-last order-md-first\">\r\n      <div class=\"uc-card\">\r\n        <div class=\"uc-card_body--lg\">\r\n          <h2 class=\"uc-quote mb-16\">\r\n            Laboratorio de Protecciones Solares UC (LAPSO UC)\r\n          <\/h2>\r\n          <p class=\"no-margin\">\r\n            El Laboratorio de Protecciones Solares (LAPSO) es una infraestructura dise\u00f1ada y construida por los investigadores del Grupo de Estudio de Arquitectura y Fachadas UC (GEAF UC) en contexto del proyecto FONDEF ID15I10425 \u201cFachada Variable\u201d. Su objetivo es medir y evaluar el desempe\u00f1o energ\u00e9tico y lum\u00ednico de prototipos de control solar, dise\u00f1ados para su aplicaci\u00f3n en fachadas de edificios.\n\n\r\n          <\/p>\r\n          <div class=\"text-right mt-32\">\r\n          <a href=\"https:\/\/fadeu.urantiacos.cl\/investigacion\/laboratorio-de-protecciones-solares-uc-lapso-uc\/\" class=\"uc-btn btn-primary\" target=\"_self\">\r\n              M\u00e1s informaci\u00f3n\r\n              <i class=\"uc-icon icon-shape--rounded\">\r\n                 navigate_next \r\n                \r\n              <\/i>\r\n            <\/a>\r\n          <\/div>\r\n        <\/div>\r\n      <\/div>\r\n    <\/div>\r\n    <div class=\"uc-image-quote_image col-md-10\">\r\n      <img decoding=\"async\" src=\"https:\/\/fadeu.urantiacos.cl\/wp-content\/uploads\/2023\/05\/Laboratorio-de-Protecciones-Solares-UC-LAPSO-UC.jpg\" alt=\"Laboratorio de Protecciones Solares UC (LAPSO UC)\" draggable=\"false\" \/>\r\n    <\/div>\r\n  <\/div>\r\n<\/div>\r\n<style>\r\n  @media (min-width: 768px) {\r\n    .uc-image-quote.image-right .uc-card {\r\n      width: 320%;\r\n    }\r\n  }\r\n<\/style>\n\n<div class=\"uc-image-quote image-left mb-80\">\r\n  <div class=\"row align-items-center\">\r\n    <div class=\"col-md-6 order-first\">\r\n      <div class=\"uc-image-quote_image\">\r\n        <img decoding=\"async\" src=\"https:\/\/fadeu.urantiacos.cl\/wp-content\/uploads\/2023\/08\/COES-2020-700x350-1.jpeg\" alt=\"\" \/>\r\n      <\/div>\r\n    <\/div>\r\n    <div class=\"col-md-6\">\r\n      <div class=\"uc-card\">\r\n        <div class=\"uc-card_body--lg\">\r\n          <h2 class=\"uc-quote mb-16\">\r\n            Centro de Estudios de Conflicto y Cohesi\u00f3n Social (COES)\r\n          <\/h2>\r\n          <p class=\"no-margin\">\r\n            El Centro de Estudios de Conflicto y Cohesi\u00f3n Social (COES) desarrolla investigaci\u00f3n colaborativa en temas relacionados al conflicto y la cohesi\u00f3n social en Chile, por medio de un equipo multidisciplinario de investigadoras e investigadores, provenientes de las ciencias sociales y humanidades. COES centra sus actividades acad\u00e9micas y de difusi\u00f3n en el an\u00e1lisis de las m\u00faltiples manifestaciones del conflicto social en Chile, sus causas, as\u00ed como tambi\u00e9n su contexto cultural e hist\u00f3rico.\r\n          <\/p>\r\n          <div class=\"text-right mt-32\">\r\n            <a href=\"https:\/\/fadeu.urantiacos.cl\/investigacion\/centro-de-estudios-de-conflicto-y-cohesion-social-coes\/\" class=\"uc-btn btn-primary\" target=\"_self\">\r\n              M\u00e1s informaci\u00f3n\r\n              <i class=\"uc-icon icon-shape--rounded\">\r\n                 navigate_next \r\n                \r\n              <\/i>\r\n            <\/a>\r\n          <\/div>\r\n        <\/div>\r\n      <\/div>\r\n    <\/div>\r\n  <\/div>\r\n<\/div>","protected":false},"excerpt":{"rendered":"","protected":false},"author":1,"featured_media":0,"parent":0,"menu_order":0,"comment_status":"closed","ping_status":"closed","template":"","meta":{"_acf_changed":false,"footnotes":""},"class_list":["post-32029","page","type-page","status-publish","hentry"],"acf":[],"yoast_head":"<!-- This site is optimized with the Yoast SEO plugin v27.1.1 - https:\/\/yoast.com\/product\/yoast-seo-wordpress\/ -->\n<title>Research<\/title>\n<meta name=\"description\" content=\"Learn about the research centers affiliated with the Faculty of Architecture, Design, and Urban Studies\" \/>\n<meta name=\"robots\" content=\"index, follow, max-snippet:-1, max-image-preview:large, max-video-preview:-1\" \/>\n<link rel=\"canonical\" href=\"https:\/\/fadeu.urantiacos.cl\/en\/research\/\" \/>\n<meta property=\"og:locale\" content=\"en_US\" \/>\n<meta property=\"og:type\" content=\"article\" \/>\n<meta property=\"og:title\" content=\"Research\" \/>\n<meta property=\"og:description\" content=\"Learn about the research centers affiliated with the Faculty of Architecture, Design, and Urban Studies\" \/>\n<meta property=\"og:url\" content=\"https:\/\/fadeu.urantiacos.cl\/en\/research\/\" \/>\n<meta property=\"og:site_name\" content=\"Facultad de Arquitectura, Dise\u00f1o y Estudios Urbanos\" \/>\n<meta property=\"article:modified_time\" content=\"2026-04-10T06:42:56+00:00\" \/>\n<meta name=\"twitter:card\" content=\"summary_large_image\" \/>\n<script type=\"application\/ld+json\" class=\"yoast-schema-graph\">{\"@context\":\"https:\/\/schema.org\",\"@graph\":[{\"@type\":\"WebPage\",\"@id\":\"https:\/\/fadeu.urantiacos.cl\/en\/research\/\",\"url\":\"https:\/\/fadeu.urantiacos.cl\/en\/research\/\",\"name\":\"Research\",\"isPartOf\":{\"@id\":\"https:\/\/fadeu.urantiacos.cl\/en\/#website\"},\"datePublished\":\"2023-04-08T19:42:22+00:00\",\"dateModified\":\"2026-04-10T06:42:56+00:00\",\"description\":\"Learn about the research centers affiliated with the Faculty of Architecture, Design, and Urban Studies\",\"breadcrumb\":{\"@id\":\"https:\/\/fadeu.urantiacos.cl\/en\/research\/#breadcrumb\"},\"inLanguage\":\"en-US\",\"potentialAction\":[{\"@type\":\"ReadAction\",\"target\":[\"https:\/\/fadeu.urantiacos.cl\/en\/research\/\"]}]},{\"@type\":\"BreadcrumbList\",\"@id\":\"https:\/\/fadeu.urantiacos.cl\/en\/research\/#breadcrumb\",\"itemListElement\":[{\"@type\":\"ListItem\",\"position\":1,\"name\":\"Portada\",\"item\":\"https:\/\/fadeu.urantiacos.cl\/en\/home\/\"},{\"@type\":\"ListItem\",\"position\":2,\"name\":\"Research\"}]},{\"@type\":\"WebSite\",\"@id\":\"https:\/\/fadeu.urantiacos.cl\/en\/#website\",\"url\":\"https:\/\/fadeu.urantiacos.cl\/en\/\",\"name\":\"Facultad de Arquitectura, Dise\u00f1o y Estudios Urbanos\",\"description\":\"Campus Lo Contador\",\"potentialAction\":[{\"@type\":\"SearchAction\",\"target\":{\"@type\":\"EntryPoint\",\"urlTemplate\":\"https:\/\/fadeu.urantiacos.cl\/en\/?s={search_term_string}\"},\"query-input\":{\"@type\":\"PropertyValueSpecification\",\"valueRequired\":true,\"valueName\":\"search_term_string\"}}],\"inLanguage\":\"en-US\"}]}<\/script>\n<!-- \/ Yoast SEO plugin. -->","yoast_head_json":{"title":"Research","description":"Learn about the research centers affiliated with the Faculty of Architecture, Design, and Urban Studies","robots":{"index":"index","follow":"follow","max-snippet":"max-snippet:-1","max-image-preview":"max-image-preview:large","max-video-preview":"max-video-preview:-1"},"canonical":"https:\/\/fadeu.urantiacos.cl\/en\/research\/","og_locale":"en_US","og_type":"article","og_title":"Research","og_description":"Learn about the research centers affiliated with the Faculty of Architecture, Design, and Urban Studies","og_url":"https:\/\/fadeu.urantiacos.cl\/en\/research\/","og_site_name":"Facultad de Arquitectura, Dise\u00f1o y Estudios Urbanos","article_modified_time":"2026-04-10T06:42:56+00:00","twitter_card":"summary_large_image","schema":{"@context":"https:\/\/schema.org","@graph":[{"@type":"WebPage","@id":"https:\/\/fadeu.urantiacos.cl\/en\/research\/","url":"https:\/\/fadeu.urantiacos.cl\/en\/research\/","name":"Research","isPartOf":{"@id":"https:\/\/fadeu.urantiacos.cl\/en\/#website"},"datePublished":"2023-04-08T19:42:22+00:00","dateModified":"2026-04-10T06:42:56+00:00","description":"Learn about the research centers affiliated with the Faculty of Architecture, Design, and Urban Studies","breadcrumb":{"@id":"https:\/\/fadeu.urantiacos.cl\/en\/research\/#breadcrumb"},"inLanguage":"en-US","potentialAction":[{"@type":"ReadAction","target":["https:\/\/fadeu.urantiacos.cl\/en\/research\/"]}]},{"@type":"BreadcrumbList","@id":"https:\/\/fadeu.urantiacos.cl\/en\/research\/#breadcrumb","itemListElement":[{"@type":"ListItem","position":1,"name":"Portada","item":"https:\/\/fadeu.urantiacos.cl\/en\/home\/"},{"@type":"ListItem","position":2,"name":"Research"}]},{"@type":"WebSite","@id":"https:\/\/fadeu.urantiacos.cl\/en\/#website","url":"https:\/\/fadeu.urantiacos.cl\/en\/","name":"Facultad de Arquitectura, Dise\u00f1o y Estudios Urbanos","description":"Campus Lo Contador","potentialAction":[{"@type":"SearchAction","target":{"@type":"EntryPoint","urlTemplate":"https:\/\/fadeu.urantiacos.cl\/en\/?s={search_term_string}"},"query-input":{"@type":"PropertyValueSpecification","valueRequired":true,"valueName":"search_term_string"}}],"inLanguage":"en-US"}]}},"_links":{"self":[{"href":"https:\/\/fadeu.urantiacos.cl\/en\/wp-json\/wp\/v2\/pages\/32029","targetHints":{"allow":["GET"]}}],"collection":[{"href":"https:\/\/fadeu.urantiacos.cl\/en\/wp-json\/wp\/v2\/pages"}],"about":[{"href":"https:\/\/fadeu.urantiacos.cl\/en\/wp-json\/wp\/v2\/types\/page"}],"author":[{"embeddable":true,"href":"https:\/\/fadeu.urantiacos.cl\/en\/wp-json\/wp\/v2\/users\/1"}],"replies":[{"embeddable":true,"href":"https:\/\/fadeu.urantiacos.cl\/en\/wp-json\/wp\/v2\/comments?post=32029"}],"version-history":[{"count":1,"href":"https:\/\/fadeu.urantiacos.cl\/en\/wp-json\/wp\/v2\/pages\/32029\/revisions"}],"predecessor-version":[{"id":32032,"href":"https:\/\/fadeu.urantiacos.cl\/en\/wp-json\/wp\/v2\/pages\/32029\/revisions\/32032"}],"wp:attachment":[{"href":"https:\/\/fadeu.urantiacos.cl\/en\/wp-json\/wp\/v2\/media?parent=32029"}],"curies":[{"name":"wp","href":"https:\/\/api.w.org\/{rel}","templated":true}]}}