{"id":32008,"date":"2023-04-08T16:41:51","date_gmt":"2023-04-08T19:41:51","guid":{"rendered":"https:\/\/fadeu.urantiacos.cl\/study-here\/"},"modified":"2026-04-10T03:42:44","modified_gmt":"2026-04-10T06:42:44","slug":"study-here","status":"publish","type":"page","link":"https:\/\/fadeu.urantiacos.cl\/en\/study-here\/","title":{"rendered":"Study here"},"content":{"rendered":"<div class=\"uc-image-quote image-left mb-80\">\r\n  <div class=\"row align-items-center\">\r\n    <div class=\"col-md-6 order-first\">\r\n      <div class=\"uc-image-quote_image\">\r\n        <img decoding=\"async\" src=\"https:\/\/fadeu.urantiacos.cl\/wp-content\/uploads\/2023\/05\/Doctorado.jpg\" alt=\"Doctorado\" \/>\r\n      <\/div>\r\n    <\/div>\r\n    <div class=\"col-md-6\">\r\n      <div class=\"uc-card\">\r\n        <div class=\"uc-card_body--lg\">\r\n          <h2 class=\"uc-quote mb-16\">\r\n            Doctorado\r\n          <\/h2>\r\n          <p class=\"no-margin\">\r\n            La Facultad de Arquitectura, Dise\u00f1o y estudios urbanos (FADEU) fue fundada en 1920 y est\u00e1 constituida por la Escuela de Arquitectura, la Escuela de Dise\u00f1o, y el Instituto de Estudios Urbanos y Territoriales. Estas tres unidades cuentan con programas de pregrado y postgrado. Las \u00e1reas disciplinares de la Facultad abordan la complejidad de la habitabilidad en toda su extensi\u00f3n, desde el objeto hasta el territorio. Desde su \u00e1mbito espec\u00edfico cada unidad de la FADEU contribuye tanto a la universidad como al \u00e1mbito p\u00fablico, desde una reconocida posici\u00f3n de liderazgo por la calidad de su docencia, de sus acad\u00e9micos, la investigaci\u00f3n y divulgaci\u00f3n de sus disciplinas.\r\n          <\/p>\r\n          <div class=\"text-right mt-32\">\r\n            <a href=\"https:\/\/doctorado.fadeu.urantiacos.cl\/\" class=\"uc-btn btn-primary\" target=\"_blank\">\r\n              Ir al sitio de Doctorado\r\n              <i class=\"uc-icon icon-shape--rounded\">\r\n                \r\n                 launch \r\n              <\/i>\r\n            <\/a>\r\n          <\/div>\r\n        <\/div>\r\n      <\/div>\r\n    <\/div>\r\n  <\/div>\r\n<\/div>\n<h2 class=\"wp-block-heading mb-40\">Master&#8217;s Programs<\/h2>\nNo se encontraron links para esta Ubicacion.<div class=\"uc-image-quote image-left mb-80\">\r\n  <div class=\"row align-items-center\">\r\n    <div class=\"col-md-6 order-first\">\r\n      <div class=\"uc-image-quote_image\">\r\n        <img decoding=\"async\" src=\"https:\/\/fadeu.urantiacos.cl\/wp-content\/uploads\/2023\/05\/diplomados.jpg\" alt=\"Diplomados\" \/>\r\n      <\/div>\r\n    <\/div>\r\n    <div class=\"col-md-6\">\r\n      <div class=\"uc-card\">\r\n        <div class=\"uc-card_body--lg\">\r\n          <h2 class=\"uc-quote mb-16\">\r\n            Diplomados y cursos\r\n          <\/h2>\r\n          <p class=\"no-margin\">\r\n            La Direcci\u00f3n de Educaci\u00f3n Continua de la Pontificia Universidad Cat\u00f3lica de Chile, Educaci\u00f3n Continua UC, tiene como prop\u00f3sito entregar aprendizaje a todas aquellas personas que desean mantener actualizados los conocimientos, habilidades y destrezas que caracterizan a su actividad.\nTambi\u00e9n, para aquellas personas que buscan extender su saber hacia \u00e1reas complementarias, as\u00ed como acceder al manejo de nuevos procedimientos y\/o tecnolog\u00edas.\nAdem\u00e1s, Educaci\u00f3n Continua UC busca aportar a los ejes de desarrollo de la Universidad, innovando en la docencia, promoviendo la interdisciplina, el compromiso p\u00fablico y la internacionalizaci\u00f3n.\r\n          <\/p>\r\n          <div class=\"text-right mt-32\">\r\n            <a href=\"https:\/\/educacioncontinua.uc.cl\/programas\/?area=arquitectura-diseno-y-urbanismo\" class=\"uc-btn btn-primary\" target=\"_blank\">\r\n              Ir al sitio de Educaci\u00f3n Continua UC\r\n              <i class=\"uc-icon icon-shape--rounded\">\r\n                \r\n                 launch \r\n              <\/i>\r\n            <\/a>\r\n          <\/div>\r\n        <\/div>\r\n      <\/div>\r\n    <\/div>\r\n  <\/div>\r\n<\/div>","protected":false},"excerpt":{"rendered":"<p>Master&#8217;s Programs<\/p>\n","protected":false},"author":1,"featured_media":0,"parent":0,"menu_order":0,"comment_status":"closed","ping_status":"closed","template":"","meta":{"_acf_changed":false,"footnotes":""},"class_list":["post-32008","page","type-page","status-publish","hentry"],"acf":[],"yoast_head":"<!-- This site is optimized with the Yoast SEO plugin v27.1.1 - https:\/\/yoast.com\/product\/yoast-seo-wordpress\/ -->\n<title>Study here<\/title>\n<meta name=\"description\" content=\"Explore our graduate program offerings at the Faculty of Architecture, Design, and Urban Studies and take the next step in your career\" \/>\n<meta name=\"robots\" content=\"index, follow, max-snippet:-1, max-image-preview:large, max-video-preview:-1\" \/>\n<link rel=\"canonical\" href=\"https:\/\/fadeu.urantiacos.cl\/en\/study-here\/\" \/>\n<meta property=\"og:locale\" content=\"en_US\" \/>\n<meta property=\"og:type\" content=\"article\" \/>\n<meta property=\"og:title\" content=\"Study here\" \/>\n<meta property=\"og:description\" content=\"Explore our graduate program offerings at the Faculty of Architecture, Design, and Urban Studies and take the next step in your career\" \/>\n<meta property=\"og:url\" content=\"https:\/\/fadeu.urantiacos.cl\/en\/study-here\/\" \/>\n<meta property=\"og:site_name\" content=\"Facultad de Arquitectura, Dise\u00f1o y Estudios Urbanos\" \/>\n<meta property=\"article:modified_time\" content=\"2026-04-10T06:42:44+00:00\" \/>\n<meta name=\"twitter:card\" content=\"summary_large_image\" \/>\n<script type=\"application\/ld+json\" class=\"yoast-schema-graph\">{\"@context\":\"https:\/\/schema.org\",\"@graph\":[{\"@type\":\"WebPage\",\"@id\":\"https:\/\/fadeu.urantiacos.cl\/en\/study-here\/\",\"url\":\"https:\/\/fadeu.urantiacos.cl\/en\/study-here\/\",\"name\":\"Study here\",\"isPartOf\":{\"@id\":\"https:\/\/fadeu.urantiacos.cl\/en\/#website\"},\"datePublished\":\"2023-04-08T19:41:51+00:00\",\"dateModified\":\"2026-04-10T06:42:44+00:00\",\"description\":\"Explore our graduate program offerings at the Faculty of Architecture, Design, and Urban Studies and take the next step in your career\",\"breadcrumb\":{\"@id\":\"https:\/\/fadeu.urantiacos.cl\/en\/study-here\/#breadcrumb\"},\"inLanguage\":\"en-US\",\"potentialAction\":[{\"@type\":\"ReadAction\",\"target\":[\"https:\/\/fadeu.urantiacos.cl\/en\/study-here\/\"]}]},{\"@type\":\"BreadcrumbList\",\"@id\":\"https:\/\/fadeu.urantiacos.cl\/en\/study-here\/#breadcrumb\",\"itemListElement\":[{\"@type\":\"ListItem\",\"position\":1,\"name\":\"Portada\",\"item\":\"https:\/\/fadeu.urantiacos.cl\/en\/home\/\"},{\"@type\":\"ListItem\",\"position\":2,\"name\":\"Study here\"}]},{\"@type\":\"WebSite\",\"@id\":\"https:\/\/fadeu.urantiacos.cl\/en\/#website\",\"url\":\"https:\/\/fadeu.urantiacos.cl\/en\/\",\"name\":\"Facultad de Arquitectura, Dise\u00f1o y Estudios Urbanos\",\"description\":\"Campus Lo Contador\",\"potentialAction\":[{\"@type\":\"SearchAction\",\"target\":{\"@type\":\"EntryPoint\",\"urlTemplate\":\"https:\/\/fadeu.urantiacos.cl\/en\/?s={search_term_string}\"},\"query-input\":{\"@type\":\"PropertyValueSpecification\",\"valueRequired\":true,\"valueName\":\"search_term_string\"}}],\"inLanguage\":\"en-US\"}]}<\/script>\n<!-- \/ Yoast SEO plugin. -->","yoast_head_json":{"title":"Study here","description":"Explore our graduate program offerings at the Faculty of Architecture, Design, and Urban Studies and take the next step in your career","robots":{"index":"index","follow":"follow","max-snippet":"max-snippet:-1","max-image-preview":"max-image-preview:large","max-video-preview":"max-video-preview:-1"},"canonical":"https:\/\/fadeu.urantiacos.cl\/en\/study-here\/","og_locale":"en_US","og_type":"article","og_title":"Study here","og_description":"Explore our graduate program offerings at the Faculty of Architecture, Design, and Urban Studies and take the next step in your career","og_url":"https:\/\/fadeu.urantiacos.cl\/en\/study-here\/","og_site_name":"Facultad de Arquitectura, Dise\u00f1o y Estudios Urbanos","article_modified_time":"2026-04-10T06:42:44+00:00","twitter_card":"summary_large_image","schema":{"@context":"https:\/\/schema.org","@graph":[{"@type":"WebPage","@id":"https:\/\/fadeu.urantiacos.cl\/en\/study-here\/","url":"https:\/\/fadeu.urantiacos.cl\/en\/study-here\/","name":"Study here","isPartOf":{"@id":"https:\/\/fadeu.urantiacos.cl\/en\/#website"},"datePublished":"2023-04-08T19:41:51+00:00","dateModified":"2026-04-10T06:42:44+00:00","description":"Explore our graduate program offerings at the Faculty of Architecture, Design, and Urban Studies and take the next step in your career","breadcrumb":{"@id":"https:\/\/fadeu.urantiacos.cl\/en\/study-here\/#breadcrumb"},"inLanguage":"en-US","potentialAction":[{"@type":"ReadAction","target":["https:\/\/fadeu.urantiacos.cl\/en\/study-here\/"]}]},{"@type":"BreadcrumbList","@id":"https:\/\/fadeu.urantiacos.cl\/en\/study-here\/#breadcrumb","itemListElement":[{"@type":"ListItem","position":1,"name":"Portada","item":"https:\/\/fadeu.urantiacos.cl\/en\/home\/"},{"@type":"ListItem","position":2,"name":"Study here"}]},{"@type":"WebSite","@id":"https:\/\/fadeu.urantiacos.cl\/en\/#website","url":"https:\/\/fadeu.urantiacos.cl\/en\/","name":"Facultad de Arquitectura, Dise\u00f1o y Estudios Urbanos","description":"Campus Lo Contador","potentialAction":[{"@type":"SearchAction","target":{"@type":"EntryPoint","urlTemplate":"https:\/\/fadeu.urantiacos.cl\/en\/?s={search_term_string}"},"query-input":{"@type":"PropertyValueSpecification","valueRequired":true,"valueName":"search_term_string"}}],"inLanguage":"en-US"}]}},"_links":{"self":[{"href":"https:\/\/fadeu.urantiacos.cl\/en\/wp-json\/wp\/v2\/pages\/32008","targetHints":{"allow":["GET"]}}],"collection":[{"href":"https:\/\/fadeu.urantiacos.cl\/en\/wp-json\/wp\/v2\/pages"}],"about":[{"href":"https:\/\/fadeu.urantiacos.cl\/en\/wp-json\/wp\/v2\/types\/page"}],"author":[{"embeddable":true,"href":"https:\/\/fadeu.urantiacos.cl\/en\/wp-json\/wp\/v2\/users\/1"}],"replies":[{"embeddable":true,"href":"https:\/\/fadeu.urantiacos.cl\/en\/wp-json\/wp\/v2\/comments?post=32008"}],"version-history":[{"count":1,"href":"https:\/\/fadeu.urantiacos.cl\/en\/wp-json\/wp\/v2\/pages\/32008\/revisions"}],"predecessor-version":[{"id":32013,"href":"https:\/\/fadeu.urantiacos.cl\/en\/wp-json\/wp\/v2\/pages\/32008\/revisions\/32013"}],"wp:attachment":[{"href":"https:\/\/fadeu.urantiacos.cl\/en\/wp-json\/wp\/v2\/media?parent=32008"}],"curies":[{"name":"wp","href":"https:\/\/api.w.org\/{rel}","templated":true}]}}