{"id":31980,"date":"2023-04-08T16:55:46","date_gmt":"2023-04-08T19:55:46","guid":{"rendered":"https:\/\/fadeu.urantiacos.cl\/center-for-sustainable-urban-development-cedeus\/"},"modified":"2026-04-10T03:42:55","modified_gmt":"2026-04-10T06:42:55","slug":"center-for-sustainable-urban-development-cedeus","status":"publish","type":"page","link":"https:\/\/fadeu.urantiacos.cl\/en\/research\/center-for-sustainable-urban-development-cedeus\/","title":{"rendered":"Center for Sustainable Urban Development (CEDEUS)"},"content":{"rendered":"\n<h1 class=\"wp-block-heading uc-title mb-60\">Centers and Initiatives<\/h1>\n<div class=\"uc-image-quote image-left mb-80\">\r\n  <div class=\"row align-items-center\">\r\n    <div class=\"col-md-6 order-first\">\r\n      <div class=\"uc-image-quote_image\">\r\n        <img decoding=\"async\" src=\"https:\/\/fadeu.urantiacos.cl\/wp-content\/uploads\/2023\/05\/Centros-e-Iniciativas-1.jpg\" alt=\"Centro de Desarrollo Urbano Sustentable CEDEUS\" \/>\r\n      <\/div>\r\n    <\/div>\r\n    <div class=\"col-md-6\">\r\n      <div class=\"uc-card\">\r\n        <div class=\"uc-card_body--lg\">\r\n          <div class=\"mb-8\">\r\n            <img decoding=\"async\" src=\"https:\/\/fadeu.urantiacos.cl\/wp-content\/uploads\/2023\/05\/CEDEUS-logo.png\" alt=\"CEDEUS logo\" \/>\r\n          <\/div>\r\n          <h2 class=\"uc-quote mb-16\">\r\n            Centro de Desarrollo Urbano Sustentable CEDEUS\r\n          <\/h2>\r\n          <p class=\"no-margin\">\r\n            El Centro de Desarrollo Urbano Sustentable (CEDEUS) es un Centro de Investigaci\u00f3n que promueve la discusi\u00f3n sobre las ciudades de nuestro pa\u00eds y sus procesos de desarrollo sustentable. Su objetivo principal es entender las din\u00e1micas urbanas, los instrumentos y los procesos de toma de decisiones que permiten desarrollar mejoras equitativas y sostenidas en la calidad de vida de las personas, a trav\u00e9s del reconocimiento de los l\u00edmites biof\u00edsicos y de las demandas sociales de las ciudades chilenas.\r\n          <\/p>\r\n          <div class=\"text-right mt-32\">\r\n            <a href=\"http:\/\/www.cedeus.cl\/\" class=\"uc-btn btn-primary\" target=\"_blank\">\r\n              Ir al sitio de CEDEUS\r\n              <i class=\"uc-icon icon-shape--rounded\">\r\n                \r\n                 launch \r\n              <\/i>\r\n            <\/a>\r\n          <\/div>\r\n        <\/div>\r\n      <\/div>\r\n    <\/div>\r\n  <\/div>\r\n<\/div>\n<p>CEDEUS is an initiative that brings together leading researchers in their field who seek to contribute, in an interdisciplinary manner, to the challenges of research, human capital training, and engagement with society in the area of Sustainable Urban Development.<\/p>\n\n<p>The center is made up of three institutions: the Pontifical Catholic University of Chile (UC) as the Sponsoring institution; the University of Concepci\u00f3n (UdeC) as the Associated institution; and, as an international collaborator, the Center for Sustainable Urban Development (CSUD) at Columbia University in the United States.<\/p>\n\n<p class=\"mb-60\">CEDEUS is a Center of Excellence in Research, funded by CONICYT through its FONDAP Program (CONICYT\/FONDAP 15110020).<\/p>\n\n<div class=\"wp-block-columns is-layout-flex wp-container-core-columns-is-layout-9d6595d7 wp-block-columns-is-layout-flex\">\n<div class=\"wp-block-column is-layout-flow wp-block-column-is-layout-flow\" style=\"flex-basis:33.33%\">\n<h2 class=\"wp-block-heading h3 mb-32\">Contact<\/h2>\n\n\nNo se encontraron personas para este tipo de Area.<\/div>\n\n\n\n<div class=\"wp-block-column is-layout-flow wp-block-column-is-layout-flow\" style=\"flex-basis:66.66%\">\n<h2 class=\"wp-block-heading h3 mb-32\">Location<\/h2>\n\n\n\n<p>Los Navegantes #1963 &#8211; Lo Contador Campus<br\/>Providencia, Santiago.<\/p>\n<\/div>\n<\/div>\n","protected":false},"excerpt":{"rendered":"<p>Centers and Initiatives CEDEUS is an initiative that brings together leading researchers in their field who seek to contribute, in an interdisciplinary manner, to the challenges of research, human capital training, and engagement with society in the area of Sustainable Urban Development. The center is made up of three institutions: the Pontifical Catholic University of [&hellip;]<\/p>\n","protected":false},"author":1,"featured_media":0,"parent":32029,"menu_order":0,"comment_status":"closed","ping_status":"closed","template":"","meta":{"_acf_changed":false,"footnotes":""},"class_list":["post-31980","page","type-page","status-publish","hentry"],"acf":[],"yoast_head":"<!-- This site is optimized with the Yoast SEO plugin v27.1.1 - https:\/\/yoast.com\/product\/yoast-seo-wordpress\/ -->\n<title>Center for Sustainable Urban Development (CEDEUS)<\/title>\n<meta name=\"description\" content=\"Discover the Center for Sustainable Urban Development (CEDEUS), where discussion is promoted on the cities of our country and their sustainable development processes.\" \/>\n<meta name=\"robots\" content=\"index, follow, max-snippet:-1, max-image-preview:large, max-video-preview:-1\" \/>\n<link rel=\"canonical\" href=\"https:\/\/fadeu.urantiacos.cl\/en\/research\/center-for-sustainable-urban-development-cedeus\/\" \/>\n<meta property=\"og:locale\" content=\"en_US\" \/>\n<meta property=\"og:type\" content=\"article\" \/>\n<meta property=\"og:title\" content=\"Center for Sustainable Urban Development (CEDEUS)\" \/>\n<meta property=\"og:description\" content=\"Discover the Center for Sustainable Urban Development (CEDEUS), where discussion is promoted on the cities of our country and their sustainable development processes.\" \/>\n<meta property=\"og:url\" content=\"https:\/\/fadeu.urantiacos.cl\/en\/research\/center-for-sustainable-urban-development-cedeus\/\" \/>\n<meta property=\"og:site_name\" content=\"Facultad de Arquitectura, Dise\u00f1o y Estudios Urbanos\" \/>\n<meta property=\"article:modified_time\" content=\"2026-04-10T06:42:55+00:00\" \/>\n<meta name=\"twitter:card\" content=\"summary_large_image\" \/>\n<meta name=\"twitter:label1\" content=\"Est. reading time\" \/>\n\t<meta name=\"twitter:data1\" content=\"1 minute\" \/>\n<script type=\"application\/ld+json\" class=\"yoast-schema-graph\">{\"@context\":\"https:\/\/schema.org\",\"@graph\":[{\"@type\":\"WebPage\",\"@id\":\"https:\/\/fadeu.urantiacos.cl\/en\/research\/center-for-sustainable-urban-development-cedeus\/\",\"url\":\"https:\/\/fadeu.urantiacos.cl\/en\/research\/center-for-sustainable-urban-development-cedeus\/\",\"name\":\"Center for Sustainable Urban Development (CEDEUS)\",\"isPartOf\":{\"@id\":\"https:\/\/fadeu.urantiacos.cl\/en\/#website\"},\"datePublished\":\"2023-04-08T19:55:46+00:00\",\"dateModified\":\"2026-04-10T06:42:55+00:00\",\"description\":\"Discover the Center for Sustainable Urban Development (CEDEUS), where discussion is promoted on the cities of our country and their sustainable development processes.\",\"breadcrumb\":{\"@id\":\"https:\/\/fadeu.urantiacos.cl\/en\/research\/center-for-sustainable-urban-development-cedeus\/#breadcrumb\"},\"inLanguage\":\"en-US\",\"potentialAction\":[{\"@type\":\"ReadAction\",\"target\":[\"https:\/\/fadeu.urantiacos.cl\/en\/research\/center-for-sustainable-urban-development-cedeus\/\"]}]},{\"@type\":\"BreadcrumbList\",\"@id\":\"https:\/\/fadeu.urantiacos.cl\/en\/research\/center-for-sustainable-urban-development-cedeus\/#breadcrumb\",\"itemListElement\":[{\"@type\":\"ListItem\",\"position\":1,\"name\":\"Portada\",\"item\":\"https:\/\/fadeu.urantiacos.cl\/en\/home\/\"},{\"@type\":\"ListItem\",\"position\":2,\"name\":\"Research\",\"item\":\"https:\/\/fadeu.urantiacos.cl\/en\/research\/\"},{\"@type\":\"ListItem\",\"position\":3,\"name\":\"Center for Sustainable Urban Development (CEDEUS)\"}]},{\"@type\":\"WebSite\",\"@id\":\"https:\/\/fadeu.urantiacos.cl\/en\/#website\",\"url\":\"https:\/\/fadeu.urantiacos.cl\/en\/\",\"name\":\"Facultad de Arquitectura, Dise\u00f1o y Estudios Urbanos\",\"description\":\"Campus Lo Contador\",\"potentialAction\":[{\"@type\":\"SearchAction\",\"target\":{\"@type\":\"EntryPoint\",\"urlTemplate\":\"https:\/\/fadeu.urantiacos.cl\/en\/?s={search_term_string}\"},\"query-input\":{\"@type\":\"PropertyValueSpecification\",\"valueRequired\":true,\"valueName\":\"search_term_string\"}}],\"inLanguage\":\"en-US\"}]}<\/script>\n<!-- \/ Yoast SEO plugin. -->","yoast_head_json":{"title":"Center for Sustainable Urban Development (CEDEUS)","description":"Discover the Center for Sustainable Urban Development (CEDEUS), where discussion is promoted on the cities of our country and their sustainable development processes.","robots":{"index":"index","follow":"follow","max-snippet":"max-snippet:-1","max-image-preview":"max-image-preview:large","max-video-preview":"max-video-preview:-1"},"canonical":"https:\/\/fadeu.urantiacos.cl\/en\/research\/center-for-sustainable-urban-development-cedeus\/","og_locale":"en_US","og_type":"article","og_title":"Center for Sustainable Urban Development (CEDEUS)","og_description":"Discover the Center for Sustainable Urban Development (CEDEUS), where discussion is promoted on the cities of our country and their sustainable development processes.","og_url":"https:\/\/fadeu.urantiacos.cl\/en\/research\/center-for-sustainable-urban-development-cedeus\/","og_site_name":"Facultad de Arquitectura, Dise\u00f1o y Estudios Urbanos","article_modified_time":"2026-04-10T06:42:55+00:00","twitter_card":"summary_large_image","twitter_misc":{"Est. reading time":"1 minute"},"schema":{"@context":"https:\/\/schema.org","@graph":[{"@type":"WebPage","@id":"https:\/\/fadeu.urantiacos.cl\/en\/research\/center-for-sustainable-urban-development-cedeus\/","url":"https:\/\/fadeu.urantiacos.cl\/en\/research\/center-for-sustainable-urban-development-cedeus\/","name":"Center for Sustainable Urban Development (CEDEUS)","isPartOf":{"@id":"https:\/\/fadeu.urantiacos.cl\/en\/#website"},"datePublished":"2023-04-08T19:55:46+00:00","dateModified":"2026-04-10T06:42:55+00:00","description":"Discover the Center for Sustainable Urban Development (CEDEUS), where discussion is promoted on the cities of our country and their sustainable development processes.","breadcrumb":{"@id":"https:\/\/fadeu.urantiacos.cl\/en\/research\/center-for-sustainable-urban-development-cedeus\/#breadcrumb"},"inLanguage":"en-US","potentialAction":[{"@type":"ReadAction","target":["https:\/\/fadeu.urantiacos.cl\/en\/research\/center-for-sustainable-urban-development-cedeus\/"]}]},{"@type":"BreadcrumbList","@id":"https:\/\/fadeu.urantiacos.cl\/en\/research\/center-for-sustainable-urban-development-cedeus\/#breadcrumb","itemListElement":[{"@type":"ListItem","position":1,"name":"Portada","item":"https:\/\/fadeu.urantiacos.cl\/en\/home\/"},{"@type":"ListItem","position":2,"name":"Research","item":"https:\/\/fadeu.urantiacos.cl\/en\/research\/"},{"@type":"ListItem","position":3,"name":"Center for Sustainable Urban Development (CEDEUS)"}]},{"@type":"WebSite","@id":"https:\/\/fadeu.urantiacos.cl\/en\/#website","url":"https:\/\/fadeu.urantiacos.cl\/en\/","name":"Facultad de Arquitectura, Dise\u00f1o y Estudios Urbanos","description":"Campus Lo Contador","potentialAction":[{"@type":"SearchAction","target":{"@type":"EntryPoint","urlTemplate":"https:\/\/fadeu.urantiacos.cl\/en\/?s={search_term_string}"},"query-input":{"@type":"PropertyValueSpecification","valueRequired":true,"valueName":"search_term_string"}}],"inLanguage":"en-US"}]}},"_links":{"self":[{"href":"https:\/\/fadeu.urantiacos.cl\/en\/wp-json\/wp\/v2\/pages\/31980","targetHints":{"allow":["GET"]}}],"collection":[{"href":"https:\/\/fadeu.urantiacos.cl\/en\/wp-json\/wp\/v2\/pages"}],"about":[{"href":"https:\/\/fadeu.urantiacos.cl\/en\/wp-json\/wp\/v2\/types\/page"}],"author":[{"embeddable":true,"href":"https:\/\/fadeu.urantiacos.cl\/en\/wp-json\/wp\/v2\/users\/1"}],"replies":[{"embeddable":true,"href":"https:\/\/fadeu.urantiacos.cl\/en\/wp-json\/wp\/v2\/comments?post=31980"}],"version-history":[{"count":1,"href":"https:\/\/fadeu.urantiacos.cl\/en\/wp-json\/wp\/v2\/pages\/31980\/revisions"}],"predecessor-version":[{"id":31982,"href":"https:\/\/fadeu.urantiacos.cl\/en\/wp-json\/wp\/v2\/pages\/31980\/revisions\/31982"}],"up":[{"embeddable":true,"href":"https:\/\/fadeu.urantiacos.cl\/en\/wp-json\/wp\/v2\/pages\/32029"}],"wp:attachment":[{"href":"https:\/\/fadeu.urantiacos.cl\/en\/wp-json\/wp\/v2\/media?parent=31980"}],"curies":[{"name":"wp","href":"https:\/\/api.w.org\/{rel}","templated":true}]}}