{"id":31933,"date":"2023-04-08T16:52:41","date_gmt":"2023-04-08T19:52:41","guid":{"rendered":"https:\/\/fadeu.urantiacos.cl\/campus\/"},"modified":"2026-04-10T03:43:06","modified_gmt":"2026-04-10T06:43:06","slug":"campus","status":"publish","type":"page","link":"https:\/\/fadeu.urantiacos.cl\/en\/lo-contador\/campus\/","title":{"rendered":"Campus"},"content":{"rendered":"\n<h2 class=\"wp-block-heading h4 mb-24\">Address: El Comendador 1916, Providencia<\/h2>\n\n<p>Schedules<\/p>\n\n<p><strong>&#8211; El Comendador 1916 Gate:<\/strong> Monday to Friday (except holidays) open from 7:00 AM to 10:00 PM<br\/><strong>&#8211; Los Navegantes 1919 Gate (including parking entrance): <\/strong> Monday to Friday (except holidays) open from 7:00 AM to 10:00 PM<br\/><strong>&#8211; Carlos Casanueva 0335 Gate:<\/strong> Saturdays, Sundays, holidays, and vacation periods (February) restricted access.<\/p>\n\n<h2 class=\"wp-block-heading h4 mt-40 mb-24\">Campus Administration<\/h2>\n\n<p>Francisca Maggi<\/p>\n\n<p><a rel=\"noreferrer noopener\" href=\"mailto:fmaggi@uc.cl\" target=\"_blank\">fmaggi@uc.cl<\/a> | +56 2 2354 5559<em><br\/><\/em><\/p>\n\n<pre class=\"wp-block-code\"><code> <\/code><\/pre>\n\n<iframe class=\"mb-60\" src=\"https:\/\/www.google.com\/maps\/embed?pb=!1m19!1m8!1m3!1d8910.52306464293!2d-70.62114037144313!3d-33.423968935933246!3m2!1i1024!2i768!4f13.1!4m8!3e6!4m0!4m5!1s0x9662cf61d134f3b1%3A0x64a95aec6822b0c2!2sTorre%20Santa%20Mar%C3%ADa%20II%20Josefina%20Edwards%20de%20Ferrari%20101%207520152%20Providencia%20Regi%C3%B3n%20Metropolitana!3m2!1d-33.4227071!2d-70.6216407!5e0!3m2!1ses-419!2scl!4v1692306205901!5m2!1ses-419!2scl\" width=\"600\" height=\"450\" style=\"border:0;\" allowfullscreen=\"\" loading=\"lazy\" referrerpolicy=\"no-referrer-when-downgrade\"><\/iframe>\n\n<h2 class=\"wp-block-heading h4\">Campus map<\/h2>\n\n<figure class=\"wp-block-image size-large\"><img decoding=\"async\" width=\"1024\" height=\"791\" src=\"https:\/\/fadeu.urantiacos.cl\/wp-content\/uploads\/2023\/08\/isometrica_01-1-1024x791.jpeg\" alt=\"\" class=\"wp-image-1142\" srcset=\"https:\/\/fadeu.urantiacos.cl\/wp-content\/uploads\/2023\/08\/isometrica_01-1-1024x791.jpeg 1024w, https:\/\/fadeu.urantiacos.cl\/wp-content\/uploads\/2023\/08\/isometrica_01-1-300x232.jpeg 300w, https:\/\/fadeu.urantiacos.cl\/wp-content\/uploads\/2023\/08\/isometrica_01-1-768x593.jpeg 768w, https:\/\/fadeu.urantiacos.cl\/wp-content\/uploads\/2023\/08\/isometrica_01-1-1536x1187.jpeg 1536w, https:\/\/fadeu.urantiacos.cl\/wp-content\/uploads\/2023\/08\/isometrica_01-1-2048x1583.jpeg 2048w, https:\/\/fadeu.urantiacos.cl\/wp-content\/uploads\/2023\/08\/isometrica_01-1.jpeg 1553w\" sizes=\"(max-width: 1024px) 100vw, 1024px\" \/><\/figure>\n\n<h2 class=\"wp-block-heading h4\">How to get here?<\/h2>\n\n<figure class=\"wp-block-image size-large\"><img decoding=\"async\" width=\"1024\" height=\"791\" src=\"https:\/\/fadeu.urantiacos.cl\/wp-content\/uploads\/2023\/09\/Como-llegar_plano_ciudad_01pdf-1024x791.jpeg\" alt=\"\" class=\"wp-image-10171\" srcset=\"https:\/\/fadeu.urantiacos.cl\/wp-content\/uploads\/2023\/09\/Como-llegar_plano_ciudad_01pdf-1024x791.jpeg 1024w, https:\/\/fadeu.urantiacos.cl\/wp-content\/uploads\/2023\/09\/Como-llegar_plano_ciudad_01pdf-300x232.jpeg 300w, https:\/\/fadeu.urantiacos.cl\/wp-content\/uploads\/2023\/09\/Como-llegar_plano_ciudad_01pdf-768x593.jpeg 768w, https:\/\/fadeu.urantiacos.cl\/wp-content\/uploads\/2023\/09\/Como-llegar_plano_ciudad_01pdf-1536x1187.jpeg 1536w, https:\/\/fadeu.urantiacos.cl\/wp-content\/uploads\/2023\/09\/Como-llegar_plano_ciudad_01pdf-2048x1583.jpeg 2048w, https:\/\/fadeu.urantiacos.cl\/wp-content\/uploads\/2023\/09\/Como-llegar_plano_ciudad_01pdf.jpeg 1553w\" sizes=\"(max-width: 1024px) 100vw, 1024px\" \/><\/figure>\n\n<h2 class=\"wp-block-heading h4 mb-24\">History<\/h2>\n\n<p><em>Text by Fernando P\u00e9rez Oyarz\u00fan.<\/em><\/p>\n\n<p>In the Pedro de Valdivia Norte neighborhood, between San Crist\u00f3bal Hill and the Mapocho River, the presence of a site that has remained almost unchanged for the last century is striking. Even more surprising is the fact that this place houses the Faculty of Architecture, Design, and Urban Studies of the Universidad Cat\u00f3lica, where some of the country&#8217;s most prominent architects were trained, and that its old walls are interwoven with contemporary constructions that are both radical and respectful. <\/p>\n\n<p>When I first crossed the hallway of the Lo Contador house, I was impressed that, in the middle of the city, a landscape survived that so powerfully and qualitatively evoked the rural world and colonial culture.<br\/>More than forty years walking through its corridors have not managed to erase the strength of that first impression, the same one experienced today by anyone who ventures up the steps of El Comendador Street and enters through that hallway.<\/p>\n\n<p>The fact that a site like this has been preserved is largely due to Sergio Larra\u00edn, who convinced the Universidad Cat\u00f3lica to establish the Faculty of Architecture there, of which he was dean. This occurred in 1959, and since then, the University has cared for this place, now a national monument. It was he who purchased an administration residence for himself and the land located in the eastern half of the block, where he built homes for his children.<br\/>The history of the house dates back to the 18th century, when Francisco Antonio Avaria bought a series of small properties between San Crist\u00f3bal Hill and the Mapocho River for his orphaned niece, Mercedes Contador, thus establishing the Lo Contador farm. There he built a house that would form part of her marriage dowry. During the 19th century, Mercedes expanded the property to allow for spiritual exercises: around the current Patio de los Naranjos, she built a chapel, a refectory, and rooms for those practicing the exercises.    <\/p>\n\n<p>The site was adapted to its new university functions. Pavilions designed by Horacio Borgheresi expanded the available surface area, which were gradually replaced by new constructions.<br\/>In 1996, the new underground library designed by Teodoro Fern\u00e1ndez, Smiljan Radic, and Cecilia Puga was inaugurated, contrasting with the house while simultaneously adapting to it. A wooden deck on its roof, with the permanent presence of the Andes Mountains and San Crist\u00f3bal Hill, constitutes the most common meeting place for students.  <\/p>\n\n<p>The purchase of Sergio Larra\u00edn&#8217;s home, along with several belonging to his daughters, allowed the campus to expand eastward, generating a succession of spaces that, like a labyrinth, provide a variety of garden corners that interrelate the various campus buildings.<br\/>The original richness of the house has been complemented by the contributions of various architects who have built the campus landscape around it. Notable among these are the cafeteria by Jos\u00e9 Cruz; the architecture classrooms and workshops by Renato Parada and Alfredo J\u00fcneman, later remodeled by Alejandro Aravena; the former School of Art by Juan Jos\u00e9 Ugarte, Pilar Garc\u00eda, and Wren Strabucchi; the Postgraduate Center by Sandra Iturriaga and Wren Strabucchi; and the new Design and Urban Studies building by Sebasti\u00e1n Irarr\u00e1zaval. <\/p>\n\n<p>Walking through the campus spaces, as students, professors, and staff do daily, and visitors and neighbors do occasionally, allows one to enjoy an unusual historical and architectural density where past and present go hand in hand.<\/p>\n\n<p><em><a href=\"http:\/\/www.uc.cl\/la-universidad\/noticias\/5854-lo-contador-una-casa-un-campus\" target=\"_blank\" rel=\"noreferrer noopener\">Text source: &#8220;Lo Contador: una casa, un campus&#8221; <\/a> <\/em><\/p>\n\n<p><em><strong>More information <a href=\"https:\/\/fadeu.urantiacos.cl\/wp-content\/uploads\/2025\/06\/FERNANDO-PEREZ.pdf\">HERE <\/a>(Lo Contador: Casa, Barrio, Ciudad. Text by Fernando P\u00e9rez in ARQ n\u00b065)<\/strong><\/em><\/p>\n\n<p><em><strong>More information about Lo Contador Campus plans and projects <a href=\"http:\/\/fadeu.urantiacos.cl\/images\/LoContador\/ANEXO_1_Planes_y_Proyectos_Campus_Lo_Contador_20150130.pdf\" target=\"_blank\" rel=\"noreferrer noopener\">here<\/a> (Prepared by: DESE UC)<\/strong><\/em><\/p>\n\n<p><br\/><em>Image Source<\/em><\/p>\n\n<figure class=\"wp-block-image size-full\"><img decoding=\"async\" width=\"790\" height=\"543\" src=\"https:\/\/fadeu.urantiacos.cl\/wp-content\/uploads\/2023\/08\/imagenes.jpeg\" alt=\"\" class=\"wp-image-1146\" srcset=\"https:\/\/fadeu.urantiacos.cl\/wp-content\/uploads\/2023\/08\/imagenes.jpeg 790w, https:\/\/fadeu.urantiacos.cl\/wp-content\/uploads\/2023\/08\/imagenes-300x206.jpeg 300w, https:\/\/fadeu.urantiacos.cl\/wp-content\/uploads\/2023\/08\/imagenes-768x528.jpeg 768w\" sizes=\"(max-width: 790px) 100vw, 790px\" \/><\/figure>\n\n<p><em>01 Aerial photograph circa 1943. Military Geographic Institute <\/em><br\/><em>02 Aerial photograph circa 1954. Military Geographic Institute <\/em><br\/><em>03 Aerial photograph circa 1961. Military Geographic Institute <\/em><br\/><em>04 Photograph of the Lo Contador house. c.1900. Unknown author. <\/em><em>Photographic Archive of the National Historical Museum, Santiago, Chile<\/em><br\/><em>05 Photograph circa 1940 of the north facade of the farmhouse. Unknown author. <\/em><em>In Amenabar, Larach, Guerrero \u201cLo Contador: Un Nuevo Destino.\u201d Thesis (Arch) PUC. Santiago, Chile, 1975<\/em><br\/><em>06 Photograph circa 1940 of the north corridor of the farmhouse. Author same as above <\/em><\/p>\n","protected":false},"excerpt":{"rendered":"<p>Address: El Comendador 1916, Providencia Schedules &#8211; El Comendador 1916 Gate: Monday to Friday (except holidays) open from 7:00 AM to 10:00 PM&#8211; Los Navegantes 1919 Gate (including parking entrance): Monday to Friday (except holidays) open from 7:00 AM to 10:00 PM&#8211; Carlos Casanueva 0335 Gate: Saturdays, Sundays, holidays, and vacation periods (February) restricted access. [&hellip;]<\/p>\n","protected":false},"author":1,"featured_media":0,"parent":32039,"menu_order":0,"comment_status":"closed","ping_status":"closed","template":"","meta":{"_acf_changed":false,"footnotes":""},"class_list":["post-31933","page","type-page","status-publish","hentry"],"acf":[],"yoast_head":"<!-- This site is optimized with the Yoast SEO plugin v27.1.1 - https:\/\/yoast.com\/product\/yoast-seo-wordpress\/ -->\n<title>Campus<\/title>\n<meta name=\"description\" content=\"Explore our university campus, a space where education, creativity, and community merge\" \/>\n<meta name=\"robots\" content=\"index, follow, max-snippet:-1, max-image-preview:large, max-video-preview:-1\" \/>\n<link rel=\"canonical\" href=\"https:\/\/fadeu.urantiacos.cl\/en\/lo-contador\/campus\/\" \/>\n<meta property=\"og:locale\" content=\"en_US\" \/>\n<meta property=\"og:type\" content=\"article\" \/>\n<meta property=\"og:title\" content=\"Campus\" \/>\n<meta property=\"og:description\" content=\"Explore our university campus, a space where education, creativity, and community merge\" \/>\n<meta property=\"og:url\" content=\"https:\/\/fadeu.urantiacos.cl\/en\/lo-contador\/campus\/\" \/>\n<meta property=\"og:site_name\" content=\"Facultad de Arquitectura, Dise\u00f1o y Estudios Urbanos\" \/>\n<meta property=\"article:modified_time\" content=\"2026-04-10T06:43:06+00:00\" \/>\n<meta property=\"og:image\" content=\"https:\/\/fadeu.urantiacos.cl\/wp-content\/uploads\/2023\/08\/isometrica_01-1.jpeg\" \/>\n\t<meta property=\"og:image:width\" content=\"1553\" \/>\n\t<meta property=\"og:image:height\" content=\"1200\" \/>\n\t<meta property=\"og:image:type\" content=\"image\/jpeg\" \/>\n<meta name=\"twitter:card\" content=\"summary_large_image\" \/>\n<meta name=\"twitter:label1\" content=\"Est. reading time\" \/>\n\t<meta name=\"twitter:data1\" content=\"4 minutes\" \/>\n<script type=\"application\/ld+json\" class=\"yoast-schema-graph\">{\"@context\":\"https:\/\/schema.org\",\"@graph\":[{\"@type\":\"WebPage\",\"@id\":\"https:\/\/fadeu.urantiacos.cl\/en\/lo-contador\/campus\/\",\"url\":\"https:\/\/fadeu.urantiacos.cl\/en\/lo-contador\/campus\/\",\"name\":\"Campus\",\"isPartOf\":{\"@id\":\"https:\/\/fadeu.urantiacos.cl\/en\/#website\"},\"primaryImageOfPage\":{\"@id\":\"https:\/\/fadeu.urantiacos.cl\/en\/lo-contador\/campus\/#primaryimage\"},\"image\":{\"@id\":\"https:\/\/fadeu.urantiacos.cl\/en\/lo-contador\/campus\/#primaryimage\"},\"thumbnailUrl\":\"https:\/\/fadeu.urantiacos.cl\/wp-content\/uploads\/2023\/08\/isometrica_01-1-1024x791.jpeg\",\"datePublished\":\"2023-04-08T19:52:41+00:00\",\"dateModified\":\"2026-04-10T06:43:06+00:00\",\"description\":\"Explore our university campus, a space where education, creativity, and community merge\",\"breadcrumb\":{\"@id\":\"https:\/\/fadeu.urantiacos.cl\/en\/lo-contador\/campus\/#breadcrumb\"},\"inLanguage\":\"en-US\",\"potentialAction\":[{\"@type\":\"ReadAction\",\"target\":[\"https:\/\/fadeu.urantiacos.cl\/en\/lo-contador\/campus\/\"]}]},{\"@type\":\"ImageObject\",\"inLanguage\":\"en-US\",\"@id\":\"https:\/\/fadeu.urantiacos.cl\/en\/lo-contador\/campus\/#primaryimage\",\"url\":\"https:\/\/fadeu.urantiacos.cl\/wp-content\/uploads\/2023\/08\/isometrica_01-1-1024x791.jpeg\",\"contentUrl\":\"https:\/\/fadeu.urantiacos.cl\/wp-content\/uploads\/2023\/08\/isometrica_01-1-1024x791.jpeg\"},{\"@type\":\"BreadcrumbList\",\"@id\":\"https:\/\/fadeu.urantiacos.cl\/en\/lo-contador\/campus\/#breadcrumb\",\"itemListElement\":[{\"@type\":\"ListItem\",\"position\":1,\"name\":\"Portada\",\"item\":\"https:\/\/fadeu.urantiacos.cl\/en\/home\/\"},{\"@type\":\"ListItem\",\"position\":2,\"name\":\"Lo Contador\",\"item\":\"https:\/\/fadeu.urantiacos.cl\/en\/lo-contador\/\"},{\"@type\":\"ListItem\",\"position\":3,\"name\":\"Campus\"}]},{\"@type\":\"WebSite\",\"@id\":\"https:\/\/fadeu.urantiacos.cl\/en\/#website\",\"url\":\"https:\/\/fadeu.urantiacos.cl\/en\/\",\"name\":\"Facultad de Arquitectura, Dise\u00f1o y Estudios Urbanos\",\"description\":\"Campus Lo Contador\",\"potentialAction\":[{\"@type\":\"SearchAction\",\"target\":{\"@type\":\"EntryPoint\",\"urlTemplate\":\"https:\/\/fadeu.urantiacos.cl\/en\/?s={search_term_string}\"},\"query-input\":{\"@type\":\"PropertyValueSpecification\",\"valueRequired\":true,\"valueName\":\"search_term_string\"}}],\"inLanguage\":\"en-US\"}]}<\/script>\n<!-- \/ Yoast SEO plugin. -->","yoast_head_json":{"title":"Campus","description":"Explore our university campus, a space where education, creativity, and community merge","robots":{"index":"index","follow":"follow","max-snippet":"max-snippet:-1","max-image-preview":"max-image-preview:large","max-video-preview":"max-video-preview:-1"},"canonical":"https:\/\/fadeu.urantiacos.cl\/en\/lo-contador\/campus\/","og_locale":"en_US","og_type":"article","og_title":"Campus","og_description":"Explore our university campus, a space where education, creativity, and community merge","og_url":"https:\/\/fadeu.urantiacos.cl\/en\/lo-contador\/campus\/","og_site_name":"Facultad de Arquitectura, Dise\u00f1o y Estudios Urbanos","article_modified_time":"2026-04-10T06:43:06+00:00","og_image":[{"width":1553,"height":1200,"url":"https:\/\/fadeu.urantiacos.cl\/wp-content\/uploads\/2023\/08\/isometrica_01-1.jpeg","type":"image\/jpeg"}],"twitter_card":"summary_large_image","twitter_misc":{"Est. reading time":"4 minutes"},"schema":{"@context":"https:\/\/schema.org","@graph":[{"@type":"WebPage","@id":"https:\/\/fadeu.urantiacos.cl\/en\/lo-contador\/campus\/","url":"https:\/\/fadeu.urantiacos.cl\/en\/lo-contador\/campus\/","name":"Campus","isPartOf":{"@id":"https:\/\/fadeu.urantiacos.cl\/en\/#website"},"primaryImageOfPage":{"@id":"https:\/\/fadeu.urantiacos.cl\/en\/lo-contador\/campus\/#primaryimage"},"image":{"@id":"https:\/\/fadeu.urantiacos.cl\/en\/lo-contador\/campus\/#primaryimage"},"thumbnailUrl":"https:\/\/fadeu.urantiacos.cl\/wp-content\/uploads\/2023\/08\/isometrica_01-1-1024x791.jpeg","datePublished":"2023-04-08T19:52:41+00:00","dateModified":"2026-04-10T06:43:06+00:00","description":"Explore our university campus, a space where education, creativity, and community merge","breadcrumb":{"@id":"https:\/\/fadeu.urantiacos.cl\/en\/lo-contador\/campus\/#breadcrumb"},"inLanguage":"en-US","potentialAction":[{"@type":"ReadAction","target":["https:\/\/fadeu.urantiacos.cl\/en\/lo-contador\/campus\/"]}]},{"@type":"ImageObject","inLanguage":"en-US","@id":"https:\/\/fadeu.urantiacos.cl\/en\/lo-contador\/campus\/#primaryimage","url":"https:\/\/fadeu.urantiacos.cl\/wp-content\/uploads\/2023\/08\/isometrica_01-1-1024x791.jpeg","contentUrl":"https:\/\/fadeu.urantiacos.cl\/wp-content\/uploads\/2023\/08\/isometrica_01-1-1024x791.jpeg"},{"@type":"BreadcrumbList","@id":"https:\/\/fadeu.urantiacos.cl\/en\/lo-contador\/campus\/#breadcrumb","itemListElement":[{"@type":"ListItem","position":1,"name":"Portada","item":"https:\/\/fadeu.urantiacos.cl\/en\/home\/"},{"@type":"ListItem","position":2,"name":"Lo Contador","item":"https:\/\/fadeu.urantiacos.cl\/en\/lo-contador\/"},{"@type":"ListItem","position":3,"name":"Campus"}]},{"@type":"WebSite","@id":"https:\/\/fadeu.urantiacos.cl\/en\/#website","url":"https:\/\/fadeu.urantiacos.cl\/en\/","name":"Facultad de Arquitectura, Dise\u00f1o y Estudios Urbanos","description":"Campus Lo Contador","potentialAction":[{"@type":"SearchAction","target":{"@type":"EntryPoint","urlTemplate":"https:\/\/fadeu.urantiacos.cl\/en\/?s={search_term_string}"},"query-input":{"@type":"PropertyValueSpecification","valueRequired":true,"valueName":"search_term_string"}}],"inLanguage":"en-US"}]}},"_links":{"self":[{"href":"https:\/\/fadeu.urantiacos.cl\/en\/wp-json\/wp\/v2\/pages\/31933","targetHints":{"allow":["GET"]}}],"collection":[{"href":"https:\/\/fadeu.urantiacos.cl\/en\/wp-json\/wp\/v2\/pages"}],"about":[{"href":"https:\/\/fadeu.urantiacos.cl\/en\/wp-json\/wp\/v2\/types\/page"}],"author":[{"embeddable":true,"href":"https:\/\/fadeu.urantiacos.cl\/en\/wp-json\/wp\/v2\/users\/1"}],"replies":[{"embeddable":true,"href":"https:\/\/fadeu.urantiacos.cl\/en\/wp-json\/wp\/v2\/comments?post=31933"}],"version-history":[{"count":1,"href":"https:\/\/fadeu.urantiacos.cl\/en\/wp-json\/wp\/v2\/pages\/31933\/revisions"}],"predecessor-version":[{"id":31936,"href":"https:\/\/fadeu.urantiacos.cl\/en\/wp-json\/wp\/v2\/pages\/31933\/revisions\/31936"}],"up":[{"embeddable":true,"href":"https:\/\/fadeu.urantiacos.cl\/en\/wp-json\/wp\/v2\/pages\/32039"}],"wp:attachment":[{"href":"https:\/\/fadeu.urantiacos.cl\/en\/wp-json\/wp\/v2\/media?parent=31933"}],"curies":[{"name":"wp","href":"https:\/\/api.w.org\/{rel}","templated":true}]}}