{"id":31927,"date":"2023-04-08T16:55:58","date_gmt":"2023-04-08T19:55:58","guid":{"rendered":"https:\/\/fadeu.urantiacos.cl\/uc-atacama-desert-center\/"},"modified":"2026-04-10T03:42:55","modified_gmt":"2026-04-10T06:42:55","slug":"uc-atacama-desert-center","status":"publish","type":"page","link":"https:\/\/fadeu.urantiacos.cl\/en\/research\/uc-atacama-desert-center\/","title":{"rendered":"UC Atacama Desert Center"},"content":{"rendered":"\n<h1 class=\"wp-block-heading uc-title mb-60\">Centers and Initiatives<\/h1>\n<div class=\"uc-image-quote image-left mb-80\">\r\n  <div class=\"row align-items-center\">\r\n    <div class=\"col-md-6 order-first\">\r\n      <div class=\"uc-image-quote_image\">\r\n        <img decoding=\"async\" src=\"https:\/\/fadeu.urantiacos.cl\/wp-content\/uploads\/2023\/05\/Centro-UC-Desierto-de-Atacama.jpg\" alt=\"Centro UC Desierto de Atacama\" \/>\r\n      <\/div>\r\n    <\/div>\r\n    <div class=\"col-md-6\">\r\n      <div class=\"uc-card\">\r\n        <div class=\"uc-card_body--lg\">\r\n          <div class=\"mb-8\">\r\n            <img decoding=\"async\" src=\"https:\/\/fadeu.urantiacos.cl\/wp-content\/uploads\/2023\/05\/Centro-UC-Desierto-de-Atacama.png\" alt=\"Centro UC Desierto de Atacama Logo\" \/>\r\n          <\/div>\r\n          <h2 class=\"uc-quote mb-16\">\r\n            Centro UC Desierto de Atacama\r\n          <\/h2>\r\n          <p class=\"no-margin\">\r\n            El Centro del Desierto de Atacama (CDA) de la Pontificia Universidad Cat\u00f3lica de Chile fue creado en agosto de 2006 con ee por objetivo promover la investigaci\u00f3n en \u00e1mbitos de dise\u00f1o arquitect\u00f3nico, urbano y del paisaje, sometidos a las distintas restricciones que ofrece el contexto \u00e1rido del Desierto de Atacama, desde una aproximaci\u00f3n m\u00faltiple e interdisciplinaria que expande la idea de proyecto hacia \u00e1reas de conocimiento contenidas en la estructura del CDA.\r\n          <\/p>\r\n          <div class=\"text-right mt-32\">\r\n            <a href=\"https:\/\/www.cda.uc.cl\/\" class=\"uc-btn btn-primary\" target=\"_blank\">\r\n              Ir al sitio de Centro UC Desierto de Atacama\r\n              <i class=\"uc-icon icon-shape--rounded\">\r\n                \r\n                 launch \r\n              <\/i>\r\n            <\/a>\r\n          <\/div>\r\n        <\/div>\r\n      <\/div>\r\n    <\/div>\r\n  <\/div>\r\n<\/div>\n<div class=\"wp-block-columns is-layout-flex wp-container-core-columns-is-layout-9d6595d7 wp-block-columns-is-layout-flex\">\n<div class=\"wp-block-column is-layout-flow wp-block-column-is-layout-flow\" style=\"flex-basis:33%\">\n<h2 class=\"wp-block-heading h3 mb-32\">Contact<\/h2>\n\n\nNo se encontraron personas para este tipo de Area.<\/div>\n\n\n\n<div class=\"wp-block-column is-layout-flow wp-block-column-is-layout-flow\">\n<h2 class=\"wp-block-heading h3 mb-24\">Location<\/h2>\n\n\n\n<p>Av. Vicu\u00f1a Mackenna 4860, San Joaqu\u00edn Campus, Macul, Santiago<\/p>\n<\/div>\n<\/div>\n","protected":false},"excerpt":{"rendered":"<p>Centers and Initiatives Contact Location Av. Vicu\u00f1a Mackenna 4860, San Joaqu\u00edn Campus, Macul, Santiago<\/p>\n","protected":false},"author":1,"featured_media":0,"parent":32029,"menu_order":0,"comment_status":"closed","ping_status":"closed","template":"","meta":{"_acf_changed":false,"footnotes":""},"class_list":["post-31927","page","type-page","status-publish","hentry"],"acf":[],"yoast_head":"<!-- This site is optimized with the Yoast SEO plugin v27.1.1 - https:\/\/yoast.com\/product\/yoast-seo-wordpress\/ -->\n<title>UC Atacama Desert Center<\/title>\n<meta name=\"description\" content=\"Discover the Atacama Desert Center (CDA), whose aim is to promote research in the fields of architectural, urban, and landscape design.\" \/>\n<meta name=\"robots\" content=\"index, follow, max-snippet:-1, max-image-preview:large, max-video-preview:-1\" \/>\n<link rel=\"canonical\" href=\"https:\/\/fadeu.urantiacos.cl\/en\/research\/uc-atacama-desert-center\/\" \/>\n<meta property=\"og:locale\" content=\"en_US\" \/>\n<meta property=\"og:type\" content=\"article\" \/>\n<meta property=\"og:title\" content=\"UC Atacama Desert Center\" \/>\n<meta property=\"og:description\" content=\"Discover the Atacama Desert Center (CDA), whose aim is to promote research in the fields of architectural, urban, and landscape design.\" \/>\n<meta property=\"og:url\" content=\"https:\/\/fadeu.urantiacos.cl\/en\/research\/uc-atacama-desert-center\/\" \/>\n<meta property=\"og:site_name\" content=\"Facultad de Arquitectura, Dise\u00f1o y Estudios Urbanos\" \/>\n<meta property=\"article:modified_time\" content=\"2026-04-10T06:42:55+00:00\" \/>\n<meta name=\"twitter:card\" content=\"summary_large_image\" \/>\n<script type=\"application\/ld+json\" class=\"yoast-schema-graph\">{\"@context\":\"https:\/\/schema.org\",\"@graph\":[{\"@type\":\"WebPage\",\"@id\":\"https:\/\/fadeu.urantiacos.cl\/en\/research\/uc-atacama-desert-center\/\",\"url\":\"https:\/\/fadeu.urantiacos.cl\/en\/research\/uc-atacama-desert-center\/\",\"name\":\"UC Atacama Desert Center\",\"isPartOf\":{\"@id\":\"https:\/\/fadeu.urantiacos.cl\/en\/#website\"},\"datePublished\":\"2023-04-08T19:55:58+00:00\",\"dateModified\":\"2026-04-10T06:42:55+00:00\",\"description\":\"Discover the Atacama Desert Center (CDA), whose aim is to promote research in the fields of architectural, urban, and landscape design.\",\"breadcrumb\":{\"@id\":\"https:\/\/fadeu.urantiacos.cl\/en\/research\/uc-atacama-desert-center\/#breadcrumb\"},\"inLanguage\":\"en-US\",\"potentialAction\":[{\"@type\":\"ReadAction\",\"target\":[\"https:\/\/fadeu.urantiacos.cl\/en\/research\/uc-atacama-desert-center\/\"]}]},{\"@type\":\"BreadcrumbList\",\"@id\":\"https:\/\/fadeu.urantiacos.cl\/en\/research\/uc-atacama-desert-center\/#breadcrumb\",\"itemListElement\":[{\"@type\":\"ListItem\",\"position\":1,\"name\":\"Portada\",\"item\":\"https:\/\/fadeu.urantiacos.cl\/en\/home\/\"},{\"@type\":\"ListItem\",\"position\":2,\"name\":\"Research\",\"item\":\"https:\/\/fadeu.urantiacos.cl\/en\/research\/\"},{\"@type\":\"ListItem\",\"position\":3,\"name\":\"UC Atacama Desert Center\"}]},{\"@type\":\"WebSite\",\"@id\":\"https:\/\/fadeu.urantiacos.cl\/en\/#website\",\"url\":\"https:\/\/fadeu.urantiacos.cl\/en\/\",\"name\":\"Facultad de Arquitectura, Dise\u00f1o y Estudios Urbanos\",\"description\":\"Campus Lo Contador\",\"potentialAction\":[{\"@type\":\"SearchAction\",\"target\":{\"@type\":\"EntryPoint\",\"urlTemplate\":\"https:\/\/fadeu.urantiacos.cl\/en\/?s={search_term_string}\"},\"query-input\":{\"@type\":\"PropertyValueSpecification\",\"valueRequired\":true,\"valueName\":\"search_term_string\"}}],\"inLanguage\":\"en-US\"}]}<\/script>\n<!-- \/ Yoast SEO plugin. -->","yoast_head_json":{"title":"UC Atacama Desert Center","description":"Discover the Atacama Desert Center (CDA), whose aim is to promote research in the fields of architectural, urban, and landscape design.","robots":{"index":"index","follow":"follow","max-snippet":"max-snippet:-1","max-image-preview":"max-image-preview:large","max-video-preview":"max-video-preview:-1"},"canonical":"https:\/\/fadeu.urantiacos.cl\/en\/research\/uc-atacama-desert-center\/","og_locale":"en_US","og_type":"article","og_title":"UC Atacama Desert Center","og_description":"Discover the Atacama Desert Center (CDA), whose aim is to promote research in the fields of architectural, urban, and landscape design.","og_url":"https:\/\/fadeu.urantiacos.cl\/en\/research\/uc-atacama-desert-center\/","og_site_name":"Facultad de Arquitectura, Dise\u00f1o y Estudios Urbanos","article_modified_time":"2026-04-10T06:42:55+00:00","twitter_card":"summary_large_image","schema":{"@context":"https:\/\/schema.org","@graph":[{"@type":"WebPage","@id":"https:\/\/fadeu.urantiacos.cl\/en\/research\/uc-atacama-desert-center\/","url":"https:\/\/fadeu.urantiacos.cl\/en\/research\/uc-atacama-desert-center\/","name":"UC Atacama Desert Center","isPartOf":{"@id":"https:\/\/fadeu.urantiacos.cl\/en\/#website"},"datePublished":"2023-04-08T19:55:58+00:00","dateModified":"2026-04-10T06:42:55+00:00","description":"Discover the Atacama Desert Center (CDA), whose aim is to promote research in the fields of architectural, urban, and landscape design.","breadcrumb":{"@id":"https:\/\/fadeu.urantiacos.cl\/en\/research\/uc-atacama-desert-center\/#breadcrumb"},"inLanguage":"en-US","potentialAction":[{"@type":"ReadAction","target":["https:\/\/fadeu.urantiacos.cl\/en\/research\/uc-atacama-desert-center\/"]}]},{"@type":"BreadcrumbList","@id":"https:\/\/fadeu.urantiacos.cl\/en\/research\/uc-atacama-desert-center\/#breadcrumb","itemListElement":[{"@type":"ListItem","position":1,"name":"Portada","item":"https:\/\/fadeu.urantiacos.cl\/en\/home\/"},{"@type":"ListItem","position":2,"name":"Research","item":"https:\/\/fadeu.urantiacos.cl\/en\/research\/"},{"@type":"ListItem","position":3,"name":"UC Atacama Desert Center"}]},{"@type":"WebSite","@id":"https:\/\/fadeu.urantiacos.cl\/en\/#website","url":"https:\/\/fadeu.urantiacos.cl\/en\/","name":"Facultad de Arquitectura, Dise\u00f1o y Estudios Urbanos","description":"Campus Lo Contador","potentialAction":[{"@type":"SearchAction","target":{"@type":"EntryPoint","urlTemplate":"https:\/\/fadeu.urantiacos.cl\/en\/?s={search_term_string}"},"query-input":{"@type":"PropertyValueSpecification","valueRequired":true,"valueName":"search_term_string"}}],"inLanguage":"en-US"}]}},"_links":{"self":[{"href":"https:\/\/fadeu.urantiacos.cl\/en\/wp-json\/wp\/v2\/pages\/31927","targetHints":{"allow":["GET"]}}],"collection":[{"href":"https:\/\/fadeu.urantiacos.cl\/en\/wp-json\/wp\/v2\/pages"}],"about":[{"href":"https:\/\/fadeu.urantiacos.cl\/en\/wp-json\/wp\/v2\/types\/page"}],"author":[{"embeddable":true,"href":"https:\/\/fadeu.urantiacos.cl\/en\/wp-json\/wp\/v2\/users\/1"}],"replies":[{"embeddable":true,"href":"https:\/\/fadeu.urantiacos.cl\/en\/wp-json\/wp\/v2\/comments?post=31927"}],"version-history":[{"count":1,"href":"https:\/\/fadeu.urantiacos.cl\/en\/wp-json\/wp\/v2\/pages\/31927\/revisions"}],"predecessor-version":[{"id":31930,"href":"https:\/\/fadeu.urantiacos.cl\/en\/wp-json\/wp\/v2\/pages\/31927\/revisions\/31930"}],"up":[{"embeddable":true,"href":"https:\/\/fadeu.urantiacos.cl\/en\/wp-json\/wp\/v2\/pages\/32029"}],"wp:attachment":[{"href":"https:\/\/fadeu.urantiacos.cl\/en\/wp-json\/wp\/v2\/media?parent=31927"}],"curies":[{"name":"wp","href":"https:\/\/api.w.org\/{rel}","templated":true}]}}