{"id":31891,"date":"2023-04-08T16:56:34","date_gmt":"2023-04-08T19:56:34","guid":{"rendered":"https:\/\/fadeu.urantiacos.cl\/observatory-of-cities-ocuc\/"},"modified":"2026-04-10T03:42:55","modified_gmt":"2026-04-10T06:42:55","slug":"observatory-of-cities-ocuc","status":"publish","type":"page","link":"https:\/\/fadeu.urantiacos.cl\/en\/research\/observatory-of-cities-ocuc\/","title":{"rendered":"Observatory of Cities (OCUC)"},"content":{"rendered":"\n<h1 class=\"wp-block-heading uc-title mb-60\">Centers and Initiatives<\/h1>\n<div class=\"uc-image-quote image-left mb-80\">\r\n  <div class=\"row align-items-center\">\r\n    <div class=\"col-md-6 order-first\">\r\n      <div class=\"uc-image-quote_image\">\r\n        <img decoding=\"async\" src=\"https:\/\/fadeu.urantiacos.cl\/wp-content\/uploads\/2023\/05\/Observatorio-de-Ciudades-OCUC.jpg\" alt=\"Observatorio de Ciudades (OCUC)\" \/>\r\n      <\/div>\r\n    <\/div>\r\n    <div class=\"col-md-6\">\r\n      <div class=\"uc-card\">\r\n        <div class=\"uc-card_body--lg\">\r\n          <div class=\"mb-8\">\r\n            <img decoding=\"async\" src=\"https:\/\/fadeu.urantiacos.cl\/wp-content\/uploads\/2023\/05\/Observatorio-de-Ciudades-OCUC-logo.png\" alt=\"Observatorio de Ciudades (OCUC) logo\" \/>\r\n          <\/div>\r\n          <h2 class=\"uc-quote mb-16\">\r\n            Observatorio de Ciudades (OCUC)\r\n          <\/h2>\r\n          <p class=\"no-margin\">\r\n            El Observatorio de Ciudades UC (OCUC), tiene como objetivo su consolidaci\u00f3n como Centro de Investigaci\u00f3n Aplicada de estudios urbanos y territoriales, que establece a nivel de la Facultad de Arquitectura, Dise\u00f1o y Estudios urbanos, una plataforma de colaboraci\u00f3n institucional para el desarrollo de proyectos e investigaciones que permitan la generaci\u00f3n e implementaci\u00f3n de pol\u00edticas p\u00fablicas urbanas en el pa\u00eds. Como plataforma de integraci\u00f3n de las distintas unidades acad\u00e9micas, uno de los objetivos del OCUC se basa en enfocar y capitalizar la producci\u00f3n acad\u00e9mica tanto del cuerpo acad\u00e9mico y de estudiantes, estableciendo una integraci\u00f3n de las distintas actividades y propuestas de cada unidad.\r\n          <\/p>\r\n          <div class=\"text-right mt-32\">\r\n            <a href=\"https:\/\/observatoriodeciudades.com\/\" class=\"uc-btn btn-primary\" target=\"_blank\">\r\n              Ir al sitio de OCUC\r\n              <i class=\"uc-icon icon-shape--rounded\">\r\n                \r\n                 launch \r\n              <\/i>\r\n            <\/a>\r\n          <\/div>\r\n        <\/div>\r\n      <\/div>\r\n    <\/div>\r\n  <\/div>\r\n<\/div>\n<p class=\"mb-60\">Furthermore, OCUC positions itself as a center for urban and territorial studies that provides concrete diagnoses and innovation proposals in public policy, in accordance with the institutional and political reality of the country, capitalizing as much as possible on the role of various public sector figures. In this way, the objective is to address in depth some themes of the National Urban Development Policy, and to develop specific proposals that engage with its implementation in the territory.<\/p>\n\n<h2 class=\"wp-block-heading h3 mb-32\">Location<\/h2>\n\n<p>Los Navegantes 1919, Providencia<\/p>\n","protected":false},"excerpt":{"rendered":"<p>Centers and Initiatives Furthermore, OCUC positions itself as a center for urban and territorial studies that provides concrete diagnoses and innovation proposals in public policy, in accordance with the institutional and political reality of the country, capitalizing as much as possible on the role of various public sector figures. In this way, the objective is [&hellip;]<\/p>\n","protected":false},"author":1,"featured_media":0,"parent":32029,"menu_order":0,"comment_status":"closed","ping_status":"closed","template":"","meta":{"_acf_changed":false,"footnotes":""},"class_list":["post-31891","page","type-page","status-publish","hentry"],"acf":[],"yoast_head":"<!-- This site is optimized with the Yoast SEO plugin v27.1.1 - https:\/\/yoast.com\/product\/yoast-seo-wordpress\/ -->\n<title>Observatory of Cities (OCUC)<\/title>\n<meta name=\"description\" content=\"Discover the Observatory of Cities (OCUC), a collaborative platform for the development of urban public policy implementation projects\" \/>\n<meta name=\"robots\" content=\"index, follow, max-snippet:-1, max-image-preview:large, max-video-preview:-1\" \/>\n<link rel=\"canonical\" href=\"https:\/\/fadeu.urantiacos.cl\/en\/research\/observatory-of-cities-ocuc\/\" \/>\n<meta property=\"og:locale\" content=\"en_US\" \/>\n<meta property=\"og:type\" content=\"article\" \/>\n<meta property=\"og:title\" content=\"Observatory of Cities (OCUC)\" \/>\n<meta property=\"og:description\" content=\"Discover the Observatory of Cities (OCUC), a collaborative platform for the development of urban public policy implementation projects\" \/>\n<meta property=\"og:url\" content=\"https:\/\/fadeu.urantiacos.cl\/en\/research\/observatory-of-cities-ocuc\/\" \/>\n<meta property=\"og:site_name\" content=\"Facultad de Arquitectura, Dise\u00f1o y Estudios Urbanos\" \/>\n<meta property=\"article:modified_time\" content=\"2026-04-10T06:42:55+00:00\" \/>\n<meta name=\"twitter:card\" content=\"summary_large_image\" \/>\n<script type=\"application\/ld+json\" class=\"yoast-schema-graph\">{\"@context\":\"https:\/\/schema.org\",\"@graph\":[{\"@type\":\"WebPage\",\"@id\":\"https:\/\/fadeu.urantiacos.cl\/en\/research\/observatory-of-cities-ocuc\/\",\"url\":\"https:\/\/fadeu.urantiacos.cl\/en\/research\/observatory-of-cities-ocuc\/\",\"name\":\"Observatory of Cities (OCUC)\",\"isPartOf\":{\"@id\":\"https:\/\/fadeu.urantiacos.cl\/en\/#website\"},\"datePublished\":\"2023-04-08T19:56:34+00:00\",\"dateModified\":\"2026-04-10T06:42:55+00:00\",\"description\":\"Discover the Observatory of Cities (OCUC), a collaborative platform for the development of urban public policy implementation projects\",\"breadcrumb\":{\"@id\":\"https:\/\/fadeu.urantiacos.cl\/en\/research\/observatory-of-cities-ocuc\/#breadcrumb\"},\"inLanguage\":\"en-US\",\"potentialAction\":[{\"@type\":\"ReadAction\",\"target\":[\"https:\/\/fadeu.urantiacos.cl\/en\/research\/observatory-of-cities-ocuc\/\"]}]},{\"@type\":\"BreadcrumbList\",\"@id\":\"https:\/\/fadeu.urantiacos.cl\/en\/research\/observatory-of-cities-ocuc\/#breadcrumb\",\"itemListElement\":[{\"@type\":\"ListItem\",\"position\":1,\"name\":\"Portada\",\"item\":\"https:\/\/fadeu.urantiacos.cl\/en\/home\/\"},{\"@type\":\"ListItem\",\"position\":2,\"name\":\"Research\",\"item\":\"https:\/\/fadeu.urantiacos.cl\/en\/research\/\"},{\"@type\":\"ListItem\",\"position\":3,\"name\":\"Observatory of Cities (OCUC)\"}]},{\"@type\":\"WebSite\",\"@id\":\"https:\/\/fadeu.urantiacos.cl\/en\/#website\",\"url\":\"https:\/\/fadeu.urantiacos.cl\/en\/\",\"name\":\"Facultad de Arquitectura, Dise\u00f1o y Estudios Urbanos\",\"description\":\"Campus Lo Contador\",\"potentialAction\":[{\"@type\":\"SearchAction\",\"target\":{\"@type\":\"EntryPoint\",\"urlTemplate\":\"https:\/\/fadeu.urantiacos.cl\/en\/?s={search_term_string}\"},\"query-input\":{\"@type\":\"PropertyValueSpecification\",\"valueRequired\":true,\"valueName\":\"search_term_string\"}}],\"inLanguage\":\"en-US\"}]}<\/script>\n<!-- \/ Yoast SEO plugin. -->","yoast_head_json":{"title":"Observatory of Cities (OCUC)","description":"Discover the Observatory of Cities (OCUC), a collaborative platform for the development of urban public policy implementation projects","robots":{"index":"index","follow":"follow","max-snippet":"max-snippet:-1","max-image-preview":"max-image-preview:large","max-video-preview":"max-video-preview:-1"},"canonical":"https:\/\/fadeu.urantiacos.cl\/en\/research\/observatory-of-cities-ocuc\/","og_locale":"en_US","og_type":"article","og_title":"Observatory of Cities (OCUC)","og_description":"Discover the Observatory of Cities (OCUC), a collaborative platform for the development of urban public policy implementation projects","og_url":"https:\/\/fadeu.urantiacos.cl\/en\/research\/observatory-of-cities-ocuc\/","og_site_name":"Facultad de Arquitectura, Dise\u00f1o y Estudios Urbanos","article_modified_time":"2026-04-10T06:42:55+00:00","twitter_card":"summary_large_image","schema":{"@context":"https:\/\/schema.org","@graph":[{"@type":"WebPage","@id":"https:\/\/fadeu.urantiacos.cl\/en\/research\/observatory-of-cities-ocuc\/","url":"https:\/\/fadeu.urantiacos.cl\/en\/research\/observatory-of-cities-ocuc\/","name":"Observatory of Cities (OCUC)","isPartOf":{"@id":"https:\/\/fadeu.urantiacos.cl\/en\/#website"},"datePublished":"2023-04-08T19:56:34+00:00","dateModified":"2026-04-10T06:42:55+00:00","description":"Discover the Observatory of Cities (OCUC), a collaborative platform for the development of urban public policy implementation projects","breadcrumb":{"@id":"https:\/\/fadeu.urantiacos.cl\/en\/research\/observatory-of-cities-ocuc\/#breadcrumb"},"inLanguage":"en-US","potentialAction":[{"@type":"ReadAction","target":["https:\/\/fadeu.urantiacos.cl\/en\/research\/observatory-of-cities-ocuc\/"]}]},{"@type":"BreadcrumbList","@id":"https:\/\/fadeu.urantiacos.cl\/en\/research\/observatory-of-cities-ocuc\/#breadcrumb","itemListElement":[{"@type":"ListItem","position":1,"name":"Portada","item":"https:\/\/fadeu.urantiacos.cl\/en\/home\/"},{"@type":"ListItem","position":2,"name":"Research","item":"https:\/\/fadeu.urantiacos.cl\/en\/research\/"},{"@type":"ListItem","position":3,"name":"Observatory of Cities (OCUC)"}]},{"@type":"WebSite","@id":"https:\/\/fadeu.urantiacos.cl\/en\/#website","url":"https:\/\/fadeu.urantiacos.cl\/en\/","name":"Facultad de Arquitectura, Dise\u00f1o y Estudios Urbanos","description":"Campus Lo Contador","potentialAction":[{"@type":"SearchAction","target":{"@type":"EntryPoint","urlTemplate":"https:\/\/fadeu.urantiacos.cl\/en\/?s={search_term_string}"},"query-input":{"@type":"PropertyValueSpecification","valueRequired":true,"valueName":"search_term_string"}}],"inLanguage":"en-US"}]}},"_links":{"self":[{"href":"https:\/\/fadeu.urantiacos.cl\/en\/wp-json\/wp\/v2\/pages\/31891","targetHints":{"allow":["GET"]}}],"collection":[{"href":"https:\/\/fadeu.urantiacos.cl\/en\/wp-json\/wp\/v2\/pages"}],"about":[{"href":"https:\/\/fadeu.urantiacos.cl\/en\/wp-json\/wp\/v2\/types\/page"}],"author":[{"embeddable":true,"href":"https:\/\/fadeu.urantiacos.cl\/en\/wp-json\/wp\/v2\/users\/1"}],"replies":[{"embeddable":true,"href":"https:\/\/fadeu.urantiacos.cl\/en\/wp-json\/wp\/v2\/comments?post=31891"}],"version-history":[{"count":1,"href":"https:\/\/fadeu.urantiacos.cl\/en\/wp-json\/wp\/v2\/pages\/31891\/revisions"}],"predecessor-version":[{"id":31894,"href":"https:\/\/fadeu.urantiacos.cl\/en\/wp-json\/wp\/v2\/pages\/31891\/revisions\/31894"}],"up":[{"embeddable":true,"href":"https:\/\/fadeu.urantiacos.cl\/en\/wp-json\/wp\/v2\/pages\/32029"}],"wp:attachment":[{"href":"https:\/\/fadeu.urantiacos.cl\/en\/wp-json\/wp\/v2\/media?parent=31891"}],"curies":[{"name":"wp","href":"https:\/\/api.w.org\/{rel}","templated":true}]}}