{"id":31820,"date":"2023-04-08T16:56:11","date_gmt":"2023-04-08T19:56:11","guid":{"rendered":"https:\/\/fadeu.urantiacos.cl\/uc-center-for-innovation-in-wood-cim-uc\/"},"modified":"2026-04-10T03:42:55","modified_gmt":"2026-04-10T06:42:55","slug":"uc-center-for-innovation-in-wood-cim-uc","status":"publish","type":"page","link":"https:\/\/fadeu.urantiacos.cl\/en\/research\/uc-center-for-innovation-in-wood-cim-uc\/","title":{"rendered":"UC Center for Innovation in Wood (CIM UC)"},"content":{"rendered":"\n<h1 class=\"wp-block-heading mb-60 uc-title\">Centers and Initiatives<\/h1>\n<div class=\"uc-image-quote image-left mb-80\">\r\n  <div class=\"row align-items-center\">\r\n    <div class=\"col-md-6 order-first\">\r\n      <div class=\"uc-image-quote_image\">\r\n        <img decoding=\"async\" src=\"https:\/\/fadeu.urantiacos.cl\/wp-content\/uploads\/2023\/05\/Centro-UC-de-Innovacion-en-la-Madera-CIM-UC.jpg\" alt=\"Centro UC de Innovaci\u00f3n en la Madera CIM UC\" \/>\r\n      <\/div>\r\n    <\/div>\r\n    <div class=\"col-md-6\">\r\n      <div class=\"uc-card\">\r\n        <div class=\"uc-card_body--lg\">\r\n          <div class=\"mb-8\">\r\n            <img decoding=\"async\" src=\"https:\/\/fadeu.urantiacos.cl\/wp-content\/uploads\/2023\/05\/Centro-UC-de-Innovacion-en-la-Madera-CIM-UC-logo.png\" alt=\"Centro UC de Innovaci\u00f3n en la Madera CIM UC logo\" \/>\r\n          <\/div>\r\n          <h2 class=\"uc-quote mb-16\">\r\n            Centro UC de Innovaci\u00f3n en la Madera CIM UC\r\n          <\/h2>\r\n          <p class=\"no-margin\">\r\n            CIM UC CORMA nace como motor de innovaci\u00f3n interdisciplinario en alianza entre la Pontificia Universidad Cat\u00f3lica de Chile y la Corporaci\u00f3n Chilena de la Madera (CORMA), y ha asumido el desaf\u00edo de desarrollar en Chile todo el potencial que presenta ser un pa\u00eds forestal, fortaleciendo las caracter\u00edsticas de la madera por ser un material altamente vers\u00e1til, ecol\u00f3gico, tecnol\u00f3gico, durable y noble. Buscando desarrollar proyectos asociativos con actores p\u00fablicos y privados, que permitan actualizar e industrializar los procesos constructivos, aumentado con ello, el mercado y la productividad, mejorando los est\u00e1ndares de calidad y reduciendo significativamente los tiempos de construcci\u00f3n, lo que permite abaratar los costos unitarios de las obras de manera sustentable.\r\n          <\/p>\r\n          <div class=\"text-right mt-32\">\r\n            <a href=\"https:\/\/madera.uc.cl\/\" class=\"uc-btn btn-primary\" target=\"_blank\">\r\n              Ir al sitio de CIM UC\r\n              <i class=\"uc-icon icon-shape--rounded\">\r\n                \r\n                 launch \r\n              <\/i>\r\n            <\/a>\r\n          <\/div>\r\n        <\/div>\r\n      <\/div>\r\n    <\/div>\r\n  <\/div>\r\n<\/div>\n<p>The Center\u2019s overall objective is to conduct research and develop wood-based construction solutions, in order to disseminate and promote innovative, high-quality solutions using domestic wood as the main element, in collaboration with leading national and international stakeholders, creating value and demonstrating to the community the opportunities that arise in relation to the development of this industry.<\/p>\n\n<h2 class=\"wp-block-heading h3 my-32\">Mission<\/h2>\n\n<p class=\"mb-40\">Inspired by research and innovation, we aim to be an interdisciplinary Center that develops research, knowledge transfer, and the promotion of timber construction, and addresses the main technological challenges the sector presents.<\/p>\n\n<div class=\"wp-block-columns is-layout-flex wp-container-core-columns-is-layout-9d6595d7 wp-block-columns-is-layout-flex\">\n<div class=\"wp-block-column is-layout-flow wp-block-column-is-layout-flow\" style=\"flex-basis:33.33%\">\n<h2 class=\"wp-block-heading h3 mb-32\">Contact<\/h2>\n\n\n<div>\r\n    <i class=\"uc-icon\">email<\/i>\r\n    <a href=\"mailto:contactocim@uc.cl\" target=\"_blank\" class=\"uc-btn btn-inline\">\r\n        contactocim@uc.cl\r\n    <\/a>\r\n    \r\n\r\n<\/div>\n\n<div>\r\n    <i class=\"uc-icon\">phone<\/i>\r\n\r\n    <div class=\"uc-btn btn-inline\">\r\n       +56 2 2354 5549\r\n    <\/div>\r\n\r\n\r\n<\/div><\/div>\n\n\n\n<div class=\"wp-block-column is-layout-flow wp-block-column-is-layout-flow\" style=\"flex-basis:66.66%\">\n<h2 class=\"wp-block-heading h3 mb-32\">Location<\/h2>\n\n\n\n<p>Av. Vicu\u00f1a Mackenna 4860, Innovation Center. 7th Floor, San Joaquin Campus.<\/p>\n<\/div>\n<\/div>\n","protected":false},"excerpt":{"rendered":"<p>Centers and Initiatives The Center\u2019s overall objective is to conduct research and develop wood-based construction solutions, in order to disseminate and promote innovative, high-quality solutions using domestic wood as the main element, in collaboration with leading national and international stakeholders, creating value and demonstrating to the community the opportunities that arise in relation to the [&hellip;]<\/p>\n","protected":false},"author":1,"featured_media":31821,"parent":32029,"menu_order":0,"comment_status":"closed","ping_status":"closed","template":"","meta":{"_acf_changed":false,"footnotes":""},"class_list":["post-31820","page","type-page","status-publish","has-post-thumbnail","hentry"],"acf":[],"yoast_head":"<!-- This site is optimized with the Yoast SEO plugin v27.1.1 - https:\/\/yoast.com\/product\/yoast-seo-wordpress\/ -->\n<title>UC Center for Innovation in Wood (CIM UC)<\/title>\n<meta name=\"description\" content=\"Discover the UC Center for Innovation in Wood (CIM UC), which has taken on the challenge of developing in Chile the full potential of being a forest country.\" \/>\n<meta name=\"robots\" content=\"index, follow, max-snippet:-1, max-image-preview:large, max-video-preview:-1\" \/>\n<link rel=\"canonical\" href=\"https:\/\/fadeu.urantiacos.cl\/en\/research\/uc-center-for-innovation-in-wood-cim-uc\/\" \/>\n<meta property=\"og:locale\" content=\"en_US\" \/>\n<meta property=\"og:type\" content=\"article\" \/>\n<meta property=\"og:title\" content=\"UC Center for Innovation in Wood (CIM UC)\" \/>\n<meta property=\"og:description\" content=\"Discover the UC Center for Innovation in Wood (CIM UC), which has taken on the challenge of developing in Chile the full potential of being a forest country.\" \/>\n<meta property=\"og:url\" content=\"https:\/\/fadeu.urantiacos.cl\/en\/research\/uc-center-for-innovation-in-wood-cim-uc\/\" \/>\n<meta property=\"og:site_name\" content=\"Facultad de Arquitectura, Dise\u00f1o y Estudios Urbanos\" \/>\n<meta property=\"article:modified_time\" content=\"2026-04-10T06:42:55+00:00\" \/>\n<meta property=\"og:image\" content=\"https:\/\/fadeu.urantiacos.cl\/wp-content\/uploads\/2023\/05\/Centro-UC-de-Innovacion-en-la-Madera-CIM-UC.jpg\" \/>\n\t<meta property=\"og:image:width\" content=\"1112\" \/>\n\t<meta property=\"og:image:height\" content=\"544\" \/>\n\t<meta property=\"og:image:type\" content=\"image\/jpeg\" \/>\n<meta name=\"twitter:card\" content=\"summary_large_image\" \/>\n<meta name=\"twitter:label1\" content=\"Est. reading time\" \/>\n\t<meta name=\"twitter:data1\" content=\"1 minute\" \/>\n<script type=\"application\/ld+json\" class=\"yoast-schema-graph\">{\"@context\":\"https:\/\/schema.org\",\"@graph\":[{\"@type\":\"WebPage\",\"@id\":\"https:\/\/fadeu.urantiacos.cl\/en\/research\/uc-center-for-innovation-in-wood-cim-uc\/\",\"url\":\"https:\/\/fadeu.urantiacos.cl\/en\/research\/uc-center-for-innovation-in-wood-cim-uc\/\",\"name\":\"UC Center for Innovation in Wood (CIM UC)\",\"isPartOf\":{\"@id\":\"https:\/\/fadeu.urantiacos.cl\/en\/#website\"},\"primaryImageOfPage\":{\"@id\":\"https:\/\/fadeu.urantiacos.cl\/en\/research\/uc-center-for-innovation-in-wood-cim-uc\/#primaryimage\"},\"image\":{\"@id\":\"https:\/\/fadeu.urantiacos.cl\/en\/research\/uc-center-for-innovation-in-wood-cim-uc\/#primaryimage\"},\"thumbnailUrl\":\"https:\/\/fadeu.urantiacos.cl\/wp-content\/uploads\/2023\/05\/Centro-UC-de-Innovacion-en-la-Madera-CIM-UC.jpg\",\"datePublished\":\"2023-04-08T19:56:11+00:00\",\"dateModified\":\"2026-04-10T06:42:55+00:00\",\"description\":\"Discover the UC Center for Innovation in Wood (CIM UC), which has taken on the challenge of developing in Chile the full potential of being a forest country.\",\"breadcrumb\":{\"@id\":\"https:\/\/fadeu.urantiacos.cl\/en\/research\/uc-center-for-innovation-in-wood-cim-uc\/#breadcrumb\"},\"inLanguage\":\"en-US\",\"potentialAction\":[{\"@type\":\"ReadAction\",\"target\":[\"https:\/\/fadeu.urantiacos.cl\/en\/research\/uc-center-for-innovation-in-wood-cim-uc\/\"]}]},{\"@type\":\"ImageObject\",\"inLanguage\":\"en-US\",\"@id\":\"https:\/\/fadeu.urantiacos.cl\/en\/research\/uc-center-for-innovation-in-wood-cim-uc\/#primaryimage\",\"url\":\"https:\/\/fadeu.urantiacos.cl\/wp-content\/uploads\/2023\/05\/Centro-UC-de-Innovacion-en-la-Madera-CIM-UC.jpg\",\"contentUrl\":\"https:\/\/fadeu.urantiacos.cl\/wp-content\/uploads\/2023\/05\/Centro-UC-de-Innovacion-en-la-Madera-CIM-UC.jpg\",\"width\":1112,\"height\":544,\"caption\":\"UC Center for Innovation in Wood (CIM UC)\"},{\"@type\":\"BreadcrumbList\",\"@id\":\"https:\/\/fadeu.urantiacos.cl\/en\/research\/uc-center-for-innovation-in-wood-cim-uc\/#breadcrumb\",\"itemListElement\":[{\"@type\":\"ListItem\",\"position\":1,\"name\":\"Portada\",\"item\":\"https:\/\/fadeu.urantiacos.cl\/en\/home\/\"},{\"@type\":\"ListItem\",\"position\":2,\"name\":\"Research\",\"item\":\"https:\/\/fadeu.urantiacos.cl\/en\/research\/\"},{\"@type\":\"ListItem\",\"position\":3,\"name\":\"UC Center for Innovation in Wood (CIM UC)\"}]},{\"@type\":\"WebSite\",\"@id\":\"https:\/\/fadeu.urantiacos.cl\/en\/#website\",\"url\":\"https:\/\/fadeu.urantiacos.cl\/en\/\",\"name\":\"Facultad de Arquitectura, Dise\u00f1o y Estudios Urbanos\",\"description\":\"Campus Lo Contador\",\"potentialAction\":[{\"@type\":\"SearchAction\",\"target\":{\"@type\":\"EntryPoint\",\"urlTemplate\":\"https:\/\/fadeu.urantiacos.cl\/en\/?s={search_term_string}\"},\"query-input\":{\"@type\":\"PropertyValueSpecification\",\"valueRequired\":true,\"valueName\":\"search_term_string\"}}],\"inLanguage\":\"en-US\"}]}<\/script>\n<!-- \/ Yoast SEO plugin. -->","yoast_head_json":{"title":"UC Center for Innovation in Wood (CIM UC)","description":"Discover the UC Center for Innovation in Wood (CIM UC), which has taken on the challenge of developing in Chile the full potential of being a forest country.","robots":{"index":"index","follow":"follow","max-snippet":"max-snippet:-1","max-image-preview":"max-image-preview:large","max-video-preview":"max-video-preview:-1"},"canonical":"https:\/\/fadeu.urantiacos.cl\/en\/research\/uc-center-for-innovation-in-wood-cim-uc\/","og_locale":"en_US","og_type":"article","og_title":"UC Center for Innovation in Wood (CIM UC)","og_description":"Discover the UC Center for Innovation in Wood (CIM UC), which has taken on the challenge of developing in Chile the full potential of being a forest country.","og_url":"https:\/\/fadeu.urantiacos.cl\/en\/research\/uc-center-for-innovation-in-wood-cim-uc\/","og_site_name":"Facultad de Arquitectura, Dise\u00f1o y Estudios Urbanos","article_modified_time":"2026-04-10T06:42:55+00:00","og_image":[{"width":1112,"height":544,"url":"https:\/\/fadeu.urantiacos.cl\/wp-content\/uploads\/2023\/05\/Centro-UC-de-Innovacion-en-la-Madera-CIM-UC.jpg","type":"image\/jpeg"}],"twitter_card":"summary_large_image","twitter_misc":{"Est. reading time":"1 minute"},"schema":{"@context":"https:\/\/schema.org","@graph":[{"@type":"WebPage","@id":"https:\/\/fadeu.urantiacos.cl\/en\/research\/uc-center-for-innovation-in-wood-cim-uc\/","url":"https:\/\/fadeu.urantiacos.cl\/en\/research\/uc-center-for-innovation-in-wood-cim-uc\/","name":"UC Center for Innovation in Wood (CIM UC)","isPartOf":{"@id":"https:\/\/fadeu.urantiacos.cl\/en\/#website"},"primaryImageOfPage":{"@id":"https:\/\/fadeu.urantiacos.cl\/en\/research\/uc-center-for-innovation-in-wood-cim-uc\/#primaryimage"},"image":{"@id":"https:\/\/fadeu.urantiacos.cl\/en\/research\/uc-center-for-innovation-in-wood-cim-uc\/#primaryimage"},"thumbnailUrl":"https:\/\/fadeu.urantiacos.cl\/wp-content\/uploads\/2023\/05\/Centro-UC-de-Innovacion-en-la-Madera-CIM-UC.jpg","datePublished":"2023-04-08T19:56:11+00:00","dateModified":"2026-04-10T06:42:55+00:00","description":"Discover the UC Center for Innovation in Wood (CIM UC), which has taken on the challenge of developing in Chile the full potential of being a forest country.","breadcrumb":{"@id":"https:\/\/fadeu.urantiacos.cl\/en\/research\/uc-center-for-innovation-in-wood-cim-uc\/#breadcrumb"},"inLanguage":"en-US","potentialAction":[{"@type":"ReadAction","target":["https:\/\/fadeu.urantiacos.cl\/en\/research\/uc-center-for-innovation-in-wood-cim-uc\/"]}]},{"@type":"ImageObject","inLanguage":"en-US","@id":"https:\/\/fadeu.urantiacos.cl\/en\/research\/uc-center-for-innovation-in-wood-cim-uc\/#primaryimage","url":"https:\/\/fadeu.urantiacos.cl\/wp-content\/uploads\/2023\/05\/Centro-UC-de-Innovacion-en-la-Madera-CIM-UC.jpg","contentUrl":"https:\/\/fadeu.urantiacos.cl\/wp-content\/uploads\/2023\/05\/Centro-UC-de-Innovacion-en-la-Madera-CIM-UC.jpg","width":1112,"height":544,"caption":"UC Center for Innovation in Wood (CIM UC)"},{"@type":"BreadcrumbList","@id":"https:\/\/fadeu.urantiacos.cl\/en\/research\/uc-center-for-innovation-in-wood-cim-uc\/#breadcrumb","itemListElement":[{"@type":"ListItem","position":1,"name":"Portada","item":"https:\/\/fadeu.urantiacos.cl\/en\/home\/"},{"@type":"ListItem","position":2,"name":"Research","item":"https:\/\/fadeu.urantiacos.cl\/en\/research\/"},{"@type":"ListItem","position":3,"name":"UC Center for Innovation in Wood (CIM UC)"}]},{"@type":"WebSite","@id":"https:\/\/fadeu.urantiacos.cl\/en\/#website","url":"https:\/\/fadeu.urantiacos.cl\/en\/","name":"Facultad de Arquitectura, Dise\u00f1o y Estudios Urbanos","description":"Campus Lo Contador","potentialAction":[{"@type":"SearchAction","target":{"@type":"EntryPoint","urlTemplate":"https:\/\/fadeu.urantiacos.cl\/en\/?s={search_term_string}"},"query-input":{"@type":"PropertyValueSpecification","valueRequired":true,"valueName":"search_term_string"}}],"inLanguage":"en-US"}]}},"_links":{"self":[{"href":"https:\/\/fadeu.urantiacos.cl\/en\/wp-json\/wp\/v2\/pages\/31820","targetHints":{"allow":["GET"]}}],"collection":[{"href":"https:\/\/fadeu.urantiacos.cl\/en\/wp-json\/wp\/v2\/pages"}],"about":[{"href":"https:\/\/fadeu.urantiacos.cl\/en\/wp-json\/wp\/v2\/types\/page"}],"author":[{"embeddable":true,"href":"https:\/\/fadeu.urantiacos.cl\/en\/wp-json\/wp\/v2\/users\/1"}],"replies":[{"embeddable":true,"href":"https:\/\/fadeu.urantiacos.cl\/en\/wp-json\/wp\/v2\/comments?post=31820"}],"version-history":[{"count":1,"href":"https:\/\/fadeu.urantiacos.cl\/en\/wp-json\/wp\/v2\/pages\/31820\/revisions"}],"predecessor-version":[{"id":31823,"href":"https:\/\/fadeu.urantiacos.cl\/en\/wp-json\/wp\/v2\/pages\/31820\/revisions\/31823"}],"up":[{"embeddable":true,"href":"https:\/\/fadeu.urantiacos.cl\/en\/wp-json\/wp\/v2\/pages\/32029"}],"wp:featuredmedia":[{"embeddable":true,"href":"https:\/\/fadeu.urantiacos.cl\/en\/wp-json\/wp\/v2\/media\/31821"}],"wp:attachment":[{"href":"https:\/\/fadeu.urantiacos.cl\/en\/wp-json\/wp\/v2\/media?parent=31820"}],"curies":[{"name":"wp","href":"https:\/\/api.w.org\/{rel}","templated":true}]}}