{"id":31814,"date":"2023-04-08T16:56:22","date_gmt":"2023-04-08T19:56:22","guid":{"rendered":"https:\/\/fadeu.urantiacos.cl\/public-policy-center\/"},"modified":"2026-04-10T03:42:55","modified_gmt":"2026-04-10T06:42:55","slug":"public-policy-center","status":"publish","type":"page","link":"https:\/\/fadeu.urantiacos.cl\/en\/research\/public-policy-center\/","title":{"rendered":"Public Policy Center"},"content":{"rendered":"\n<h1 class=\"wp-block-heading uc-title mb-60\">Centers and Initiatives<\/h1>\n<div class=\"uc-image-quote image-left mb-80\">\r\n  <div class=\"row align-items-center\">\r\n    <div class=\"col-md-6 order-first\">\r\n      <div class=\"uc-image-quote_image\">\r\n        <img decoding=\"async\" src=\"https:\/\/fadeu.urantiacos.cl\/wp-content\/uploads\/2023\/05\/Centro-de-Politicas-Publicas.jpg\" alt=\"Centro de Pol\u00edticas P\u00fablicas\" \/>\r\n      <\/div>\r\n    <\/div>\r\n    <div class=\"col-md-6\">\r\n      <div class=\"uc-card\">\r\n        <div class=\"uc-card_body--lg\">\r\n          <div class=\"mb-8\">\r\n            <img decoding=\"async\" src=\"https:\/\/fadeu.urantiacos.cl\/wp-content\/uploads\/2023\/05\/Centro-de-Politicas-Publicas-logo.png\" alt=\"Centro de Pol\u00edticas P\u00fablicas logo\" \/>\r\n          <\/div>\r\n          <h2 class=\"uc-quote mb-16\">\r\n            Centro de Pol\u00edticas P\u00fablicas\r\n          <\/h2>\r\n          <p class=\"no-margin\">\r\n            La misi\u00f3n del Centro de Pol\u00edticas P\u00fablicas UC es aportar al desarrollo del pa\u00eds vinculando el quehacer acad\u00e9mico de la Universidad Cat\u00f3lica con los principales desaf\u00edos de la sociedad.\n\nEn nuestro quehacer buscamos contribuir con propuestas y soluciones que son pol\u00edtica, social y econ\u00f3micamente sustentables; trabajamos para incidir en el proceso de formulaci\u00f3n de pol\u00edticas p\u00fablicas a trav\u00e9s de la generaci\u00f3n de opini\u00f3n, evidencia y estudios en temas de inter\u00e9s p\u00fablico y trabajamos colaborativamente articulando distintos actores de la sociedad.\r\n          <\/p>\r\n          <div class=\"text-right mt-32\">\r\n            <a href=\"https:\/\/politicaspublicas.uc.cl\/\" class=\"uc-btn btn-primary\" target=\"_blank\">\r\n              Ir al sitio de Centro de Pol\u00edticas P\u00fablicas\r\n              <i class=\"uc-icon icon-shape--rounded\">\r\n                \r\n                 launch \r\n              <\/i>\r\n            <\/a>\r\n          <\/div>\r\n        <\/div>\r\n      <\/div>\r\n    <\/div>\r\n  <\/div>\r\n<\/div>\n<p>Our work aligns with the University and the values it promotes to society. We are committed to rigorous, high-quality, and high-standard work, and we focus on formulating solutions rather than merely identifying problems. Another characteristic of ours is to identify, understand, and engage the most relevant stakeholders associated with public issues.<\/p>\n\n<p>We have a multidisciplinary team of professionals and also collaborate with researchers and academics from various faculties on the products we develop. The Public Policy Center reports to the Vice-Rector&#8217;s Office and has an Academic Council composed of representatives from nine Faculties who contribute to defining its general strategic guidelines.<\/p>\n\n<p class=\"mb-60\">The faculties affiliated with the Center are: Agronomy and Forestry Engineering; Architecture, Design and Urban Studies; Economics and Business; Social Sciences; Law; Education; History, Geography and Political Science; Engineering; and Medicine.<\/p>\n\n<div class=\"wp-block-columns is-layout-flex wp-container-core-columns-is-layout-9d6595d7 wp-block-columns-is-layout-flex\">\n<div class=\"wp-block-column is-layout-flow wp-block-column-is-layout-flow\" style=\"flex-basis:33.33%\">\n<h2 class=\"wp-block-heading h3 mb-32\">Contact<\/h2>\n\n\n<div>\r\n    <i class=\"uc-icon\">email<\/i>\r\n    <a href=\"mailto:politicaspublicas@uc.cl\" target=\"_blank\" class=\"uc-btn btn-inline\">\r\n        politicaspublicas@uc.cl\r\n    <\/a>\r\n    \r\n\r\n<\/div>\n\n<div>\r\n    <i class=\"uc-icon\">phone<\/i>\r\n\r\n    <div class=\"uc-btn btn-inline\">\r\n      2 354 6637\r\n    <\/div>\r\n\r\n\r\n<\/div><\/div>\n\n\n\n<div class=\"wp-block-column is-layout-flow wp-block-column-is-layout-flow\" style=\"flex-basis:66.66%\">\n<h2 class=\"wp-block-heading h3 mb-32\">Location<\/h2>\n\n\n\n<p>Av. Libertador Bernardo O&#8217;Higgins 340, 3rd floor &#8211; Casa Central Campus, Santiago<\/p>\n<\/div>\n<\/div>\n","protected":false},"excerpt":{"rendered":"<p>Centers and Initiatives Our work aligns with the University and the values it promotes to society. We are committed to rigorous, high-quality, and high-standard work, and we focus on formulating solutions rather than merely identifying problems. Another characteristic of ours is to identify, understand, and engage the most relevant stakeholders associated with public issues. We [&hellip;]<\/p>\n","protected":false},"author":1,"featured_media":0,"parent":32029,"menu_order":0,"comment_status":"closed","ping_status":"closed","template":"","meta":{"_acf_changed":false,"footnotes":""},"class_list":["post-31814","page","type-page","status-publish","hentry"],"acf":[],"yoast_head":"<!-- This site is optimized with the Yoast SEO plugin v27.1.1 - https:\/\/yoast.com\/product\/yoast-seo-wordpress\/ -->\n<title>Public Policy Center<\/title>\n<meta name=\"description\" content=\"Learn about the Public Policy Center, which aims to contribute to the country&#039;s development by linking academic work with society&#039;s main challenges.\" \/>\n<meta name=\"robots\" content=\"index, follow, max-snippet:-1, max-image-preview:large, max-video-preview:-1\" \/>\n<link rel=\"canonical\" href=\"https:\/\/fadeu.urantiacos.cl\/en\/research\/public-policy-center\/\" \/>\n<meta property=\"og:locale\" content=\"en_US\" \/>\n<meta property=\"og:type\" content=\"article\" \/>\n<meta property=\"og:title\" content=\"Public Policy Center\" \/>\n<meta property=\"og:description\" content=\"Learn about the Public Policy Center, which aims to contribute to the country&#039;s development by linking academic work with society&#039;s main challenges.\" \/>\n<meta property=\"og:url\" content=\"https:\/\/fadeu.urantiacos.cl\/en\/research\/public-policy-center\/\" \/>\n<meta property=\"og:site_name\" content=\"Facultad de Arquitectura, Dise\u00f1o y Estudios Urbanos\" \/>\n<meta property=\"article:modified_time\" content=\"2026-04-10T06:42:55+00:00\" \/>\n<meta name=\"twitter:card\" content=\"summary_large_image\" \/>\n<meta name=\"twitter:label1\" content=\"Est. reading time\" \/>\n\t<meta name=\"twitter:data1\" content=\"1 minute\" \/>\n<script type=\"application\/ld+json\" class=\"yoast-schema-graph\">{\"@context\":\"https:\/\/schema.org\",\"@graph\":[{\"@type\":\"WebPage\",\"@id\":\"https:\/\/fadeu.urantiacos.cl\/en\/research\/public-policy-center\/\",\"url\":\"https:\/\/fadeu.urantiacos.cl\/en\/research\/public-policy-center\/\",\"name\":\"Public Policy Center\",\"isPartOf\":{\"@id\":\"https:\/\/fadeu.urantiacos.cl\/en\/#website\"},\"datePublished\":\"2023-04-08T19:56:22+00:00\",\"dateModified\":\"2026-04-10T06:42:55+00:00\",\"description\":\"Learn about the Public Policy Center, which aims to contribute to the country's development by linking academic work with society's main challenges.\",\"breadcrumb\":{\"@id\":\"https:\/\/fadeu.urantiacos.cl\/en\/research\/public-policy-center\/#breadcrumb\"},\"inLanguage\":\"en-US\",\"potentialAction\":[{\"@type\":\"ReadAction\",\"target\":[\"https:\/\/fadeu.urantiacos.cl\/en\/research\/public-policy-center\/\"]}]},{\"@type\":\"BreadcrumbList\",\"@id\":\"https:\/\/fadeu.urantiacos.cl\/en\/research\/public-policy-center\/#breadcrumb\",\"itemListElement\":[{\"@type\":\"ListItem\",\"position\":1,\"name\":\"Portada\",\"item\":\"https:\/\/fadeu.urantiacos.cl\/en\/home\/\"},{\"@type\":\"ListItem\",\"position\":2,\"name\":\"Research\",\"item\":\"https:\/\/fadeu.urantiacos.cl\/en\/research\/\"},{\"@type\":\"ListItem\",\"position\":3,\"name\":\"Public Policy Center\"}]},{\"@type\":\"WebSite\",\"@id\":\"https:\/\/fadeu.urantiacos.cl\/en\/#website\",\"url\":\"https:\/\/fadeu.urantiacos.cl\/en\/\",\"name\":\"Facultad de Arquitectura, Dise\u00f1o y Estudios Urbanos\",\"description\":\"Campus Lo Contador\",\"potentialAction\":[{\"@type\":\"SearchAction\",\"target\":{\"@type\":\"EntryPoint\",\"urlTemplate\":\"https:\/\/fadeu.urantiacos.cl\/en\/?s={search_term_string}\"},\"query-input\":{\"@type\":\"PropertyValueSpecification\",\"valueRequired\":true,\"valueName\":\"search_term_string\"}}],\"inLanguage\":\"en-US\"}]}<\/script>\n<!-- \/ Yoast SEO plugin. -->","yoast_head_json":{"title":"Public Policy Center","description":"Learn about the Public Policy Center, which aims to contribute to the country's development by linking academic work with society's main challenges.","robots":{"index":"index","follow":"follow","max-snippet":"max-snippet:-1","max-image-preview":"max-image-preview:large","max-video-preview":"max-video-preview:-1"},"canonical":"https:\/\/fadeu.urantiacos.cl\/en\/research\/public-policy-center\/","og_locale":"en_US","og_type":"article","og_title":"Public Policy Center","og_description":"Learn about the Public Policy Center, which aims to contribute to the country's development by linking academic work with society's main challenges.","og_url":"https:\/\/fadeu.urantiacos.cl\/en\/research\/public-policy-center\/","og_site_name":"Facultad de Arquitectura, Dise\u00f1o y Estudios Urbanos","article_modified_time":"2026-04-10T06:42:55+00:00","twitter_card":"summary_large_image","twitter_misc":{"Est. reading time":"1 minute"},"schema":{"@context":"https:\/\/schema.org","@graph":[{"@type":"WebPage","@id":"https:\/\/fadeu.urantiacos.cl\/en\/research\/public-policy-center\/","url":"https:\/\/fadeu.urantiacos.cl\/en\/research\/public-policy-center\/","name":"Public Policy Center","isPartOf":{"@id":"https:\/\/fadeu.urantiacos.cl\/en\/#website"},"datePublished":"2023-04-08T19:56:22+00:00","dateModified":"2026-04-10T06:42:55+00:00","description":"Learn about the Public Policy Center, which aims to contribute to the country's development by linking academic work with society's main challenges.","breadcrumb":{"@id":"https:\/\/fadeu.urantiacos.cl\/en\/research\/public-policy-center\/#breadcrumb"},"inLanguage":"en-US","potentialAction":[{"@type":"ReadAction","target":["https:\/\/fadeu.urantiacos.cl\/en\/research\/public-policy-center\/"]}]},{"@type":"BreadcrumbList","@id":"https:\/\/fadeu.urantiacos.cl\/en\/research\/public-policy-center\/#breadcrumb","itemListElement":[{"@type":"ListItem","position":1,"name":"Portada","item":"https:\/\/fadeu.urantiacos.cl\/en\/home\/"},{"@type":"ListItem","position":2,"name":"Research","item":"https:\/\/fadeu.urantiacos.cl\/en\/research\/"},{"@type":"ListItem","position":3,"name":"Public Policy Center"}]},{"@type":"WebSite","@id":"https:\/\/fadeu.urantiacos.cl\/en\/#website","url":"https:\/\/fadeu.urantiacos.cl\/en\/","name":"Facultad de Arquitectura, Dise\u00f1o y Estudios Urbanos","description":"Campus Lo Contador","potentialAction":[{"@type":"SearchAction","target":{"@type":"EntryPoint","urlTemplate":"https:\/\/fadeu.urantiacos.cl\/en\/?s={search_term_string}"},"query-input":{"@type":"PropertyValueSpecification","valueRequired":true,"valueName":"search_term_string"}}],"inLanguage":"en-US"}]}},"_links":{"self":[{"href":"https:\/\/fadeu.urantiacos.cl\/en\/wp-json\/wp\/v2\/pages\/31814","targetHints":{"allow":["GET"]}}],"collection":[{"href":"https:\/\/fadeu.urantiacos.cl\/en\/wp-json\/wp\/v2\/pages"}],"about":[{"href":"https:\/\/fadeu.urantiacos.cl\/en\/wp-json\/wp\/v2\/types\/page"}],"author":[{"embeddable":true,"href":"https:\/\/fadeu.urantiacos.cl\/en\/wp-json\/wp\/v2\/users\/1"}],"replies":[{"embeddable":true,"href":"https:\/\/fadeu.urantiacos.cl\/en\/wp-json\/wp\/v2\/comments?post=31814"}],"version-history":[{"count":1,"href":"https:\/\/fadeu.urantiacos.cl\/en\/wp-json\/wp\/v2\/pages\/31814\/revisions"}],"predecessor-version":[{"id":31817,"href":"https:\/\/fadeu.urantiacos.cl\/en\/wp-json\/wp\/v2\/pages\/31814\/revisions\/31817"}],"up":[{"embeddable":true,"href":"https:\/\/fadeu.urantiacos.cl\/en\/wp-json\/wp\/v2\/pages\/32029"}],"wp:attachment":[{"href":"https:\/\/fadeu.urantiacos.cl\/en\/wp-json\/wp\/v2\/media?parent=31814"}],"curies":[{"name":"wp","href":"https:\/\/api.w.org\/{rel}","templated":true}]}}