{"id":31805,"date":"2023-07-05T10:09:45","date_gmt":"2023-07-05T13:09:45","guid":{"rendered":"https:\/\/fadeu.urantiacos.cl\/research-center-for-integrated-disaster-risk-management-cigiden\/"},"modified":"2026-04-10T03:42:55","modified_gmt":"2026-04-10T06:42:55","slug":"research-center-for-integrated-disaster-risk-management-cigiden","status":"publish","type":"page","link":"https:\/\/fadeu.urantiacos.cl\/en\/research\/research-center-for-integrated-disaster-risk-management-cigiden\/","title":{"rendered":"Research Center for Integrated Disaster Risk Management (CIGIDEN)"},"content":{"rendered":"\n<h1 class=\"wp-block-heading uc-title mb-60\">Centers and Initiatives<\/h1>\n<div class=\"uc-image-quote image-left mb-80\">\r\n  <div class=\"row align-items-center\">\r\n    <div class=\"col-md-6 order-first\">\r\n      <div class=\"uc-image-quote_image\">\r\n        <img decoding=\"async\" src=\"https:\/\/fadeu.urantiacos.cl\/wp-content\/uploads\/2023\/07\/desastre-natural.jpg\" alt=\"desastre natural\" \/>\r\n      <\/div>\r\n    <\/div>\r\n    <div class=\"col-md-6\">\r\n      <div class=\"uc-card\">\r\n        <div class=\"uc-card_body--lg\">\r\n          <div class=\"mb-8\">\r\n            <img decoding=\"async\" src=\"https:\/\/fadeu.urantiacos.cl\/wp-content\/uploads\/2023\/07\/CIGIDEN_ESP_hor_trans-e1688562641576.png\" alt=\"CIGIDEN\" \/>\r\n          <\/div>\r\n          <h2 class=\"uc-quote mb-16\">\r\n            Centro de Investigaci\u00f3n para la Gesti\u00f3n Integrada del Riesgo de Desastres\r\n          <\/h2>\r\n          <p class=\"no-margin\">\r\n            Generar conocimiento para evitar que los eventos extremos de la naturaleza se transformen en desastres. CIGIDEN cuenta con un equipo de investigadores de diferentes disciplinas , como las ciencias de la tierra, ingenier\u00edas, ciencias sociales, geograf\u00eda, econom\u00eda, dise\u00f1o, arquitectura, urbanismo y ciencias de la comunicaci\u00f3n.\r\n          <\/p>\r\n          <div class=\"text-right mt-32\">\r\n            <a href=\"https:\/\/www.cigiden.cl\/\" class=\"uc-btn btn-primary\" target=\"_blank\">\r\n              Ir al sitio de CIGIDEN\r\n              <i class=\"uc-icon icon-shape--rounded\">\r\n                \r\n                 launch \r\n              <\/i>\r\n            <\/a>\r\n          <\/div>\r\n        <\/div>\r\n      <\/div>\r\n    <\/div>\r\n  <\/div>\r\n<\/div>\n<p>This interdisciplinary approach has promoted a profound academic transformation, advancing from the study of natural hazards and emergency response toward a comprehensive perspective focused on disaster risk reduction and resilience building.<\/p>\n\n<p>Our scientific production is internationally recognized, and CIGIDEN&#8217;s public policy proposals and technological transfer contributions are having a positive impact on people&#8217;s lives. We believe that scientific research of excellence is only possible with knowledge, presence, and roots in the territory, achieved through the construction of collaborative relationships and permanent dialogue with individuals, communities, and decision-makers.<\/p>\n\n<h2 class=\"wp-block-heading h4 mt-24 mb-16\">Research lines:<\/h2>\n\n<p>L1: Solid earth process hazards<br\/>L2: Surface water process hazards<br\/>L3: Risk and resilience in complex systems and networks<br\/>L4: Disaster Culture and Risk Governance<br\/>L5: Socioeconomic evaluation for critical infrastructure risk mitigation<br\/>L6: Citizen governance.<\/p>\n\n<h2 class=\"wp-block-heading h4 mt-24 mb-16\">Specialty areas:<\/h2>\n\n<p>(i) Natural hazards<br\/>(ii) Risk identification and characterization<br\/>(iii) Resilience to socio-natural disasters<br\/>(iv) Integrated disaster risk management<\/p>\n\n<h2 class=\"wp-block-heading h4 mt-24 mb-16\">Location<\/h2>\n\n<p>Av. Vicu\u00f1a Mackenna 4860, Macul<br\/>Hern\u00e1n Briones Building, 3rd Floor<br\/>San Joaqu\u00edn Campus, UC<br\/>Santiago, Chile<\/p>\n\n<h2 class=\"wp-block-heading h4 mt-24 mb-16\">Contact<\/h2>\nNo se encontraron personas para este tipo de Area.","protected":false},"excerpt":{"rendered":"<p>Centers and Initiatives This interdisciplinary approach has promoted a profound academic transformation, advancing from the study of natural hazards and emergency response toward a comprehensive perspective focused on disaster risk reduction and resilience building. Our scientific production is internationally recognized, and CIGIDEN&#8217;s public policy proposals and technological transfer contributions are having a positive impact on [&hellip;]<\/p>\n","protected":false},"author":1,"featured_media":0,"parent":32029,"menu_order":0,"comment_status":"closed","ping_status":"closed","template":"","meta":{"_acf_changed":false,"footnotes":""},"class_list":["post-31805","page","type-page","status-publish","hentry"],"acf":[],"yoast_head":"<!-- This site is optimized with the Yoast SEO plugin v27.1.1 - https:\/\/yoast.com\/product\/yoast-seo-wordpress\/ -->\n<title>Research Center for Integrated Disaster Risk Management (CIGIDEN)<\/title>\n<meta name=\"description\" content=\"Learn about the National Research Center for Integrated Natural Disaster Management (CIGIDEN)\" \/>\n<meta name=\"robots\" content=\"index, follow, max-snippet:-1, max-image-preview:large, max-video-preview:-1\" \/>\n<link rel=\"canonical\" href=\"https:\/\/fadeu.urantiacos.cl\/en\/research\/research-center-for-integrated-disaster-risk-management-cigiden\/\" \/>\n<meta property=\"og:locale\" content=\"en_US\" \/>\n<meta property=\"og:type\" content=\"article\" \/>\n<meta property=\"og:title\" content=\"Research Center for Integrated Disaster Risk Management (CIGIDEN)\" \/>\n<meta property=\"og:description\" content=\"Learn about the National Research Center for Integrated Natural Disaster Management (CIGIDEN)\" \/>\n<meta property=\"og:url\" content=\"https:\/\/fadeu.urantiacos.cl\/en\/research\/research-center-for-integrated-disaster-risk-management-cigiden\/\" \/>\n<meta property=\"og:site_name\" content=\"Facultad de Arquitectura, Dise\u00f1o y Estudios Urbanos\" \/>\n<meta property=\"article:modified_time\" content=\"2026-04-10T06:42:55+00:00\" \/>\n<meta name=\"twitter:card\" content=\"summary_large_image\" \/>\n<meta name=\"twitter:label1\" content=\"Est. reading time\" \/>\n\t<meta name=\"twitter:data1\" content=\"1 minute\" \/>\n<script type=\"application\/ld+json\" class=\"yoast-schema-graph\">{\"@context\":\"https:\/\/schema.org\",\"@graph\":[{\"@type\":\"WebPage\",\"@id\":\"https:\/\/fadeu.urantiacos.cl\/en\/research\/research-center-for-integrated-disaster-risk-management-cigiden\/\",\"url\":\"https:\/\/fadeu.urantiacos.cl\/en\/research\/research-center-for-integrated-disaster-risk-management-cigiden\/\",\"name\":\"Research Center for Integrated Disaster Risk Management (CIGIDEN)\",\"isPartOf\":{\"@id\":\"https:\/\/fadeu.urantiacos.cl\/en\/#website\"},\"datePublished\":\"2023-07-05T13:09:45+00:00\",\"dateModified\":\"2026-04-10T06:42:55+00:00\",\"description\":\"Learn about the National Research Center for Integrated Natural Disaster Management (CIGIDEN)\",\"breadcrumb\":{\"@id\":\"https:\/\/fadeu.urantiacos.cl\/en\/research\/research-center-for-integrated-disaster-risk-management-cigiden\/#breadcrumb\"},\"inLanguage\":\"en-US\",\"potentialAction\":[{\"@type\":\"ReadAction\",\"target\":[\"https:\/\/fadeu.urantiacos.cl\/en\/research\/research-center-for-integrated-disaster-risk-management-cigiden\/\"]}]},{\"@type\":\"BreadcrumbList\",\"@id\":\"https:\/\/fadeu.urantiacos.cl\/en\/research\/research-center-for-integrated-disaster-risk-management-cigiden\/#breadcrumb\",\"itemListElement\":[{\"@type\":\"ListItem\",\"position\":1,\"name\":\"Portada\",\"item\":\"https:\/\/fadeu.urantiacos.cl\/en\/home\/\"},{\"@type\":\"ListItem\",\"position\":2,\"name\":\"Research\",\"item\":\"https:\/\/fadeu.urantiacos.cl\/en\/research\/\"},{\"@type\":\"ListItem\",\"position\":3,\"name\":\"Research Center for Integrated Disaster Risk Management (CIGIDEN)\"}]},{\"@type\":\"WebSite\",\"@id\":\"https:\/\/fadeu.urantiacos.cl\/en\/#website\",\"url\":\"https:\/\/fadeu.urantiacos.cl\/en\/\",\"name\":\"Facultad de Arquitectura, Dise\u00f1o y Estudios Urbanos\",\"description\":\"Campus Lo Contador\",\"potentialAction\":[{\"@type\":\"SearchAction\",\"target\":{\"@type\":\"EntryPoint\",\"urlTemplate\":\"https:\/\/fadeu.urantiacos.cl\/en\/?s={search_term_string}\"},\"query-input\":{\"@type\":\"PropertyValueSpecification\",\"valueRequired\":true,\"valueName\":\"search_term_string\"}}],\"inLanguage\":\"en-US\"}]}<\/script>\n<!-- \/ Yoast SEO plugin. -->","yoast_head_json":{"title":"Research Center for Integrated Disaster Risk Management (CIGIDEN)","description":"Learn about the National Research Center for Integrated Natural Disaster Management (CIGIDEN)","robots":{"index":"index","follow":"follow","max-snippet":"max-snippet:-1","max-image-preview":"max-image-preview:large","max-video-preview":"max-video-preview:-1"},"canonical":"https:\/\/fadeu.urantiacos.cl\/en\/research\/research-center-for-integrated-disaster-risk-management-cigiden\/","og_locale":"en_US","og_type":"article","og_title":"Research Center for Integrated Disaster Risk Management (CIGIDEN)","og_description":"Learn about the National Research Center for Integrated Natural Disaster Management (CIGIDEN)","og_url":"https:\/\/fadeu.urantiacos.cl\/en\/research\/research-center-for-integrated-disaster-risk-management-cigiden\/","og_site_name":"Facultad de Arquitectura, Dise\u00f1o y Estudios Urbanos","article_modified_time":"2026-04-10T06:42:55+00:00","twitter_card":"summary_large_image","twitter_misc":{"Est. reading time":"1 minute"},"schema":{"@context":"https:\/\/schema.org","@graph":[{"@type":"WebPage","@id":"https:\/\/fadeu.urantiacos.cl\/en\/research\/research-center-for-integrated-disaster-risk-management-cigiden\/","url":"https:\/\/fadeu.urantiacos.cl\/en\/research\/research-center-for-integrated-disaster-risk-management-cigiden\/","name":"Research Center for Integrated Disaster Risk Management (CIGIDEN)","isPartOf":{"@id":"https:\/\/fadeu.urantiacos.cl\/en\/#website"},"datePublished":"2023-07-05T13:09:45+00:00","dateModified":"2026-04-10T06:42:55+00:00","description":"Learn about the National Research Center for Integrated Natural Disaster Management (CIGIDEN)","breadcrumb":{"@id":"https:\/\/fadeu.urantiacos.cl\/en\/research\/research-center-for-integrated-disaster-risk-management-cigiden\/#breadcrumb"},"inLanguage":"en-US","potentialAction":[{"@type":"ReadAction","target":["https:\/\/fadeu.urantiacos.cl\/en\/research\/research-center-for-integrated-disaster-risk-management-cigiden\/"]}]},{"@type":"BreadcrumbList","@id":"https:\/\/fadeu.urantiacos.cl\/en\/research\/research-center-for-integrated-disaster-risk-management-cigiden\/#breadcrumb","itemListElement":[{"@type":"ListItem","position":1,"name":"Portada","item":"https:\/\/fadeu.urantiacos.cl\/en\/home\/"},{"@type":"ListItem","position":2,"name":"Research","item":"https:\/\/fadeu.urantiacos.cl\/en\/research\/"},{"@type":"ListItem","position":3,"name":"Research Center for Integrated Disaster Risk Management (CIGIDEN)"}]},{"@type":"WebSite","@id":"https:\/\/fadeu.urantiacos.cl\/en\/#website","url":"https:\/\/fadeu.urantiacos.cl\/en\/","name":"Facultad de Arquitectura, Dise\u00f1o y Estudios Urbanos","description":"Campus Lo Contador","potentialAction":[{"@type":"SearchAction","target":{"@type":"EntryPoint","urlTemplate":"https:\/\/fadeu.urantiacos.cl\/en\/?s={search_term_string}"},"query-input":{"@type":"PropertyValueSpecification","valueRequired":true,"valueName":"search_term_string"}}],"inLanguage":"en-US"}]}},"_links":{"self":[{"href":"https:\/\/fadeu.urantiacos.cl\/en\/wp-json\/wp\/v2\/pages\/31805","targetHints":{"allow":["GET"]}}],"collection":[{"href":"https:\/\/fadeu.urantiacos.cl\/en\/wp-json\/wp\/v2\/pages"}],"about":[{"href":"https:\/\/fadeu.urantiacos.cl\/en\/wp-json\/wp\/v2\/types\/page"}],"author":[{"embeddable":true,"href":"https:\/\/fadeu.urantiacos.cl\/en\/wp-json\/wp\/v2\/users\/1"}],"replies":[{"embeddable":true,"href":"https:\/\/fadeu.urantiacos.cl\/en\/wp-json\/wp\/v2\/comments?post=31805"}],"version-history":[{"count":1,"href":"https:\/\/fadeu.urantiacos.cl\/en\/wp-json\/wp\/v2\/pages\/31805\/revisions"}],"predecessor-version":[{"id":31808,"href":"https:\/\/fadeu.urantiacos.cl\/en\/wp-json\/wp\/v2\/pages\/31805\/revisions\/31808"}],"up":[{"embeddable":true,"href":"https:\/\/fadeu.urantiacos.cl\/en\/wp-json\/wp\/v2\/pages\/32029"}],"wp:attachment":[{"href":"https:\/\/fadeu.urantiacos.cl\/en\/wp-json\/wp\/v2\/media?parent=31805"}],"curies":[{"name":"wp","href":"https:\/\/api.w.org\/{rel}","templated":true}]}}