{"id":31788,"date":"2023-08-03T18:12:49","date_gmt":"2023-08-03T21:12:49","guid":{"rendered":"https:\/\/fadeu.urantiacos.cl\/center-for-social-conflict-and-cohesion-studies-coes\/"},"modified":"2026-04-10T03:42:55","modified_gmt":"2026-04-10T06:42:55","slug":"center-for-social-conflict-and-cohesion-studies-coes","status":"publish","type":"page","link":"https:\/\/fadeu.urantiacos.cl\/en\/research\/center-for-social-conflict-and-cohesion-studies-coes\/","title":{"rendered":"Center for Social Conflict and Cohesion Studies (COES)"},"content":{"rendered":"\n<h1 class=\"wp-block-heading uc-title mb-60\">Centers and Initiatives<\/h1>\n<div class=\"uc-image-quote image-left mb-80\">\r\n  <div class=\"row align-items-center\">\r\n    <div class=\"col-md-6 order-first\">\r\n      <div class=\"uc-image-quote_image\">\r\n        <img decoding=\"async\" src=\"https:\/\/fadeu.urantiacos.cl\/wp-content\/uploads\/2023\/08\/COES-2020-700x350-1.jpeg\" alt=\"\" \/>\r\n      <\/div>\r\n    <\/div>\r\n    <div class=\"col-md-6\">\r\n      <div class=\"uc-card\">\r\n        <div class=\"uc-card_body--lg\">\r\n          <div class=\"mb-8\">\r\n            <img decoding=\"async\" src=\"https:\/\/fadeu.urantiacos.cl\/wp-content\/uploads\/2023\/08\/coes.png\" alt=\"\" \/>\r\n          <\/div>\r\n          <h2 class=\"uc-quote mb-16\">\r\n            Centro de Desarrollo Urbano Sostenible\r\n          <\/h2>\r\n          <p class=\"no-margin\">\r\n            El Centro de Estudios de Conflicto y Cohesi\u00f3n Social (COES) desarrolla investigaci\u00f3n colaborativa en temas relacionados al conflicto y la cohesi\u00f3n social en Chile, por medio de un equipo multidisciplinario de investigadoras e investigadores, provenientes de las ciencias sociales y humanidades. COES centra sus actividades acad\u00e9micas y de difusi\u00f3n en el an\u00e1lisis de las m\u00faltiples manifestaciones del conflicto social en Chile, sus causas, as\u00ed como tambi\u00e9n su contexto cultural e hist\u00f3rico. Posee cuatro l\u00edneas de investigaci\u00f3n: Dimensiones socioecon\u00f3micas del conflicto; Interacciones grupales e individuales; Conflicto pol\u00edtico y social; y Geograf\u00edas del conflicto y la cohesi\u00f3n. Adem\u00e1s, de cuatro agendas transversales de investigaci\u00f3n: migraci\u00f3n, g\u00e9nero, \u00e9lites y proceso constituyente.\r\n          <\/p>\r\n          <div class=\"text-right mt-32\">\r\n            <a href=\"https:\/\/coes.cl\/\" class=\"uc-btn btn-primary\" target=\"_blank\">\r\n              Ir al sitio de COES\r\n              <i class=\"uc-icon icon-shape--rounded\">\r\n                \r\n                 launch \r\n              <\/i>\r\n            <\/a>\r\n          <\/div>\r\n        <\/div>\r\n      <\/div>\r\n    <\/div>\r\n  <\/div>\r\n<\/div>\n<p>The Center for Social Conflict and Cohesion Studies (COES) develops collaborative research on topics related to conflict and social cohesion in Chile through a multidisciplinary team of researchers from the social sciences and humanities. COES focuses its academic and outreach activities on the analysis of the multiple manifestations of social conflict in Chile, its causes, as well as its cultural and historical context. It has four lines of research: Socioeconomic dimensions of conflict; Group and individual interactions; Political and social conflict; and Geographies of conflict and cohesion. In addition, it has four cross-cutting research agendas: migration, gender, elites, and the constitutional process.<\/p>\n\n<p><br\/>COES is funded by the ANID FONDAP program (ANID\/FONDAP 15130009), is sponsored by the University of Chile and the Pontificia Universidad Cat\u00f3lica de Chile, and has the Universidad Diego Portales and Universidad Adolfo Ib\u00e1\u00f1ez as partner institutions.<\/p>\n\n<hr class=\"uc-hr my-60\"\/>\n\n<h2 class=\"wp-block-heading mb-32\">Location<\/h2>\n\n<p> Location: Los Navegantes #1963, <br\/>Providencia, Santiago &#8211; Lo Contador Campus UC<\/p>\n\n<p>Web: <a rel=\"noreferrer noopener\" href=\"https:\/\/www.coes.cl\/\" target=\"_blank\">https:\/\/www.coes.cl\/<\/a><\/p>\n\n<h2 class=\"wp-block-heading my-32\">Contact<\/h2>\nNo se encontraron personas para este tipo de Area.","protected":false},"excerpt":{"rendered":"<p>Centers and Initiatives The Center for Social Conflict and Cohesion Studies (COES) develops collaborative research on topics related to conflict and social cohesion in Chile through a multidisciplinary team of researchers from the social sciences and humanities. COES focuses its academic and outreach activities on the analysis of the multiple manifestations of social conflict in [&hellip;]<\/p>\n","protected":false},"author":1,"featured_media":0,"parent":32029,"menu_order":6,"comment_status":"closed","ping_status":"closed","template":"","meta":{"_acf_changed":false,"footnotes":""},"class_list":["post-31788","page","type-page","status-publish","hentry"],"acf":[],"yoast_head":"<!-- This site is optimized with the Yoast SEO plugin v27.1.1 - https:\/\/yoast.com\/product\/yoast-seo-wordpress\/ -->\n<title>Center for Social Conflict and Cohesion Studies (COES)<\/title>\n<meta name=\"description\" content=\"Discover the Center for Social Conflict and Cohesion Studies (COES), where research is conducted on topics related to conflict and social cohesion in Chile.\" \/>\n<meta name=\"robots\" content=\"index, follow, max-snippet:-1, max-image-preview:large, max-video-preview:-1\" \/>\n<link rel=\"canonical\" href=\"https:\/\/fadeu.urantiacos.cl\/en\/research\/center-for-social-conflict-and-cohesion-studies-coes\/\" \/>\n<meta property=\"og:locale\" content=\"en_US\" \/>\n<meta property=\"og:type\" content=\"article\" \/>\n<meta property=\"og:title\" content=\"Center for Social Conflict and Cohesion Studies (COES)\" \/>\n<meta property=\"og:description\" content=\"Discover the Center for Social Conflict and Cohesion Studies (COES), where research is conducted on topics related to conflict and social cohesion in Chile.\" \/>\n<meta property=\"og:url\" content=\"https:\/\/fadeu.urantiacos.cl\/en\/research\/center-for-social-conflict-and-cohesion-studies-coes\/\" \/>\n<meta property=\"og:site_name\" content=\"Facultad de Arquitectura, Dise\u00f1o y Estudios Urbanos\" \/>\n<meta property=\"article:modified_time\" content=\"2026-04-10T06:42:55+00:00\" \/>\n<meta name=\"twitter:card\" content=\"summary_large_image\" \/>\n<meta name=\"twitter:label1\" content=\"Est. reading time\" \/>\n\t<meta name=\"twitter:data1\" content=\"1 minute\" \/>\n<script type=\"application\/ld+json\" class=\"yoast-schema-graph\">{\"@context\":\"https:\/\/schema.org\",\"@graph\":[{\"@type\":\"WebPage\",\"@id\":\"https:\/\/fadeu.urantiacos.cl\/en\/research\/center-for-social-conflict-and-cohesion-studies-coes\/\",\"url\":\"https:\/\/fadeu.urantiacos.cl\/en\/research\/center-for-social-conflict-and-cohesion-studies-coes\/\",\"name\":\"Center for Social Conflict and Cohesion Studies (COES)\",\"isPartOf\":{\"@id\":\"https:\/\/fadeu.urantiacos.cl\/en\/#website\"},\"datePublished\":\"2023-08-03T21:12:49+00:00\",\"dateModified\":\"2026-04-10T06:42:55+00:00\",\"description\":\"Discover the Center for Social Conflict and Cohesion Studies (COES), where research is conducted on topics related to conflict and social cohesion in Chile.\",\"breadcrumb\":{\"@id\":\"https:\/\/fadeu.urantiacos.cl\/en\/research\/center-for-social-conflict-and-cohesion-studies-coes\/#breadcrumb\"},\"inLanguage\":\"en-US\",\"potentialAction\":[{\"@type\":\"ReadAction\",\"target\":[\"https:\/\/fadeu.urantiacos.cl\/en\/research\/center-for-social-conflict-and-cohesion-studies-coes\/\"]}]},{\"@type\":\"BreadcrumbList\",\"@id\":\"https:\/\/fadeu.urantiacos.cl\/en\/research\/center-for-social-conflict-and-cohesion-studies-coes\/#breadcrumb\",\"itemListElement\":[{\"@type\":\"ListItem\",\"position\":1,\"name\":\"Portada\",\"item\":\"https:\/\/fadeu.urantiacos.cl\/en\/home\/\"},{\"@type\":\"ListItem\",\"position\":2,\"name\":\"Research\",\"item\":\"https:\/\/fadeu.urantiacos.cl\/en\/research\/\"},{\"@type\":\"ListItem\",\"position\":3,\"name\":\"Center for Social Conflict and Cohesion Studies (COES)\"}]},{\"@type\":\"WebSite\",\"@id\":\"https:\/\/fadeu.urantiacos.cl\/en\/#website\",\"url\":\"https:\/\/fadeu.urantiacos.cl\/en\/\",\"name\":\"Facultad de Arquitectura, Dise\u00f1o y Estudios Urbanos\",\"description\":\"Campus Lo Contador\",\"potentialAction\":[{\"@type\":\"SearchAction\",\"target\":{\"@type\":\"EntryPoint\",\"urlTemplate\":\"https:\/\/fadeu.urantiacos.cl\/en\/?s={search_term_string}\"},\"query-input\":{\"@type\":\"PropertyValueSpecification\",\"valueRequired\":true,\"valueName\":\"search_term_string\"}}],\"inLanguage\":\"en-US\"}]}<\/script>\n<!-- \/ Yoast SEO plugin. -->","yoast_head_json":{"title":"Center for Social Conflict and Cohesion Studies (COES)","description":"Discover the Center for Social Conflict and Cohesion Studies (COES), where research is conducted on topics related to conflict and social cohesion in Chile.","robots":{"index":"index","follow":"follow","max-snippet":"max-snippet:-1","max-image-preview":"max-image-preview:large","max-video-preview":"max-video-preview:-1"},"canonical":"https:\/\/fadeu.urantiacos.cl\/en\/research\/center-for-social-conflict-and-cohesion-studies-coes\/","og_locale":"en_US","og_type":"article","og_title":"Center for Social Conflict and Cohesion Studies (COES)","og_description":"Discover the Center for Social Conflict and Cohesion Studies (COES), where research is conducted on topics related to conflict and social cohesion in Chile.","og_url":"https:\/\/fadeu.urantiacos.cl\/en\/research\/center-for-social-conflict-and-cohesion-studies-coes\/","og_site_name":"Facultad de Arquitectura, Dise\u00f1o y Estudios Urbanos","article_modified_time":"2026-04-10T06:42:55+00:00","twitter_card":"summary_large_image","twitter_misc":{"Est. reading time":"1 minute"},"schema":{"@context":"https:\/\/schema.org","@graph":[{"@type":"WebPage","@id":"https:\/\/fadeu.urantiacos.cl\/en\/research\/center-for-social-conflict-and-cohesion-studies-coes\/","url":"https:\/\/fadeu.urantiacos.cl\/en\/research\/center-for-social-conflict-and-cohesion-studies-coes\/","name":"Center for Social Conflict and Cohesion Studies (COES)","isPartOf":{"@id":"https:\/\/fadeu.urantiacos.cl\/en\/#website"},"datePublished":"2023-08-03T21:12:49+00:00","dateModified":"2026-04-10T06:42:55+00:00","description":"Discover the Center for Social Conflict and Cohesion Studies (COES), where research is conducted on topics related to conflict and social cohesion in Chile.","breadcrumb":{"@id":"https:\/\/fadeu.urantiacos.cl\/en\/research\/center-for-social-conflict-and-cohesion-studies-coes\/#breadcrumb"},"inLanguage":"en-US","potentialAction":[{"@type":"ReadAction","target":["https:\/\/fadeu.urantiacos.cl\/en\/research\/center-for-social-conflict-and-cohesion-studies-coes\/"]}]},{"@type":"BreadcrumbList","@id":"https:\/\/fadeu.urantiacos.cl\/en\/research\/center-for-social-conflict-and-cohesion-studies-coes\/#breadcrumb","itemListElement":[{"@type":"ListItem","position":1,"name":"Portada","item":"https:\/\/fadeu.urantiacos.cl\/en\/home\/"},{"@type":"ListItem","position":2,"name":"Research","item":"https:\/\/fadeu.urantiacos.cl\/en\/research\/"},{"@type":"ListItem","position":3,"name":"Center for Social Conflict and Cohesion Studies (COES)"}]},{"@type":"WebSite","@id":"https:\/\/fadeu.urantiacos.cl\/en\/#website","url":"https:\/\/fadeu.urantiacos.cl\/en\/","name":"Facultad de Arquitectura, Dise\u00f1o y Estudios Urbanos","description":"Campus Lo Contador","potentialAction":[{"@type":"SearchAction","target":{"@type":"EntryPoint","urlTemplate":"https:\/\/fadeu.urantiacos.cl\/en\/?s={search_term_string}"},"query-input":{"@type":"PropertyValueSpecification","valueRequired":true,"valueName":"search_term_string"}}],"inLanguage":"en-US"}]}},"_links":{"self":[{"href":"https:\/\/fadeu.urantiacos.cl\/en\/wp-json\/wp\/v2\/pages\/31788","targetHints":{"allow":["GET"]}}],"collection":[{"href":"https:\/\/fadeu.urantiacos.cl\/en\/wp-json\/wp\/v2\/pages"}],"about":[{"href":"https:\/\/fadeu.urantiacos.cl\/en\/wp-json\/wp\/v2\/types\/page"}],"author":[{"embeddable":true,"href":"https:\/\/fadeu.urantiacos.cl\/en\/wp-json\/wp\/v2\/users\/1"}],"replies":[{"embeddable":true,"href":"https:\/\/fadeu.urantiacos.cl\/en\/wp-json\/wp\/v2\/comments?post=31788"}],"version-history":[{"count":2,"href":"https:\/\/fadeu.urantiacos.cl\/en\/wp-json\/wp\/v2\/pages\/31788\/revisions"}],"predecessor-version":[{"id":31800,"href":"https:\/\/fadeu.urantiacos.cl\/en\/wp-json\/wp\/v2\/pages\/31788\/revisions\/31800"}],"up":[{"embeddable":true,"href":"https:\/\/fadeu.urantiacos.cl\/en\/wp-json\/wp\/v2\/pages\/32029"}],"wp:attachment":[{"href":"https:\/\/fadeu.urantiacos.cl\/en\/wp-json\/wp\/v2\/media?parent=31788"}],"curies":[{"name":"wp","href":"https:\/\/api.w.org\/{rel}","templated":true}]}}