{"id":31786,"date":"2023-07-05T09:48:39","date_gmt":"2023-07-05T12:48:39","guid":{"rendered":"https:\/\/fadeu.urantiacos.cl\/uc-solar-protection-laboratory-lapso-uc\/"},"modified":"2026-04-10T03:42:55","modified_gmt":"2026-04-10T06:42:55","slug":"uc-solar-protection-laboratory-lapso-uc","status":"publish","type":"page","link":"https:\/\/fadeu.urantiacos.cl\/en\/research\/uc-solar-protection-laboratory-lapso-uc\/","title":{"rendered":"UC Solar Protection Laboratory (LAPSO UC)"},"content":{"rendered":"\n<h1 class=\"wp-block-heading uc-title mb-60\">Centers and Initiatives<\/h1>\n<div class=\"uc-image-quote image-left mb-80\">\r\n  <div class=\"row align-items-center\">\r\n    <div class=\"col-md-6 order-first\">\r\n      <div class=\"uc-image-quote_image\">\r\n        <img decoding=\"async\" src=\"https:\/\/fadeu.urantiacos.cl\/wp-content\/uploads\/2023\/05\/Laboratorio-de-Protecciones-Solares-UC-LAPSO-UC.jpg\" alt=\"Laboratorio de Protecciones Solares UC (LAPSO UC)\" \/>\r\n      <\/div>\r\n    <\/div>\r\n    <div class=\"col-md-6\">\r\n      <div class=\"uc-card\">\r\n        <div class=\"uc-card_body--lg\">\r\n          <h2 class=\"uc-quote mb-16\">\r\n            Laboratorio de Protecciones Solares UC (LAPSO UC)\r\n          <\/h2>\r\n          <p class=\"no-margin\">\r\n            El Laboratorio de Protecciones Solares (LAPSO) es una infraestructura dise\u00f1ada y construida por los investigadores del Grupo de Estudio de Arquitectura y Fachadas UC (GEAF UC) en contexto del proyecto FONDEF ID15I10425 \u201cFachada Variable\u201d. Su objetivo es medir y evaluar el desempe\u00f1o energ\u00e9tico y lum\u00ednico de prototipos de control solar, dise\u00f1ados para su aplicaci\u00f3n en fachadas de edificios.\r\n          <\/p>\r\n        <\/div>\r\n      <\/div>\r\n    <\/div>\r\n  <\/div>\r\n<\/div>\n<p>The laboratory consists of four chambers equipped with an instrumentation and data transmission system that measures the visual, lighting, and solar performance of static and dynamic fa\u00e7ade prototypes controlled through real-time monitored protocols. General data is transmitted online and can be viewed on the group&#8217;s website (www.fachadavariable.cl).<\/p>\n\n<p>The laboratory also features a weather station that enables monitoring of various environmental parameters. The station is equipped with all the sensors required to record the data needed for generating specific climate files for the city of Santiago.<\/p>\n\n<h2 class=\"wp-block-heading h3 mt-60 mb-40\">Contact<\/h2>\nNo se encontraron personas para este tipo de Area.","protected":false},"excerpt":{"rendered":"<p>Centers and Initiatives The laboratory consists of four chambers equipped with an instrumentation and data transmission system that measures the visual, lighting, and solar performance of static and dynamic fa\u00e7ade prototypes controlled through real-time monitored protocols. General data is transmitted online and can be viewed on the group&#8217;s website (www.fachadavariable.cl). The laboratory also features a [&hellip;]<\/p>\n","protected":false},"author":1,"featured_media":0,"parent":32029,"menu_order":0,"comment_status":"closed","ping_status":"closed","template":"","meta":{"_acf_changed":false,"footnotes":""},"class_list":["post-31786","page","type-page","status-publish","hentry"],"acf":[],"yoast_head":"<!-- This site is optimized with the Yoast SEO plugin v27.1.1 - https:\/\/yoast.com\/product\/yoast-seo-wordpress\/ -->\n<title>UC Solar Protection Laboratory (LAPSO UC)<\/title>\n<meta name=\"description\" content=\"Learn about the Solar Protection Laboratory (LAPSO), an infrastructure designed and built by researchers from the UC Architecture and Fa\u00e7ade Study Group (GEAF UC)\" \/>\n<meta name=\"robots\" content=\"index, follow, max-snippet:-1, max-image-preview:large, max-video-preview:-1\" \/>\n<link rel=\"canonical\" href=\"https:\/\/fadeu.urantiacos.cl\/en\/research\/uc-solar-protection-laboratory-lapso-uc\/\" \/>\n<meta property=\"og:locale\" content=\"en_US\" \/>\n<meta property=\"og:type\" content=\"article\" \/>\n<meta property=\"og:title\" content=\"UC Solar Protection Laboratory (LAPSO UC)\" \/>\n<meta property=\"og:description\" content=\"Learn about the Solar Protection Laboratory (LAPSO), an infrastructure designed and built by researchers from the UC Architecture and Fa\u00e7ade Study Group (GEAF UC)\" \/>\n<meta property=\"og:url\" content=\"https:\/\/fadeu.urantiacos.cl\/en\/research\/uc-solar-protection-laboratory-lapso-uc\/\" \/>\n<meta property=\"og:site_name\" content=\"Facultad de Arquitectura, Dise\u00f1o y Estudios Urbanos\" \/>\n<meta property=\"article:modified_time\" content=\"2026-04-10T06:42:55+00:00\" \/>\n<meta name=\"twitter:card\" content=\"summary_large_image\" \/>\n<script type=\"application\/ld+json\" class=\"yoast-schema-graph\">{\"@context\":\"https:\/\/schema.org\",\"@graph\":[{\"@type\":\"WebPage\",\"@id\":\"https:\/\/fadeu.urantiacos.cl\/en\/research\/uc-solar-protection-laboratory-lapso-uc\/\",\"url\":\"https:\/\/fadeu.urantiacos.cl\/en\/research\/uc-solar-protection-laboratory-lapso-uc\/\",\"name\":\"UC Solar Protection Laboratory (LAPSO UC)\",\"isPartOf\":{\"@id\":\"https:\/\/fadeu.urantiacos.cl\/en\/#website\"},\"datePublished\":\"2023-07-05T12:48:39+00:00\",\"dateModified\":\"2026-04-10T06:42:55+00:00\",\"description\":\"Learn about the Solar Protection Laboratory (LAPSO), an infrastructure designed and built by researchers from the UC Architecture and Fa\u00e7ade Study Group (GEAF UC)\",\"breadcrumb\":{\"@id\":\"https:\/\/fadeu.urantiacos.cl\/en\/research\/uc-solar-protection-laboratory-lapso-uc\/#breadcrumb\"},\"inLanguage\":\"en-US\",\"potentialAction\":[{\"@type\":\"ReadAction\",\"target\":[\"https:\/\/fadeu.urantiacos.cl\/en\/research\/uc-solar-protection-laboratory-lapso-uc\/\"]}]},{\"@type\":\"BreadcrumbList\",\"@id\":\"https:\/\/fadeu.urantiacos.cl\/en\/research\/uc-solar-protection-laboratory-lapso-uc\/#breadcrumb\",\"itemListElement\":[{\"@type\":\"ListItem\",\"position\":1,\"name\":\"Portada\",\"item\":\"https:\/\/fadeu.urantiacos.cl\/en\/home\/\"},{\"@type\":\"ListItem\",\"position\":2,\"name\":\"Research\",\"item\":\"https:\/\/fadeu.urantiacos.cl\/en\/research\/\"},{\"@type\":\"ListItem\",\"position\":3,\"name\":\"UC Solar Protection Laboratory (LAPSO UC)\"}]},{\"@type\":\"WebSite\",\"@id\":\"https:\/\/fadeu.urantiacos.cl\/en\/#website\",\"url\":\"https:\/\/fadeu.urantiacos.cl\/en\/\",\"name\":\"Facultad de Arquitectura, Dise\u00f1o y Estudios Urbanos\",\"description\":\"Campus Lo Contador\",\"potentialAction\":[{\"@type\":\"SearchAction\",\"target\":{\"@type\":\"EntryPoint\",\"urlTemplate\":\"https:\/\/fadeu.urantiacos.cl\/en\/?s={search_term_string}\"},\"query-input\":{\"@type\":\"PropertyValueSpecification\",\"valueRequired\":true,\"valueName\":\"search_term_string\"}}],\"inLanguage\":\"en-US\"}]}<\/script>\n<!-- \/ Yoast SEO plugin. -->","yoast_head_json":{"title":"UC Solar Protection Laboratory (LAPSO UC)","description":"Learn about the Solar Protection Laboratory (LAPSO), an infrastructure designed and built by researchers from the UC Architecture and Fa\u00e7ade Study Group (GEAF UC)","robots":{"index":"index","follow":"follow","max-snippet":"max-snippet:-1","max-image-preview":"max-image-preview:large","max-video-preview":"max-video-preview:-1"},"canonical":"https:\/\/fadeu.urantiacos.cl\/en\/research\/uc-solar-protection-laboratory-lapso-uc\/","og_locale":"en_US","og_type":"article","og_title":"UC Solar Protection Laboratory (LAPSO UC)","og_description":"Learn about the Solar Protection Laboratory (LAPSO), an infrastructure designed and built by researchers from the UC Architecture and Fa\u00e7ade Study Group (GEAF UC)","og_url":"https:\/\/fadeu.urantiacos.cl\/en\/research\/uc-solar-protection-laboratory-lapso-uc\/","og_site_name":"Facultad de Arquitectura, Dise\u00f1o y Estudios Urbanos","article_modified_time":"2026-04-10T06:42:55+00:00","twitter_card":"summary_large_image","schema":{"@context":"https:\/\/schema.org","@graph":[{"@type":"WebPage","@id":"https:\/\/fadeu.urantiacos.cl\/en\/research\/uc-solar-protection-laboratory-lapso-uc\/","url":"https:\/\/fadeu.urantiacos.cl\/en\/research\/uc-solar-protection-laboratory-lapso-uc\/","name":"UC Solar Protection Laboratory (LAPSO UC)","isPartOf":{"@id":"https:\/\/fadeu.urantiacos.cl\/en\/#website"},"datePublished":"2023-07-05T12:48:39+00:00","dateModified":"2026-04-10T06:42:55+00:00","description":"Learn about the Solar Protection Laboratory (LAPSO), an infrastructure designed and built by researchers from the UC Architecture and Fa\u00e7ade Study Group (GEAF UC)","breadcrumb":{"@id":"https:\/\/fadeu.urantiacos.cl\/en\/research\/uc-solar-protection-laboratory-lapso-uc\/#breadcrumb"},"inLanguage":"en-US","potentialAction":[{"@type":"ReadAction","target":["https:\/\/fadeu.urantiacos.cl\/en\/research\/uc-solar-protection-laboratory-lapso-uc\/"]}]},{"@type":"BreadcrumbList","@id":"https:\/\/fadeu.urantiacos.cl\/en\/research\/uc-solar-protection-laboratory-lapso-uc\/#breadcrumb","itemListElement":[{"@type":"ListItem","position":1,"name":"Portada","item":"https:\/\/fadeu.urantiacos.cl\/en\/home\/"},{"@type":"ListItem","position":2,"name":"Research","item":"https:\/\/fadeu.urantiacos.cl\/en\/research\/"},{"@type":"ListItem","position":3,"name":"UC Solar Protection Laboratory (LAPSO UC)"}]},{"@type":"WebSite","@id":"https:\/\/fadeu.urantiacos.cl\/en\/#website","url":"https:\/\/fadeu.urantiacos.cl\/en\/","name":"Facultad de Arquitectura, Dise\u00f1o y Estudios Urbanos","description":"Campus Lo Contador","potentialAction":[{"@type":"SearchAction","target":{"@type":"EntryPoint","urlTemplate":"https:\/\/fadeu.urantiacos.cl\/en\/?s={search_term_string}"},"query-input":{"@type":"PropertyValueSpecification","valueRequired":true,"valueName":"search_term_string"}}],"inLanguage":"en-US"}]}},"_links":{"self":[{"href":"https:\/\/fadeu.urantiacos.cl\/en\/wp-json\/wp\/v2\/pages\/31786","targetHints":{"allow":["GET"]}}],"collection":[{"href":"https:\/\/fadeu.urantiacos.cl\/en\/wp-json\/wp\/v2\/pages"}],"about":[{"href":"https:\/\/fadeu.urantiacos.cl\/en\/wp-json\/wp\/v2\/types\/page"}],"author":[{"embeddable":true,"href":"https:\/\/fadeu.urantiacos.cl\/en\/wp-json\/wp\/v2\/users\/1"}],"replies":[{"embeddable":true,"href":"https:\/\/fadeu.urantiacos.cl\/en\/wp-json\/wp\/v2\/comments?post=31786"}],"version-history":[{"count":1,"href":"https:\/\/fadeu.urantiacos.cl\/en\/wp-json\/wp\/v2\/pages\/31786\/revisions"}],"predecessor-version":[{"id":31787,"href":"https:\/\/fadeu.urantiacos.cl\/en\/wp-json\/wp\/v2\/pages\/31786\/revisions\/31787"}],"up":[{"embeddable":true,"href":"https:\/\/fadeu.urantiacos.cl\/en\/wp-json\/wp\/v2\/pages\/32029"}],"wp:attachment":[{"href":"https:\/\/fadeu.urantiacos.cl\/en\/wp-json\/wp\/v2\/media?parent=31786"}],"curies":[{"name":"wp","href":"https:\/\/api.w.org\/{rel}","templated":true}]}}